{"id":5466,"date":"2015-09-18T09:48:28","date_gmt":"2015-09-18T07:48:28","guid":{"rendered":"https:\/\/www.lepantomarine.it\/home\/"},"modified":"2024-03-21T11:52:48","modified_gmt":"2024-03-21T10:52:48","slug":"home","status":"publish","type":"page","link":"https:\/\/www.lepantomarine.it\/nl\/","title":{"rendered":"Home"},"content":{"rendered":"<div class=\"wpb-content-wrapper\"><p>[vc_row full_width=&#8221;stretch_row&#8221; css=&#8221;.vc_custom_1711018336329{margin-top: -40px !important;margin-bottom: 0px !important;}&#8221;][vc_column][rev_slider_vc alias=&#8221;home-noleggio-olandese&#8221;][\/vc_column][\/vc_row][vc_row full_width=&#8221;stretch_row&#8221; css=&#8221;.vc_custom_1452940382308{margin-bottom: 0px !important;padding-top: 51px !important;padding-bottom: 40px !important;background-image: url(https:\/\/www.lepantomarine.it\/wp-content\/uploads\/2015\/09\/special_bg.png?id=1349) !important;background-position: 0 0 !important;background-repeat: repeat !important;}&#8221;][vc_column][stm_special_offers title=&#8221;ONTDEK DE SCHOONHEID VAN HET GARDAMEER EN HUUR EEN BOOT. U KUNT VAREN TOT EEN MAXIMUM VAN 40 PK ZONDER VAARBEWIJS.&#8221;][\/vc_column][\/vc_row][vc_row stm_fullwidth=&#8221;yes&#8221; blackout_opacity=&#8221;20&#8243; css=&#8221;.vc_custom_1518479095565{margin-bottom: 0px !important;padding-top: 137px !important;padding-bottom: 113px !important;background-image: url(https:\/\/www.lepantomarine.it\/wp-content\/uploads\/2018\/02\/lago-garda.jpg?id=1865) !important;}&#8221; el_class=&#8221;stm-icon-box-adaptive-style-one&#8221;][vc_column offset=&#8221;vc_col-lg-6&#8243; css=&#8221;.vc_custom_1448967644598{margin-bottom: 30px !important;}&#8221;][stm_icon_box style_layout=&#8221;boats&#8221; icon=&#8221;stm-service-icon-sales_hours&#8221; icon_size=&#8221;54&#8243; box_bg_color=&#8221;#fab637&#8243; box_text_color=&#8221;#232628&#8243; link=&#8221;url:https%3A%2F%2Fwww.rentbooking.it|title:Rent%20Boat%20Lake%20Garda||&#8221; title=&#8221;Verhuur zonder bootlicentie&#8221; line_height=&#8221;17&#8243; icon_color=&#8221;#232628&#8243;]<span style=\"color: #ffffff;\">Rent a boat to discover the beauty of Lake Garda. You can drive a boat up to 40 hp WITHOUT BOAT LICENSE.<\/span>[\/stm_icon_box][\/vc_column][vc_column offset=&#8221;vc_col-lg-6&#8243; css=&#8221;.vc_custom_1448967649806{margin-bottom: 30px !important;}&#8221;][stm_icon_box icon=&#8221;stm-icon-load2&#8243; title=&#8221;Vermietung mit Bootsf\u00fchrerschein&#8221; box_bg_color=&#8221;#ff4848&#8243; line_height=&#8221;17&#8243; icon_color=&#8221;#232628&#8243; link=&#8221;url:https%3A%2F%2Fwww.rentbooking.it|title:Rent%20Boat%20Lake%20Garda||&#8221;]<span style=\"color: #ffffff;\">Rent a boat to discover the beauty of Lake Garda. You can drive a boat with a boat license.<\/span>[\/stm_icon_box][\/vc_column][\/vc_row][vc_row full_width=&#8221;stretch_row&#8221; css=&#8221;.vc_custom_1448968797570{margin-bottom: 0px !important;padding-top: 51px !important;padding-bottom: 62px !important;background-color: #f0f2f5 !important;}&#8221; el_class=&#8221;stm-adaptive-tablet-margins&#8221;][vc_column][vc_row_inner css=&#8221;.vc_custom_1448532576588{margin-bottom: 0px !important;}&#8221;][vc_column_inner][vc_custom_heading text=&#8221;Ontdek de schoonheid van het Gardameer en huur een boot.&#8221; font_container=&#8221;tag:h2|text_align:center&#8221; use_theme_fonts=&#8221;yes&#8221; css=&#8221;.vc_custom_1521006379215{margin-bottom: 23px !important;}&#8221;][\/vc_column_inner][\/vc_row_inner][vc_row_inner css=&#8221;.vc_custom_1448532584673{margin-bottom: 54px !important;}&#8221;][vc_column_inner][stm_color_separator color=&#8221;#cc6119&#8243;][\/vc_column_inner][\/vc_row_inner][stm_icon_box style_layout=&#8221;boats&#8221; bottom_triangle=&#8221;true&#8221; css=&#8221;.vc_custom_1521006141977{padding-top: 65px !important;padding-right: 80px !important;padding-bottom: 56px !important;padding-left: 63px !important;}&#8221; link=&#8221;url:https%3A%2F%2Fwww.rentbooking.it||target:%20_blank|&#8221;]Ontdek de schoonheid van het Gardameer en huur een boot. U kunt varen tot een maximum van 40 PK ZONDER VAARBEWIJS.<br \/>\nMooie boten, nieuw of zo goed als nieuw, speciaal ontworpen voor verhuur met 4-takt motoren voor voldoende vermogen, betrouwbaarheid, stilte, laag brandstofverbruik en milieuvriendelijk. De ideale keuze om van uw dagen op het water te genieten!<br \/>\nExclusief nieuws voor 2018: alle boten zijn uitgerust met Tablet\/GPS 10, SmartCraft SC1000 en de nieuwe Active Trim Mercury; 6 nieuwe Bayliner, Sea Ray en Rand modellen; Alle buitenboordmotoren zijn model 2017\/18.<br \/>\nAl onze boten zijn uitgerust met een zonnescherm en stereo met AUX \/ USB-ingang en 12V socket. Neem uw zonnecr\u00e8me en muziek mee.<br \/>\nHet gebruik van de boot wordt duidelijk aan u uitgelegd voor vertrek. Alle boten zijn uitgerust met de wettelijk verplichte reddingsmiddelen landvasten, anker, stootblokken, schippershaak, enzovoort.<br \/>\nOnze boten zijn altijd verkrijgbaar als u op tijd reserveert (planning en personeelsbezetting toelatend). We raden u aan om 24-48 uur, of zelfs meer, van tevoren te reserveren voor verhuur in het weekend en in het hoogseizoen (Juli en Augustus). Boek online op <a href=\"https:\/\/www.rentbooking.it\">https:\/\/www.rentbooking.it<\/a>[\/stm_icon_box][\/vc_column][\/vc_row][vc_row image_size=&#8221;200&#215;100&#8243; image=&#8221;1966,1972,1975,1978,1981,1984,1987,1990,1993,1996&#8243; number_to_show=&#8221;&#8221;][vc_column][stm_our_partners image_size=&#8221;200&#215;100&#8243; image=&#8221;1966,1972,1975,1978,1981,1984,1987,1990,1993,1996&#8243;][\/vc_column][\/vc_row][vc_row][vc_column width=&#8221;1\/4&#8243;][vc_column_text]<\/p>\n<div id=\"TA_selfserveprop176\" class=\"TA_selfserveprop\">\n<ul id=\"wyut4bkT\" class=\"TA_links p06dimvL\">\n<li id=\"ow6jUHlXMp\" class=\"eZimbtsY6\"><a href=\"https:\/\/www.tripadvisor.it\/Attraction_Review-g635642-d10210036-Reviews-Lepanto_Marine-Peschiera_del_Garda_Province_of_Verona_Veneto.html\" target=\"_blank\" rel=\"noopener\"><img decoding=\"async\" src=\"https:\/\/www.tripadvisor.it\/img\/cdsi\/img2\/branding\/v2\/Tripadvisor_lockup_horizontal_secondary_registered-11900-2.svg\" alt=\"TripAdvisor\" \/><\/a><\/li>\n<\/ul>\n<\/div>\n<p><script async src=\"https:\/\/www.jscache.com\/wejs?wtype=selfserveprop&amp;uniq=176&amp;locationId=10210036&amp;lang=it&amp;rating=true&amp;nreviews=5&amp;writereviewlink=true&amp;popIdx=true&amp;iswide=false&amp;border=true&amp;display_version=2\" data-loadtrk onload=\"this.loadtrk=true\"><\/script>[\/vc_column_text][\/vc_column][vc_column width=&#8221;3\/4&#8243;][vc_column_text]<div class=\"ti-widget ti-goog\" data-layout-id=\"4\" data-set-id=\"light-background\" data-pid=\"\" data-pager-autoplay-timeout=\"6\" data-review-target-width=\"300\" data-language=\"it\" > <div class=\"ti-widget-container ti-col-3\"> <div class=\"ti-reviews-container\"> <div class=\"ti-controls\"> <div class=\"ti-next\"><\/div> <div class=\"ti-prev\"><\/div> <\/div> <div class=\"ti-reviews-container-wrapper\">  <div data-empty=\"0\" class=\"ti-review-item source-Google\" > <div class=\"ti-inner\"> <div class=\"ti-review-header\"> <div class=\"ti-profile-img\"> <img decoding=\"async\" src=\"https:\/\/lh3.googleusercontent.com\/a\/ACg8ocLJeQmqByuqHhRJ4mr1dureFd4DSgX7pcKSbGKPtxd0=s120-c-rp-mo-ba3-br100\" alt=\"Guido Schlimbach\" \/> <\/div> <div class=\"ti-profile-details\"> <div class=\"ti-name\"> Guido Schlimbach <\/div> <div class=\"ti-date\">2023-06-28<\/div> <\/div> <\/div> <span class=\"ti-stars\"><span class=\"ti-star f\"><\/span><span class=\"ti-star f\"><\/span><span class=\"ti-star f\"><\/span><span class=\"ti-star f\"><\/span><span class=\"ti-star f\"><\/span><\/span> <div class=\"ti-review-text-container ti-review-content\"><!-- R-CONTENT -->Direkt das passende \u00d6l f\u00fcr meinen Mercruiser 898 Motor zur Hand, Danke daf\u00fcr!<!-- R-CONTENT --><\/div> <span class=\"ti-read-more\" data-container=\".ti-review-content\" data-collapse-text=\"Nascondere\" data-open-text=\"Leggi di pi\u00f9\" ><\/span> <\/div> <\/div>  <div data-empty=\"0\" class=\"ti-review-item source-Google\" > <div class=\"ti-inner\"> <div class=\"ti-review-header\"> <div class=\"ti-profile-img\"> <img decoding=\"async\" src=\"https:\/\/lh3.googleusercontent.com\/a\/ACg8ocKx_dM9DJ1vkotJ1cbHIeM_TL3QMgkxNZuTFCXbGSTtqw=s120-c-rp-mo-ba4-br100\" alt=\"Andrea Placani\" \/> <\/div> <div class=\"ti-profile-details\"> <div class=\"ti-name\"> Andrea Placani <\/div> <div class=\"ti-date\">2022-11-16<\/div> <\/div> <\/div> <span class=\"ti-stars\"><span class=\"ti-star f\"><\/span><span class=\"ti-star f\"><\/span><span class=\"ti-star f\"><\/span><span class=\"ti-star f\"><\/span><span class=\"ti-star f\"><\/span><\/span> <div class=\"ti-review-text-container ti-review-content\"><!-- R-CONTENT -->Molto gentili, disponibili e professionali. Non posso che parlarne benissimo!!!<!-- R-CONTENT --><\/div> <span class=\"ti-read-more\" data-container=\".ti-review-content\" data-collapse-text=\"Nascondere\" data-open-text=\"Leggi di pi\u00f9\" ><\/span> <\/div> <\/div>  <div data-empty=\"0\" class=\"ti-review-item source-Google\" > <div class=\"ti-inner\"> <div class=\"ti-review-header\"> <div class=\"ti-profile-img\"> <img decoding=\"async\" src=\"https:\/\/lh3.googleusercontent.com\/a\/ACg8ocKowWSB__JqmsSh2o4e3Zpw8A3jrYx8uWkPaMBUo4NM=s120-c-rp-mo-br100\" alt=\"Riccardo Rizzi\" \/> <\/div> <div class=\"ti-profile-details\"> <div class=\"ti-name\"> Riccardo Rizzi <\/div> <div class=\"ti-date\">2022-11-04<\/div> <\/div> <\/div> <span class=\"ti-stars\"><span class=\"ti-star f\"><\/span><span class=\"ti-star f\"><\/span><span class=\"ti-star f\"><\/span><span class=\"ti-star f\"><\/span><span class=\"ti-star f\"><\/span><\/span> <div class=\"ti-review-text-container ti-review-content\"><!-- R-CONTENT -->Lavori eseguiti perfettamente, disponibilit\u00e0 e professionalit\u00e0 prima di tutto, bravi!<!-- R-CONTENT --><\/div> <span class=\"ti-read-more\" data-container=\".ti-review-content\" data-collapse-text=\"Nascondere\" data-open-text=\"Leggi di pi\u00f9\" ><\/span> <\/div> <\/div>  <div data-empty=\"0\" class=\"ti-review-item source-Google\" > <div class=\"ti-inner\"> <div class=\"ti-review-header\"> <div class=\"ti-profile-img\"> <img decoding=\"async\" src=\"https:\/\/lh3.googleusercontent.com\/a-\/ALV-UjWZajhq8s7ptvxzDzIzIb5SXzgXMcTsvrvtNCSkR7_4lKM=s120-c-rp-mo-ba4-br100\" alt=\"Alessandro\" \/> <\/div> <div class=\"ti-profile-details\"> <div class=\"ti-name\"> Alessandro <\/div> <div class=\"ti-date\">2022-04-05<\/div> <\/div> <\/div> <span class=\"ti-stars\"><span class=\"ti-star f\"><\/span><span class=\"ti-star f\"><\/span><span class=\"ti-star f\"><\/span><span class=\"ti-star f\"><\/span><span class=\"ti-star f\"><\/span><\/span> <div class=\"ti-review-text-container ti-review-content\"><!-- R-CONTENT -->Negozio di materiali per la nautica ben fornito e efficienti nella consegna, un ordine telefonico fatto al venerd\u00ec \u00e8 stato evaso il luned\u00ec mattina seguente, ottimo! Personale competente che d\u00e0 consigli sulle applicazioni. Sicuramente merita considerazione per gli acquisti.<!-- R-CONTENT --><\/div> <span class=\"ti-read-more\" data-container=\".ti-review-content\" data-collapse-text=\"Nascondere\" data-open-text=\"Leggi di pi\u00f9\" ><\/span> <\/div> <\/div>  <\/div> <div class=\"ti-controls-line\"> <div class=\"dot\"><\/div> <\/div> <\/div> <div class=\"ti-footer\"> <div class=\"ti-rating-text\"> <span class=\"nowrap\">Valutazione complessiva <strong>Google<\/strong> <\/span><span class=\"nowrap\"><strong>4.7<\/strong> su 5, <\/span><span class=\"nowrap\">in base a <strong>39 recensioni<\/strong><\/span> <\/div> <\/div>  <\/div> <\/div>[\/vc_column_text][\/vc_column][\/vc_row]<\/p>\n<\/div>","protected":false},"excerpt":{"rendered":"<p>[vc_row full_width=&#8221;stretch_row&#8221; css=&#8221;.vc_custom_1711018336329{margin-top: -40px !important;margin-bottom: 0px !important;}&#8221;][vc_column][rev_slider_vc alias=&#8221;home-noleggio-olandese&#8221;][\/vc_column][\/vc_row][vc_row full_width=&#8221;stretch_row&#8221; css=&#8221;.vc_custom_1452940382308{margin-bottom: 0px !important;padding-top: 51px !important;padding-bottom: 40px !important;background-image: url(https:\/\/www.lepantomarine.it\/wp-content\/uploads\/2015\/09\/special_bg.png?id=1349) !important;background-position: 0 0 !important;background-repeat: repeat !important;}&#8221;][vc_column][stm_special_offers title=&#8221;ONTDEK DE SCHOONHEID VAN HET GARDAMEER EN HUUR EEN BOOT. U KUNT VAREN TOT EEN MAXIMUM VAN 40 PK ZONDER VAARBEWIJS.&#8221;][\/vc_column][\/vc_row][vc_row stm_fullwidth=&#8221;yes&#8221; blackout_opacity=&#8221;20&#8243; css=&#8221;.vc_custom_1518479095565{margin-bottom: 0px !important;padding-top: 137px !important;padding-bottom: 113px !important;background-image: url(https:\/\/www.lepantomarine.it\/wp-content\/uploads\/2018\/02\/lago-garda.jpg?id=1865) !important;}&#8221;&#8230;<\/p>\n","protected":false},"author":1,"featured_media":0,"parent":0,"menu_order":0,"comment_status":"closed","ping_status":"closed","template":"","meta":{"footnotes":""},"class_list":["post-5466","page","type-page","status-publish","hentry"],"yoast_head":"<!-- This site is optimized with the Yoast SEO plugin v22.3 - https:\/\/yoast.com\/wordpress\/plugins\/seo\/ -->\n<title>Bootverhuur Gardameer Italy - Lepanto Marine<\/title>\n<meta name=\"description\" content=\"Mooie boten, nieuw of zo goed als nieuw, speciaal ontworpen voor verhuur met 4-takt motoren voor voldoende vermogen, betrouwbaarheid, stilte, laag brandstofverbruik en milieuvriendelijk. De ideale keuze om van uw dagen op het water te genieten!\" \/>\n<meta name=\"robots\" content=\"index, follow, max-snippet:-1, max-image-preview:large, max-video-preview:-1\" \/>\n<link rel=\"canonical\" href=\"https:\/\/www.lepantomarine.it\/nl\/\" \/>\n<meta property=\"og:locale\" content=\"nl_NL\" \/>\n<meta property=\"og:type\" content=\"article\" \/>\n<meta property=\"og:title\" content=\"Bootverhuur Gardameer Italy - Lepanto Marine\" \/>\n<meta property=\"og:description\" content=\"Mooie boten, nieuw of zo goed als nieuw, speciaal ontworpen voor verhuur met 4-takt motoren voor voldoende vermogen, betrouwbaarheid, stilte, laag brandstofverbruik en milieuvriendelijk. De ideale keuze om van uw dagen op het water te genieten!\" \/>\n<meta property=\"og:url\" content=\"https:\/\/www.lepantomarine.it\/nl\/\" \/>\n<meta property=\"og:site_name\" content=\"Lepanto Marine\" \/>\n<meta property=\"article:modified_time\" content=\"2024-03-21T10:52:48+00:00\" \/>\n<meta property=\"og:image\" content=\"https:\/\/www.tripadvisor.it\/img\/cdsi\/img2\/branding\/v2\/Tripadvisor_lockup_horizontal_secondary_registered-11900-2.svg\" \/>\n<meta name=\"twitter:card\" content=\"summary_large_image\" \/>\n<meta name=\"twitter:label1\" content=\"Geschatte leestijd\" \/>\n\t<meta name=\"twitter:data1\" content=\"3 minuten\" \/>\n<script type=\"application\/ld+json\" class=\"yoast-schema-graph\">{\"@context\":\"https:\/\/schema.org\",\"@graph\":[{\"@type\":\"WebPage\",\"@id\":\"https:\/\/www.lepantomarine.it\/nl\/\",\"url\":\"https:\/\/www.lepantomarine.it\/nl\/\",\"name\":\"Bootverhuur Gardameer Italy - Lepanto Marine\",\"isPartOf\":{\"@id\":\"https:\/\/www.lepantomarine.it\/en\/#website\"},\"primaryImageOfPage\":{\"@id\":\"https:\/\/www.lepantomarine.it\/nl\/#primaryimage\"},\"image\":{\"@id\":\"https:\/\/www.lepantomarine.it\/nl\/#primaryimage\"},\"thumbnailUrl\":\"https:\/\/www.tripadvisor.it\/img\/cdsi\/img2\/branding\/v2\/Tripadvisor_lockup_horizontal_secondary_registered-11900-2.svg\",\"datePublished\":\"2015-09-18T07:48:28+00:00\",\"dateModified\":\"2024-03-21T10:52:48+00:00\",\"description\":\"Mooie boten, nieuw of zo goed als nieuw, speciaal ontworpen voor verhuur met 4-takt motoren voor voldoende vermogen, betrouwbaarheid, stilte, laag brandstofverbruik en milieuvriendelijk. De ideale keuze om van uw dagen op het water te genieten!\",\"breadcrumb\":{\"@id\":\"https:\/\/www.lepantomarine.it\/nl\/#breadcrumb\"},\"inLanguage\":\"nl-NL\",\"potentialAction\":[{\"@type\":\"ReadAction\",\"target\":[\"https:\/\/www.lepantomarine.it\/nl\/\"]}]},{\"@type\":\"ImageObject\",\"inLanguage\":\"nl-NL\",\"@id\":\"https:\/\/www.lepantomarine.it\/nl\/#primaryimage\",\"url\":\"https:\/\/www.tripadvisor.it\/img\/cdsi\/img2\/branding\/v2\/Tripadvisor_lockup_horizontal_secondary_registered-11900-2.svg\",\"contentUrl\":\"https:\/\/www.tripadvisor.it\/img\/cdsi\/img2\/branding\/v2\/Tripadvisor_lockup_horizontal_secondary_registered-11900-2.svg\"},{\"@type\":\"BreadcrumbList\",\"@id\":\"https:\/\/www.lepantomarine.it\/nl\/#breadcrumb\",\"itemListElement\":[{\"@type\":\"ListItem\",\"position\":1,\"name\":\"Home\",\"item\":\"https:\/\/www.lepantomarine.it\/nl\/\"},{\"@type\":\"ListItem\",\"position\":2,\"name\":\"Home\"}]},{\"@type\":\"WebSite\",\"@id\":\"https:\/\/www.lepantomarine.it\/en\/#website\",\"url\":\"https:\/\/www.lepantomarine.it\/en\/\",\"name\":\"Lepanto Marine\",\"description\":\"\",\"potentialAction\":[{\"@type\":\"SearchAction\",\"target\":{\"@type\":\"EntryPoint\",\"urlTemplate\":\"https:\/\/www.lepantomarine.it\/en\/?s={search_term_string}\"},\"query-input\":\"required name=search_term_string\"}],\"inLanguage\":\"nl-NL\"}]}<\/script>\n<!-- \/ Yoast SEO plugin. -->","yoast_head_json":{"title":"Bootverhuur Gardameer Italy - Lepanto Marine","description":"Mooie boten, nieuw of zo goed als nieuw, speciaal ontworpen voor verhuur met 4-takt motoren voor voldoende vermogen, betrouwbaarheid, stilte, laag brandstofverbruik en milieuvriendelijk. De ideale keuze om van uw dagen op het water te genieten!","robots":{"index":"index","follow":"follow","max-snippet":"max-snippet:-1","max-image-preview":"max-image-preview:large","max-video-preview":"max-video-preview:-1"},"canonical":"https:\/\/www.lepantomarine.it\/nl\/","og_locale":"nl_NL","og_type":"article","og_title":"Bootverhuur Gardameer Italy - Lepanto Marine","og_description":"Mooie boten, nieuw of zo goed als nieuw, speciaal ontworpen voor verhuur met 4-takt motoren voor voldoende vermogen, betrouwbaarheid, stilte, laag brandstofverbruik en milieuvriendelijk. De ideale keuze om van uw dagen op het water te genieten!","og_url":"https:\/\/www.lepantomarine.it\/nl\/","og_site_name":"Lepanto Marine","article_modified_time":"2024-03-21T10:52:48+00:00","og_image":[{"url":"https:\/\/www.tripadvisor.it\/img\/cdsi\/img2\/branding\/v2\/Tripadvisor_lockup_horizontal_secondary_registered-11900-2.svg"}],"twitter_card":"summary_large_image","twitter_misc":{"Geschatte leestijd":"3 minuten"},"schema":{"@context":"https:\/\/schema.org","@graph":[{"@type":"WebPage","@id":"https:\/\/www.lepantomarine.it\/nl\/","url":"https:\/\/www.lepantomarine.it\/nl\/","name":"Bootverhuur Gardameer Italy - Lepanto Marine","isPartOf":{"@id":"https:\/\/www.lepantomarine.it\/en\/#website"},"primaryImageOfPage":{"@id":"https:\/\/www.lepantomarine.it\/nl\/#primaryimage"},"image":{"@id":"https:\/\/www.lepantomarine.it\/nl\/#primaryimage"},"thumbnailUrl":"https:\/\/www.tripadvisor.it\/img\/cdsi\/img2\/branding\/v2\/Tripadvisor_lockup_horizontal_secondary_registered-11900-2.svg","datePublished":"2015-09-18T07:48:28+00:00","dateModified":"2024-03-21T10:52:48+00:00","description":"Mooie boten, nieuw of zo goed als nieuw, speciaal ontworpen voor verhuur met 4-takt motoren voor voldoende vermogen, betrouwbaarheid, stilte, laag brandstofverbruik en milieuvriendelijk. De ideale keuze om van uw dagen op het water te genieten!","breadcrumb":{"@id":"https:\/\/www.lepantomarine.it\/nl\/#breadcrumb"},"inLanguage":"nl-NL","potentialAction":[{"@type":"ReadAction","target":["https:\/\/www.lepantomarine.it\/nl\/"]}]},{"@type":"ImageObject","inLanguage":"nl-NL","@id":"https:\/\/www.lepantomarine.it\/nl\/#primaryimage","url":"https:\/\/www.tripadvisor.it\/img\/cdsi\/img2\/branding\/v2\/Tripadvisor_lockup_horizontal_secondary_registered-11900-2.svg","contentUrl":"https:\/\/www.tripadvisor.it\/img\/cdsi\/img2\/branding\/v2\/Tripadvisor_lockup_horizontal_secondary_registered-11900-2.svg"},{"@type":"BreadcrumbList","@id":"https:\/\/www.lepantomarine.it\/nl\/#breadcrumb","itemListElement":[{"@type":"ListItem","position":1,"name":"Home","item":"https:\/\/www.lepantomarine.it\/nl\/"},{"@type":"ListItem","position":2,"name":"Home"}]},{"@type":"WebSite","@id":"https:\/\/www.lepantomarine.it\/en\/#website","url":"https:\/\/www.lepantomarine.it\/en\/","name":"Lepanto Marine","description":"","potentialAction":[{"@type":"SearchAction","target":{"@type":"EntryPoint","urlTemplate":"https:\/\/www.lepantomarine.it\/en\/?s={search_term_string}"},"query-input":"required name=search_term_string"}],"inLanguage":"nl-NL"}]}},"_links":{"self":[{"href":"https:\/\/www.lepantomarine.it\/nl\/wp-json\/wp\/v2\/pages\/5466","targetHints":{"allow":["GET"]}}],"collection":[{"href":"https:\/\/www.lepantomarine.it\/nl\/wp-json\/wp\/v2\/pages"}],"about":[{"href":"https:\/\/www.lepantomarine.it\/nl\/wp-json\/wp\/v2\/types\/page"}],"author":[{"embeddable":true,"href":"https:\/\/www.lepantomarine.it\/nl\/wp-json\/wp\/v2\/users\/1"}],"replies":[{"embeddable":true,"href":"https:\/\/www.lepantomarine.it\/nl\/wp-json\/wp\/v2\/comments?post=5466"}],"version-history":[{"count":15,"href":"https:\/\/www.lepantomarine.it\/nl\/wp-json\/wp\/v2\/pages\/5466\/revisions"}],"predecessor-version":[{"id":20577,"href":"https:\/\/www.lepantomarine.it\/nl\/wp-json\/wp\/v2\/pages\/5466\/revisions\/20577"}],"wp:attachment":[{"href":"https:\/\/www.lepantomarine.it\/nl\/wp-json\/wp\/v2\/media?parent=5466"}],"curies":[{"name":"wp","href":"https:\/\/api.w.org\/{rel}","templated":true}]}}