{"id":5468,"date":"2015-09-18T09:48:28","date_gmt":"2015-09-18T07:48:28","guid":{"rendered":"https:\/\/www.lepantomarine.it\/home\/"},"modified":"2024-03-21T11:53:58","modified_gmt":"2024-03-21T10:53:58","slug":"home","status":"publish","type":"page","link":"https:\/\/www.lepantomarine.it\/fr\/","title":{"rendered":"Home"},"content":{"rendered":"<div class=\"wpb-content-wrapper\"><p>[vc_row full_width=&#8221;stretch_row&#8221; css=&#8221;.vc_custom_1711018420544{margin-top: -40px !important;margin-bottom: 0px !important;}&#8221;][vc_column][rev_slider_vc alias=&#8221;home-noleggio-francese&#8221;][\/vc_column][\/vc_row][vc_row full_width=&#8221;stretch_row&#8221; css=&#8221;.vc_custom_1452940382308{margin-bottom: 0px !important;padding-top: 51px !important;padding-bottom: 40px !important;background-image: url(https:\/\/www.lepantomarine.it\/wp-content\/uploads\/2015\/09\/special_bg.png?id=1349) !important;background-position: 0 0 !important;background-repeat: repeat !important;}&#8221;][vc_column][stm_special_offers title=&#8221;D\u00e9couvrez la beaut\u00e9 du Lac de Garde.&#8221;][\/vc_column][\/vc_row][vc_row stm_fullwidth=&#8221;yes&#8221; blackout_opacity=&#8221;20&#8243; css=&#8221;.vc_custom_1518479095565{margin-bottom: 0px !important;padding-top: 137px !important;padding-bottom: 113px !important;background-image: url(https:\/\/www.lepantomarine.it\/wp-content\/uploads\/2018\/02\/lago-garda.jpg?id=1865) !important;}&#8221; el_class=&#8221;stm-icon-box-adaptive-style-one&#8221;][vc_column offset=&#8221;vc_col-lg-6&#8243; css=&#8221;.vc_custom_1448967644598{margin-bottom: 30px !important;}&#8221;][stm_icon_box style_layout=&#8221;boats&#8221; icon=&#8221;stm-service-icon-sales_hours&#8221; icon_size=&#8221;54&#8243; box_bg_color=&#8221;#fab637&#8243; box_text_color=&#8221;#232628&#8243; link=&#8221;url:https%3A%2F%2Fwww.rentbooking.it%2F|title:Rent%20Boat%20Lake%20Garda||&#8221; title=&#8221;Louer un bateau sans permis&#8221; line_height=&#8221;17&#8243; icon_color=&#8221;#232628&#8243;]<span style=\"color: #ffffff;\">Rent a boat to discover the beauty of Lake Garda. You can drive a boat up to 40 hp WITHOUT BOAT LICENSE.<\/span>[\/stm_icon_box][\/vc_column][vc_column offset=&#8221;vc_col-lg-6&#8243; css=&#8221;.vc_custom_1448967649806{margin-bottom: 30px !important;}&#8221;][stm_icon_box icon=&#8221;stm-icon-load2&#8243; title=&#8221;Louer un bateau son permis bateau&#8221; box_bg_color=&#8221;#ff4848&#8243; line_height=&#8221;17&#8243; icon_color=&#8221;#232628&#8243; link=&#8221;url:https%3A%2F%2Fwww.rentbooking.it%2F|title:Rent%20Boat%20Lake%20Garda||&#8221;]<span style=\"color: #ffffff;\">Rent a boat to discover the beauty of Lake Garda. You can drive a boat with a boat license.<\/span>[\/stm_icon_box][\/vc_column][\/vc_row][vc_row full_width=&#8221;stretch_row&#8221; css=&#8221;.vc_custom_1448968797570{margin-bottom: 0px !important;padding-top: 51px !important;padding-bottom: 62px !important;background-color: #f0f2f5 !important;}&#8221; el_class=&#8221;stm-adaptive-tablet-margins&#8221;][vc_column][vc_row_inner css=&#8221;.vc_custom_1448532576588{margin-bottom: 0px !important;}&#8221;][vc_column_inner][vc_custom_heading text=&#8221;De beaux bateaux, neuf ou tr\u00e8s r\u00e9cents, choisis et pr\u00e9par\u00e9s pour la location avec des moteurs 4 temps puissants, fiables, silencieux, avec une consommation r\u00e9duite et respectueux de l&#8217;environnement. Appr\u00e9ciez au mieux vos journ\u00e9e sur l&#8217;eau !&#8221; font_container=&#8221;tag:h2|text_align:center&#8221; use_theme_fonts=&#8221;yes&#8221; css=&#8221;.vc_custom_1521007658601{margin-bottom: 23px !important;}&#8221;][\/vc_column_inner][\/vc_row_inner][vc_row_inner css=&#8221;.vc_custom_1448532584673{margin-bottom: 54px !important;}&#8221;][vc_column_inner][stm_color_separator color=&#8221;#cc6119&#8243;][\/vc_column_inner][\/vc_row_inner][stm_icon_box style_layout=&#8221;boats&#8221; bottom_triangle=&#8221;true&#8221; css=&#8221;.vc_custom_1521007685839{padding-top: 65px !important;padding-right: 80px !important;padding-bottom: 56px !important;padding-left: 63px !important;}&#8221; link=&#8221;url:https%3A%2F%2Fwww.rentbooking.it||target:%20_blank|&#8221;]Nouveaut\u00e9s exclusives 2018\u00a0: Tous les bateaux sont \u00e9quip\u00e9s de Tablet\/GPS 10, SmartCraft SC1000 et du tout nouveau Active Trim Mercury\u00a0; 6 nouveaux mod\u00e8les Bayliner, Rand et Sea Ray\u00a0; Tous les moteurs hors-bord sont des mod\u00e8les de 2017\/18.<br \/>\nTous nos bateaux sont \u00e9quip\u00e9s d&#8217;un taud de soleil et d&#8217;une installation st\u00e9r\u00e9o avec port AUX \/ USB et prise 12\u00a0V. Apportez simplement votre musique et de la cr\u00e8me solaire.<br \/>\nAvant le d\u00e9part, l&#8217;utilisation du bateau vous est pr\u00e9sent\u00e9. Tous les bateaux sont \u00e9quip\u00e9s de mat\u00e9riel de s\u00e9curit\u00e9 r\u00e9glementaire et sont dot\u00e9s d&#8217;une amarre, d&#8217;une ancre, de pare-battages, d&#8217;une gaffe, etc.<br \/>\nLes bateaux sont disponibles \u00e0 tout moment sur r\u00e9servation \u00e0 l&#8217;avance (selon disponibilit\u00e9 horaire et du personnel). Nous recommandons de r\u00e9server 24-48 heures \u00e0 l&#8217;avance, voire plus t\u00f4t pour les locations de week-end et de haute saison. R\u00e9servez aussi en ligne\u00a0: www.lepantomarine.it<br \/>\nPour une journ\u00e9e ou m\u00eame pour seulement une heure en totale d\u00e9tente, vous pouvez demander la pr\u00e9sence d&#8217;un skipper exp\u00e9riment\u00e9 qui vous emm\u00e8nera \u00e0 la visite des lieux les plus beaux et embl\u00e9matiques du Lac de Garde. Parfait pour un cadeau ou pour un \u00e9v\u00e9nement sp\u00e9cial.<br \/>\nLes tarifs indiqu\u00e9s incluent la TVA et l&#8217;assurance. Consultez notre \u00e9quipe ou notre site internet pour savoir si des offres sont disponibles pour les dates choisies.<br \/>\nNous acceptons les cartes Visa, Mastercard, Maestro et Cartes Bleues.<br \/>\nNos points de location sont ouverts tous les jours ensoleill\u00e9 de Mars \u00e0 Novembre.<br \/>\nJULY and AUGUST 8,30 AM &#8211; 8,30 PM NON STOP &#8211; June and September 9,00 AM &#8211; 7,00 PM<br \/>\nDocuments \u00e0 fournir\u00a0: bateau sans permis (pi\u00e8ce d&#8217;identit\u00e9, caution de 150\u00a0\u20ac)\u00a0; bateau avec permis (au-del\u00e0 de 40cv, permis bateau, caution de 300 \u20ac).<br \/>\nLa Caution est demand\u00e9e pour couvrir tout dommage \u00e9ventuel caus\u00e9 au bateau. Le remboursement de l&#8217;H\u00c9LICE, m\u00eame partiellement endommag\u00e9e, est d\u00fb en int\u00e9gralit\u00e9 au prix indiqu\u00e9.<br \/>\nLe t\u00e9l\u00e9phone doit \u00eatre allum\u00e9 \u00e0 bord.<\/p>\n<p><a href=\"https:\/\/www.rentbooking.it\">https:\/\/www.rentbooking.it<\/a>[\/stm_icon_box][\/vc_column][\/vc_row][vc_row image_size=&#8221;200&#215;100&#8243; image=&#8221;1966,1972,1975,1978,1981,1984,1987,1990,1993,1996&#8243; number_to_show=&#8221;&#8221;][vc_column][stm_our_partners image_size=&#8221;200&#215;100&#8243; image=&#8221;1966,1972,1975,1978,1981,1984,1987,1990,1993,1996&#8243;][\/vc_column][\/vc_row][vc_row][vc_column width=&#8221;1\/4&#8243;][vc_column_text]<\/p>\n<div id=\"TA_selfserveprop176\" class=\"TA_selfserveprop\">\n<ul id=\"wyut4bkT\" class=\"TA_links p06dimvL\">\n<li id=\"ow6jUHlXMp\" class=\"eZimbtsY6\"><a href=\"https:\/\/www.tripadvisor.it\/Attraction_Review-g635642-d10210036-Reviews-Lepanto_Marine-Peschiera_del_Garda_Province_of_Verona_Veneto.html\" target=\"_blank\" rel=\"noopener\"><img decoding=\"async\" src=\"https:\/\/www.tripadvisor.it\/img\/cdsi\/img2\/branding\/v2\/Tripadvisor_lockup_horizontal_secondary_registered-11900-2.svg\" alt=\"TripAdvisor\" \/><\/a><\/li>\n<\/ul>\n<\/div>\n<p><script async src=\"https:\/\/www.jscache.com\/wejs?wtype=selfserveprop&amp;uniq=176&amp;locationId=10210036&amp;lang=it&amp;rating=true&amp;nreviews=5&amp;writereviewlink=true&amp;popIdx=true&amp;iswide=false&amp;border=true&amp;display_version=2\" data-loadtrk onload=\"this.loadtrk=true\"><\/script>[\/vc_column_text][\/vc_column][vc_column width=&#8221;3\/4&#8243;][vc_column_text]<div class=\"ti-widget ti-goog\" data-layout-id=\"4\" data-set-id=\"light-background\" data-pid=\"\" data-pager-autoplay-timeout=\"6\" data-review-target-width=\"300\" data-language=\"it\" > <div class=\"ti-widget-container ti-col-3\"> <div class=\"ti-reviews-container\"> <div class=\"ti-controls\"> <div class=\"ti-next\"><\/div> <div class=\"ti-prev\"><\/div> <\/div> <div class=\"ti-reviews-container-wrapper\">  <div data-empty=\"0\" class=\"ti-review-item source-Google\" > <div class=\"ti-inner\"> <div class=\"ti-review-header\"> <div class=\"ti-profile-img\"> <img decoding=\"async\" src=\"https:\/\/lh3.googleusercontent.com\/a\/ACg8ocLJeQmqByuqHhRJ4mr1dureFd4DSgX7pcKSbGKPtxd0=s120-c-rp-mo-ba3-br100\" alt=\"Guido Schlimbach\" \/> <\/div> <div class=\"ti-profile-details\"> <div class=\"ti-name\"> Guido Schlimbach <\/div> <div class=\"ti-date\">2023-06-28<\/div> <\/div> <\/div> <span class=\"ti-stars\"><span class=\"ti-star f\"><\/span><span class=\"ti-star f\"><\/span><span class=\"ti-star f\"><\/span><span class=\"ti-star f\"><\/span><span class=\"ti-star f\"><\/span><\/span> <div class=\"ti-review-text-container ti-review-content\"><!-- R-CONTENT -->Direkt das passende \u00d6l f\u00fcr meinen Mercruiser 898 Motor zur Hand, Danke daf\u00fcr!<!-- R-CONTENT --><\/div> <span class=\"ti-read-more\" data-container=\".ti-review-content\" data-collapse-text=\"Nascondere\" data-open-text=\"Leggi di pi\u00f9\" ><\/span> <\/div> <\/div>  <div data-empty=\"0\" class=\"ti-review-item source-Google\" > <div class=\"ti-inner\"> <div class=\"ti-review-header\"> <div class=\"ti-profile-img\"> <img decoding=\"async\" src=\"https:\/\/lh3.googleusercontent.com\/a\/ACg8ocKx_dM9DJ1vkotJ1cbHIeM_TL3QMgkxNZuTFCXbGSTtqw=s120-c-rp-mo-ba4-br100\" alt=\"Andrea Placani\" \/> <\/div> <div class=\"ti-profile-details\"> <div class=\"ti-name\"> Andrea Placani <\/div> <div class=\"ti-date\">2022-11-16<\/div> <\/div> <\/div> <span class=\"ti-stars\"><span class=\"ti-star f\"><\/span><span class=\"ti-star f\"><\/span><span class=\"ti-star f\"><\/span><span class=\"ti-star f\"><\/span><span class=\"ti-star f\"><\/span><\/span> <div class=\"ti-review-text-container ti-review-content\"><!-- R-CONTENT -->Molto gentili, disponibili e professionali. Non posso che parlarne benissimo!!!<!-- R-CONTENT --><\/div> <span class=\"ti-read-more\" data-container=\".ti-review-content\" data-collapse-text=\"Nascondere\" data-open-text=\"Leggi di pi\u00f9\" ><\/span> <\/div> <\/div>  <div data-empty=\"0\" class=\"ti-review-item source-Google\" > <div class=\"ti-inner\"> <div class=\"ti-review-header\"> <div class=\"ti-profile-img\"> <img decoding=\"async\" src=\"https:\/\/lh3.googleusercontent.com\/a\/ACg8ocKowWSB__JqmsSh2o4e3Zpw8A3jrYx8uWkPaMBUo4NM=s120-c-rp-mo-br100\" alt=\"Riccardo Rizzi\" \/> <\/div> <div class=\"ti-profile-details\"> <div class=\"ti-name\"> Riccardo Rizzi <\/div> <div class=\"ti-date\">2022-11-04<\/div> <\/div> <\/div> <span class=\"ti-stars\"><span class=\"ti-star f\"><\/span><span class=\"ti-star f\"><\/span><span class=\"ti-star f\"><\/span><span class=\"ti-star f\"><\/span><span class=\"ti-star f\"><\/span><\/span> <div class=\"ti-review-text-container ti-review-content\"><!-- R-CONTENT -->Lavori eseguiti perfettamente, disponibilit\u00e0 e professionalit\u00e0 prima di tutto, bravi!<!-- R-CONTENT --><\/div> <span class=\"ti-read-more\" data-container=\".ti-review-content\" data-collapse-text=\"Nascondere\" data-open-text=\"Leggi di pi\u00f9\" ><\/span> <\/div> <\/div>  <div data-empty=\"0\" class=\"ti-review-item source-Google\" > <div class=\"ti-inner\"> <div class=\"ti-review-header\"> <div class=\"ti-profile-img\"> <img decoding=\"async\" src=\"https:\/\/lh3.googleusercontent.com\/a-\/ALV-UjWZajhq8s7ptvxzDzIzIb5SXzgXMcTsvrvtNCSkR7_4lKM=s120-c-rp-mo-ba4-br100\" alt=\"Alessandro\" \/> <\/div> <div class=\"ti-profile-details\"> <div class=\"ti-name\"> Alessandro <\/div> <div class=\"ti-date\">2022-04-05<\/div> <\/div> <\/div> <span class=\"ti-stars\"><span class=\"ti-star f\"><\/span><span class=\"ti-star f\"><\/span><span class=\"ti-star f\"><\/span><span class=\"ti-star f\"><\/span><span class=\"ti-star f\"><\/span><\/span> <div class=\"ti-review-text-container ti-review-content\"><!-- R-CONTENT -->Negozio di materiali per la nautica ben fornito e efficienti nella consegna, un ordine telefonico fatto al venerd\u00ec \u00e8 stato evaso il luned\u00ec mattina seguente, ottimo! Personale competente che d\u00e0 consigli sulle applicazioni. Sicuramente merita considerazione per gli acquisti.<!-- R-CONTENT --><\/div> <span class=\"ti-read-more\" data-container=\".ti-review-content\" data-collapse-text=\"Nascondere\" data-open-text=\"Leggi di pi\u00f9\" ><\/span> <\/div> <\/div>  <\/div> <div class=\"ti-controls-line\"> <div class=\"dot\"><\/div> <\/div> <\/div> <div class=\"ti-footer\"> <div class=\"ti-rating-text\"> <span class=\"nowrap\">Valutazione complessiva <strong>Google<\/strong> <\/span><span class=\"nowrap\"><strong>4.7<\/strong> su 5, <\/span><span class=\"nowrap\">in base a <strong>39 recensioni<\/strong><\/span> <\/div> <\/div>  <\/div> <\/div>[\/vc_column_text][\/vc_column][\/vc_row]<\/p>\n<\/div>","protected":false},"excerpt":{"rendered":"<p>[vc_row full_width=&#8221;stretch_row&#8221; css=&#8221;.vc_custom_1711018420544{margin-top: -40px !important;margin-bottom: 0px !important;}&#8221;][vc_column][rev_slider_vc alias=&#8221;home-noleggio-francese&#8221;][\/vc_column][\/vc_row][vc_row full_width=&#8221;stretch_row&#8221; css=&#8221;.vc_custom_1452940382308{margin-bottom: 0px !important;padding-top: 51px !important;padding-bottom: 40px !important;background-image: url(https:\/\/www.lepantomarine.it\/wp-content\/uploads\/2015\/09\/special_bg.png?id=1349) !important;background-position: 0 0 !important;background-repeat: repeat !important;}&#8221;][vc_column][stm_special_offers title=&#8221;D\u00e9couvrez la beaut\u00e9 du Lac de Garde.&#8221;][\/vc_column][\/vc_row][vc_row stm_fullwidth=&#8221;yes&#8221; blackout_opacity=&#8221;20&#8243; css=&#8221;.vc_custom_1518479095565{margin-bottom: 0px !important;padding-top: 137px !important;padding-bottom: 113px !important;background-image: url(https:\/\/www.lepantomarine.it\/wp-content\/uploads\/2018\/02\/lago-garda.jpg?id=1865) !important;}&#8221; el_class=&#8221;stm-icon-box-adaptive-style-one&#8221;][vc_column offset=&#8221;vc_col-lg-6&#8243; css=&#8221;.vc_custom_1448967644598{margin-bottom: 30px !important;}&#8221;][stm_icon_box style_layout=&#8221;boats&#8221; icon=&#8221;stm-service-icon-sales_hours&#8221; icon_size=&#8221;54&#8243; box_bg_color=&#8221;#fab637&#8243; box_text_color=&#8221;#232628&#8243; link=&#8221;url:https%3A%2F%2Fwww.rentbooking.it%2F|title:Rent%20Boat%20Lake%20Garda||&#8221; title=&#8221;Louer un bateau&#8230;<\/p>\n","protected":false},"author":1,"featured_media":0,"parent":0,"menu_order":0,"comment_status":"closed","ping_status":"closed","template":"","meta":{"footnotes":""},"class_list":["post-5468","page","type-page","status-publish","hentry"],"yoast_head":"<!-- This site is optimized with the Yoast SEO plugin v22.3 - https:\/\/yoast.com\/wordpress\/plugins\/seo\/ -->\n<title>Louer un Bateau Lac de Garde - Lepanto Marine<\/title>\n<meta name=\"description\" content=\"D\u00e9couvrez la beaut\u00e9 du Lac de Garde. Louez un bateau que vous pouvez conduire SANS PERMIS BATEAU JUSQU&#039;\u00c0 40\u00a0CV.\" \/>\n<meta name=\"robots\" content=\"index, follow, max-snippet:-1, max-image-preview:large, max-video-preview:-1\" \/>\n<link rel=\"canonical\" href=\"https:\/\/www.lepantomarine.it\/fr\/\" \/>\n<meta property=\"og:locale\" content=\"fr_FR\" \/>\n<meta property=\"og:type\" content=\"article\" \/>\n<meta property=\"og:title\" content=\"Louer un Bateau Lac de Garde - Lepanto Marine\" \/>\n<meta property=\"og:description\" content=\"D\u00e9couvrez la beaut\u00e9 du Lac de Garde. Louez un bateau que vous pouvez conduire SANS PERMIS BATEAU JUSQU&#039;\u00c0 40\u00a0CV.\" \/>\n<meta property=\"og:url\" content=\"https:\/\/www.lepantomarine.it\/fr\/\" \/>\n<meta property=\"og:site_name\" content=\"Lepanto Marine\" \/>\n<meta property=\"article:modified_time\" content=\"2024-03-21T10:53:58+00:00\" \/>\n<meta property=\"og:image\" content=\"https:\/\/www.tripadvisor.it\/img\/cdsi\/img2\/branding\/v2\/Tripadvisor_lockup_horizontal_secondary_registered-11900-2.svg\" \/>\n<meta name=\"twitter:card\" content=\"summary_large_image\" \/>\n<meta name=\"twitter:label1\" content=\"Dur\u00e9e de lecture estim\u00e9e\" \/>\n\t<meta name=\"twitter:data1\" content=\"3 minutes\" \/>\n<script type=\"application\/ld+json\" class=\"yoast-schema-graph\">{\"@context\":\"https:\/\/schema.org\",\"@graph\":[{\"@type\":\"WebPage\",\"@id\":\"https:\/\/www.lepantomarine.it\/fr\/\",\"url\":\"https:\/\/www.lepantomarine.it\/fr\/\",\"name\":\"Louer un Bateau Lac de Garde - Lepanto Marine\",\"isPartOf\":{\"@id\":\"https:\/\/www.lepantomarine.it\/en\/#website\"},\"primaryImageOfPage\":{\"@id\":\"https:\/\/www.lepantomarine.it\/fr\/#primaryimage\"},\"image\":{\"@id\":\"https:\/\/www.lepantomarine.it\/fr\/#primaryimage\"},\"thumbnailUrl\":\"https:\/\/www.tripadvisor.it\/img\/cdsi\/img2\/branding\/v2\/Tripadvisor_lockup_horizontal_secondary_registered-11900-2.svg\",\"datePublished\":\"2015-09-18T07:48:28+00:00\",\"dateModified\":\"2024-03-21T10:53:58+00:00\",\"description\":\"D\u00e9couvrez la beaut\u00e9 du Lac de Garde. Louez un bateau que vous pouvez conduire SANS PERMIS BATEAU JUSQU'\u00c0 40\u00a0CV.\",\"breadcrumb\":{\"@id\":\"https:\/\/www.lepantomarine.it\/fr\/#breadcrumb\"},\"inLanguage\":\"fr-FR\",\"potentialAction\":[{\"@type\":\"ReadAction\",\"target\":[\"https:\/\/www.lepantomarine.it\/fr\/\"]}]},{\"@type\":\"ImageObject\",\"inLanguage\":\"fr-FR\",\"@id\":\"https:\/\/www.lepantomarine.it\/fr\/#primaryimage\",\"url\":\"https:\/\/www.tripadvisor.it\/img\/cdsi\/img2\/branding\/v2\/Tripadvisor_lockup_horizontal_secondary_registered-11900-2.svg\",\"contentUrl\":\"https:\/\/www.tripadvisor.it\/img\/cdsi\/img2\/branding\/v2\/Tripadvisor_lockup_horizontal_secondary_registered-11900-2.svg\"},{\"@type\":\"BreadcrumbList\",\"@id\":\"https:\/\/www.lepantomarine.it\/fr\/#breadcrumb\",\"itemListElement\":[{\"@type\":\"ListItem\",\"position\":1,\"name\":\"Home\",\"item\":\"https:\/\/www.lepantomarine.it\/fr\/\"},{\"@type\":\"ListItem\",\"position\":2,\"name\":\"Home\"}]},{\"@type\":\"WebSite\",\"@id\":\"https:\/\/www.lepantomarine.it\/en\/#website\",\"url\":\"https:\/\/www.lepantomarine.it\/en\/\",\"name\":\"Lepanto Marine\",\"description\":\"\",\"potentialAction\":[{\"@type\":\"SearchAction\",\"target\":{\"@type\":\"EntryPoint\",\"urlTemplate\":\"https:\/\/www.lepantomarine.it\/en\/?s={search_term_string}\"},\"query-input\":\"required name=search_term_string\"}],\"inLanguage\":\"fr-FR\"}]}<\/script>\n<!-- \/ Yoast SEO plugin. -->","yoast_head_json":{"title":"Louer un Bateau Lac de Garde - Lepanto Marine","description":"D\u00e9couvrez la beaut\u00e9 du Lac de Garde. Louez un bateau que vous pouvez conduire SANS PERMIS BATEAU JUSQU'\u00c0 40\u00a0CV.","robots":{"index":"index","follow":"follow","max-snippet":"max-snippet:-1","max-image-preview":"max-image-preview:large","max-video-preview":"max-video-preview:-1"},"canonical":"https:\/\/www.lepantomarine.it\/fr\/","og_locale":"fr_FR","og_type":"article","og_title":"Louer un Bateau Lac de Garde - Lepanto Marine","og_description":"D\u00e9couvrez la beaut\u00e9 du Lac de Garde. Louez un bateau que vous pouvez conduire SANS PERMIS BATEAU JUSQU'\u00c0 40\u00a0CV.","og_url":"https:\/\/www.lepantomarine.it\/fr\/","og_site_name":"Lepanto Marine","article_modified_time":"2024-03-21T10:53:58+00:00","og_image":[{"url":"https:\/\/www.tripadvisor.it\/img\/cdsi\/img2\/branding\/v2\/Tripadvisor_lockup_horizontal_secondary_registered-11900-2.svg"}],"twitter_card":"summary_large_image","twitter_misc":{"Dur\u00e9e de lecture estim\u00e9e":"3 minutes"},"schema":{"@context":"https:\/\/schema.org","@graph":[{"@type":"WebPage","@id":"https:\/\/www.lepantomarine.it\/fr\/","url":"https:\/\/www.lepantomarine.it\/fr\/","name":"Louer un Bateau Lac de Garde - Lepanto Marine","isPartOf":{"@id":"https:\/\/www.lepantomarine.it\/en\/#website"},"primaryImageOfPage":{"@id":"https:\/\/www.lepantomarine.it\/fr\/#primaryimage"},"image":{"@id":"https:\/\/www.lepantomarine.it\/fr\/#primaryimage"},"thumbnailUrl":"https:\/\/www.tripadvisor.it\/img\/cdsi\/img2\/branding\/v2\/Tripadvisor_lockup_horizontal_secondary_registered-11900-2.svg","datePublished":"2015-09-18T07:48:28+00:00","dateModified":"2024-03-21T10:53:58+00:00","description":"D\u00e9couvrez la beaut\u00e9 du Lac de Garde. Louez un bateau que vous pouvez conduire SANS PERMIS BATEAU JUSQU'\u00c0 40\u00a0CV.","breadcrumb":{"@id":"https:\/\/www.lepantomarine.it\/fr\/#breadcrumb"},"inLanguage":"fr-FR","potentialAction":[{"@type":"ReadAction","target":["https:\/\/www.lepantomarine.it\/fr\/"]}]},{"@type":"ImageObject","inLanguage":"fr-FR","@id":"https:\/\/www.lepantomarine.it\/fr\/#primaryimage","url":"https:\/\/www.tripadvisor.it\/img\/cdsi\/img2\/branding\/v2\/Tripadvisor_lockup_horizontal_secondary_registered-11900-2.svg","contentUrl":"https:\/\/www.tripadvisor.it\/img\/cdsi\/img2\/branding\/v2\/Tripadvisor_lockup_horizontal_secondary_registered-11900-2.svg"},{"@type":"BreadcrumbList","@id":"https:\/\/www.lepantomarine.it\/fr\/#breadcrumb","itemListElement":[{"@type":"ListItem","position":1,"name":"Home","item":"https:\/\/www.lepantomarine.it\/fr\/"},{"@type":"ListItem","position":2,"name":"Home"}]},{"@type":"WebSite","@id":"https:\/\/www.lepantomarine.it\/en\/#website","url":"https:\/\/www.lepantomarine.it\/en\/","name":"Lepanto Marine","description":"","potentialAction":[{"@type":"SearchAction","target":{"@type":"EntryPoint","urlTemplate":"https:\/\/www.lepantomarine.it\/en\/?s={search_term_string}"},"query-input":"required name=search_term_string"}],"inLanguage":"fr-FR"}]}},"_links":{"self":[{"href":"https:\/\/www.lepantomarine.it\/fr\/wp-json\/wp\/v2\/pages\/5468","targetHints":{"allow":["GET"]}}],"collection":[{"href":"https:\/\/www.lepantomarine.it\/fr\/wp-json\/wp\/v2\/pages"}],"about":[{"href":"https:\/\/www.lepantomarine.it\/fr\/wp-json\/wp\/v2\/types\/page"}],"author":[{"embeddable":true,"href":"https:\/\/www.lepantomarine.it\/fr\/wp-json\/wp\/v2\/users\/1"}],"replies":[{"embeddable":true,"href":"https:\/\/www.lepantomarine.it\/fr\/wp-json\/wp\/v2\/comments?post=5468"}],"version-history":[{"count":7,"href":"https:\/\/www.lepantomarine.it\/fr\/wp-json\/wp\/v2\/pages\/5468\/revisions"}],"predecessor-version":[{"id":20579,"href":"https:\/\/www.lepantomarine.it\/fr\/wp-json\/wp\/v2\/pages\/5468\/revisions\/20579"}],"wp:attachment":[{"href":"https:\/\/www.lepantomarine.it\/fr\/wp-json\/wp\/v2\/media?parent=5468"}],"curies":[{"name":"wp","href":"https:\/\/api.w.org\/{rel}","templated":true}]}}