{"id":16100,"date":"2022-06-06T14:49:37","date_gmt":"2022-06-06T12:49:37","guid":{"rendered":"https:\/\/www.lepantomarine.it\/?post_type=product&#038;p=16100"},"modified":"2026-03-13T14:54:43","modified_gmt":"2026-03-13T13:54:43","slug":"kit-prue-fine-posteriore","status":"publish","type":"product","link":"https:\/\/www.lepantomarine.it\/en\/prodotto\/kit-prue-fine-posteriore\/","title":{"rendered":"Kit prue fine posteriore"},"content":{"rendered":"<p>Kit prue fine posteriore<\/p>\n<p><span class=\"label\">Diametro rulli :<\/span> <span class=\"value\">\u00d8 45mm &#8211; Lunghezza 170 mm<br \/>\n<\/span><\/p>\n<p><span class=\"label\">Compatibilit\u00e0 :<\/span> <span class=\"value\">Per asse \u00d816mm<\/span><\/p>\n<p>Cavallotto : 82X60mm<\/p>\n<p>&nbsp;<\/p>\n","protected":false},"excerpt":{"rendered":"<p>Kit prue fine posteriore Diametro rulli : \u00d8 45mm &#8211; Lunghezza 170 mm Compatibilit\u00e0 : Per asse \u00d816mm Cavallotto : 82X60mm &nbsp;<\/p>\n","protected":false},"featured_media":20805,"template":"","meta":[],"product_cat":[2587,2163],"product_tag":[2079,2172,2173,2174,2175,2176,2177,2178,2179,2180,2181],"class_list":{"0":"post-16100","1":"product","2":"type-product","3":"status-publish","4":"has-post-thumbnail","6":"product_cat-rulli-e-fissaggi","7":"product_cat-ricambi-carrelli","8":"product_tag-ricambi","9":"product_tag-satellite","10":"product_tag-rimorchio-carrello","11":"product_tag-luci","12":"product_tag-rulli","13":"product_tag-faro","14":"product_tag-ingombro","15":"product_tag-soffietto","16":"product_tag-repulsore","17":"product_tag-freni","18":"product_tag-mozzi","20":"first","21":"instock","22":"taxable","23":"shipping-taxable","24":"purchasable","25":"product-type-simple"},"yoast_head":"<!-- This site is optimized with the Yoast SEO plugin v22.3 - https:\/\/yoast.com\/wordpress\/plugins\/seo\/ -->\n<title>Kit prue fine posteriore - Lepanto Marine<\/title>\n<meta name=\"robots\" content=\"index, follow, max-snippet:-1, max-image-preview:large, max-video-preview:-1\" \/>\n<link rel=\"canonical\" href=\"https:\/\/www.lepantomarine.it\/prodotto\/kit-prue-fine-posteriore\/\" \/>\n<meta property=\"og:locale\" content=\"en_US\" \/>\n<meta property=\"og:type\" content=\"article\" \/>\n<meta property=\"og:title\" content=\"Kit prue fine posteriore - Lepanto Marine\" \/>\n<meta property=\"og:description\" content=\"Kit prue fine posteriore Diametro rulli : \u00d8 45mm &#8211; Lunghezza 170 mm Compatibilit\u00e0 : Per asse \u00d816mm Cavallotto : 82X60mm &nbsp;\" \/>\n<meta property=\"og:url\" content=\"https:\/\/www.lepantomarine.it\/prodotto\/kit-prue-fine-posteriore\/\" \/>\n<meta property=\"og:site_name\" content=\"Lepanto Marine\" \/>\n<meta property=\"article:modified_time\" content=\"2026-03-13T13:54:43+00:00\" \/>\n<meta property=\"og:image\" content=\"https:\/\/www.lepantomarine.it\/wp-content\/uploads\/2022\/06\/Kit-prue-fine.jpg\" \/>\n\t<meta property=\"og:image:width\" content=\"417\" \/>\n\t<meta property=\"og:image:height\" content=\"376\" \/>\n\t<meta property=\"og:image:type\" content=\"image\/jpeg\" \/>\n<meta name=\"twitter:card\" content=\"summary_large_image\" \/>\n<meta name=\"twitter:label1\" content=\"Est. reading time\" \/>\n\t<meta name=\"twitter:data1\" content=\"1 minute\" \/>\n<script type=\"application\/ld+json\" class=\"yoast-schema-graph\">{\"@context\":\"https:\/\/schema.org\",\"@graph\":[{\"@type\":\"WebPage\",\"@id\":\"https:\/\/www.lepantomarine.it\/prodotto\/kit-prue-fine-posteriore\/\",\"url\":\"https:\/\/www.lepantomarine.it\/prodotto\/kit-prue-fine-posteriore\/\",\"name\":\"Kit prue fine posteriore - Lepanto Marine\",\"isPartOf\":{\"@id\":\"https:\/\/www.lepantomarine.it\/en\/#website\"},\"primaryImageOfPage\":{\"@id\":\"https:\/\/www.lepantomarine.it\/prodotto\/kit-prue-fine-posteriore\/#primaryimage\"},\"image\":{\"@id\":\"https:\/\/www.lepantomarine.it\/prodotto\/kit-prue-fine-posteriore\/#primaryimage\"},\"thumbnailUrl\":\"https:\/\/www.lepantomarine.it\/wp-content\/uploads\/2022\/06\/Kit-prue-fine.jpg\",\"datePublished\":\"2022-06-06T12:49:37+00:00\",\"dateModified\":\"2026-03-13T13:54:43+00:00\",\"breadcrumb\":{\"@id\":\"https:\/\/www.lepantomarine.it\/prodotto\/kit-prue-fine-posteriore\/#breadcrumb\"},\"inLanguage\":\"en-US\",\"potentialAction\":[{\"@type\":\"ReadAction\",\"target\":[\"https:\/\/www.lepantomarine.it\/prodotto\/kit-prue-fine-posteriore\/\"]}]},{\"@type\":\"ImageObject\",\"inLanguage\":\"en-US\",\"@id\":\"https:\/\/www.lepantomarine.it\/prodotto\/kit-prue-fine-posteriore\/#primaryimage\",\"url\":\"https:\/\/www.lepantomarine.it\/wp-content\/uploads\/2022\/06\/Kit-prue-fine.jpg\",\"contentUrl\":\"https:\/\/www.lepantomarine.it\/wp-content\/uploads\/2022\/06\/Kit-prue-fine.jpg\",\"width\":417,\"height\":376},{\"@type\":\"BreadcrumbList\",\"@id\":\"https:\/\/www.lepantomarine.it\/prodotto\/kit-prue-fine-posteriore\/#breadcrumb\",\"itemListElement\":[{\"@type\":\"ListItem\",\"position\":1,\"name\":\"Home\",\"item\":\"https:\/\/www.lepantomarine.it\/en\/\"},{\"@type\":\"ListItem\",\"position\":2,\"name\":\"Accessori e Ricambi\",\"item\":\"https:\/\/www.lepantomarine.it\/accessori-ricambi\/\"},{\"@type\":\"ListItem\",\"position\":3,\"name\":\"Kit prue fine posteriore\"}]},{\"@type\":\"WebSite\",\"@id\":\"https:\/\/www.lepantomarine.it\/en\/#website\",\"url\":\"https:\/\/www.lepantomarine.it\/en\/\",\"name\":\"Lepanto Marine\",\"description\":\"\",\"potentialAction\":[{\"@type\":\"SearchAction\",\"target\":{\"@type\":\"EntryPoint\",\"urlTemplate\":\"https:\/\/www.lepantomarine.it\/en\/?s={search_term_string}\"},\"query-input\":\"required name=search_term_string\"}],\"inLanguage\":\"en-US\"}]}<\/script>\n<!-- \/ Yoast SEO plugin. -->","yoast_head_json":{"title":"Kit prue fine posteriore - Lepanto Marine","robots":{"index":"index","follow":"follow","max-snippet":"max-snippet:-1","max-image-preview":"max-image-preview:large","max-video-preview":"max-video-preview:-1"},"canonical":"https:\/\/www.lepantomarine.it\/prodotto\/kit-prue-fine-posteriore\/","og_locale":"en_US","og_type":"article","og_title":"Kit prue fine posteriore - Lepanto Marine","og_description":"Kit prue fine posteriore Diametro rulli : \u00d8 45mm &#8211; Lunghezza 170 mm Compatibilit\u00e0 : Per asse \u00d816mm Cavallotto : 82X60mm &nbsp;","og_url":"https:\/\/www.lepantomarine.it\/prodotto\/kit-prue-fine-posteriore\/","og_site_name":"Lepanto Marine","article_modified_time":"2026-03-13T13:54:43+00:00","og_image":[{"width":417,"height":376,"url":"https:\/\/www.lepantomarine.it\/wp-content\/uploads\/2022\/06\/Kit-prue-fine.jpg","type":"image\/jpeg"}],"twitter_card":"summary_large_image","twitter_misc":{"Est. reading time":"1 minute"},"schema":{"@context":"https:\/\/schema.org","@graph":[{"@type":"WebPage","@id":"https:\/\/www.lepantomarine.it\/prodotto\/kit-prue-fine-posteriore\/","url":"https:\/\/www.lepantomarine.it\/prodotto\/kit-prue-fine-posteriore\/","name":"Kit prue fine posteriore - Lepanto Marine","isPartOf":{"@id":"https:\/\/www.lepantomarine.it\/en\/#website"},"primaryImageOfPage":{"@id":"https:\/\/www.lepantomarine.it\/prodotto\/kit-prue-fine-posteriore\/#primaryimage"},"image":{"@id":"https:\/\/www.lepantomarine.it\/prodotto\/kit-prue-fine-posteriore\/#primaryimage"},"thumbnailUrl":"https:\/\/www.lepantomarine.it\/wp-content\/uploads\/2022\/06\/Kit-prue-fine.jpg","datePublished":"2022-06-06T12:49:37+00:00","dateModified":"2026-03-13T13:54:43+00:00","breadcrumb":{"@id":"https:\/\/www.lepantomarine.it\/prodotto\/kit-prue-fine-posteriore\/#breadcrumb"},"inLanguage":"en-US","potentialAction":[{"@type":"ReadAction","target":["https:\/\/www.lepantomarine.it\/prodotto\/kit-prue-fine-posteriore\/"]}]},{"@type":"ImageObject","inLanguage":"en-US","@id":"https:\/\/www.lepantomarine.it\/prodotto\/kit-prue-fine-posteriore\/#primaryimage","url":"https:\/\/www.lepantomarine.it\/wp-content\/uploads\/2022\/06\/Kit-prue-fine.jpg","contentUrl":"https:\/\/www.lepantomarine.it\/wp-content\/uploads\/2022\/06\/Kit-prue-fine.jpg","width":417,"height":376},{"@type":"BreadcrumbList","@id":"https:\/\/www.lepantomarine.it\/prodotto\/kit-prue-fine-posteriore\/#breadcrumb","itemListElement":[{"@type":"ListItem","position":1,"name":"Home","item":"https:\/\/www.lepantomarine.it\/en\/"},{"@type":"ListItem","position":2,"name":"Accessori e Ricambi","item":"https:\/\/www.lepantomarine.it\/accessori-ricambi\/"},{"@type":"ListItem","position":3,"name":"Kit prue fine posteriore"}]},{"@type":"WebSite","@id":"https:\/\/www.lepantomarine.it\/en\/#website","url":"https:\/\/www.lepantomarine.it\/en\/","name":"Lepanto Marine","description":"","potentialAction":[{"@type":"SearchAction","target":{"@type":"EntryPoint","urlTemplate":"https:\/\/www.lepantomarine.it\/en\/?s={search_term_string}"},"query-input":"required name=search_term_string"}],"inLanguage":"en-US"}]}},"_links":{"self":[{"href":"https:\/\/www.lepantomarine.it\/en\/wp-json\/wp\/v2\/product\/16100","targetHints":{"allow":["GET"]}}],"collection":[{"href":"https:\/\/www.lepantomarine.it\/en\/wp-json\/wp\/v2\/product"}],"about":[{"href":"https:\/\/www.lepantomarine.it\/en\/wp-json\/wp\/v2\/types\/product"}],"wp:featuredmedia":[{"embeddable":true,"href":"https:\/\/www.lepantomarine.it\/en\/wp-json\/wp\/v2\/media\/20805"}],"wp:attachment":[{"href":"https:\/\/www.lepantomarine.it\/en\/wp-json\/wp\/v2\/media?parent=16100"}],"wp:term":[{"taxonomy":"product_cat","embeddable":true,"href":"https:\/\/www.lepantomarine.it\/en\/wp-json\/wp\/v2\/product_cat?post=16100"},{"taxonomy":"product_tag","embeddable":true,"href":"https:\/\/www.lepantomarine.it\/en\/wp-json\/wp\/v2\/product_tag?post=16100"}],"curies":[{"name":"wp","href":"https:\/\/api.w.org\/{rel}","templated":true}]}}