{"id":3361,"date":"2018-02-15T17:41:21","date_gmt":"2018-02-15T16:41:21","guid":{"rendered":"https:\/\/www.lepantomarine.it\/bayliner\/cc-series\/cc7\/"},"modified":"2024-11-25T11:22:36","modified_gmt":"2024-11-25T10:22:36","slug":"cc7-bayliner-element-centreconsole","status":"publish","type":"page","link":"https:\/\/www.lepantomarine.it\/en\/bayliner\/cc-series\/cc7-bayliner-element-centreconsole\/","title":{"rendered":"Bayliner Element CC7"},"content":{"rendered":"<div class=\"wpb-content-wrapper\"><p>[vc_row css=&#8221;.vc_custom_1518432902572{background-position: center !important;background-repeat: no-repeat !important;background-size: cover !important;}&#8221;][vc_column css=&#8221;.vc_custom_1518432963263{background-color: rgba(255,255,255,0.73) !important;*background-color: rgb(255,255,255) !important;}&#8221;][vc_single_image image=&#8221;1686&#8243; img_size=&#8221;full&#8221; alignment=&#8221;center&#8221;][vc_custom_heading text=&#8221;ELEMENT CC7&#8243; font_container=&#8221;tag:h2|font_size:25|text_align:center|color:%230c3366&#8243; use_theme_fonts=&#8221;yes&#8221;][vc_column_text]<\/p>\n<h1 data-sourcepos=\"5:1-5:48\"><strong>Bayliner CC7: Eleganza e funzionalit\u00e0 in perfetta sintonia.<\/strong><\/h1>\n<p data-sourcepos=\"7:1-7:231\"><span style=\"font-size: 14pt;\">Progettato per i pescatori pi\u00f9 esigenti, il Bayliner CC7 \u00e8 un concentrato di funzionalit\u00e0 e comfort. La carena ad M, un vero punto di forza, garantisce una stabilit\u00e0 eccezionale, perfetta per affrontare qualsiasi condizione marina.<\/span><\/p>\n<ul data-sourcepos=\"9:1-13:0\">\n<li data-sourcepos=\"9:1-9:142\"><span style=\"font-size: 14pt;\"><strong>Pronto per la pesca:<\/strong> Vasca del vivo, portacanne laterali e sedia a prua (opzionale) rendono il CC7 una vera e propria macchina da pesca.<\/span><\/li>\n<li data-sourcepos=\"10:1-10:104\"><span style=\"font-size: 14pt;\"><strong>Spazio e praticit\u00e0:<\/strong> Ampi gavoni a prua e console centrale capiente per stivare tutto l&#8217;occorrente.<\/span><\/li>\n<li data-sourcepos=\"11:1-11:159\"><span style=\"font-size: 14pt;\"><strong>Personalizzabile:<\/strong> Scegli l&#8217;optional Fish Package per un&#8217;esperienza di pesca ancora pi\u00f9 completa e aggiungi il T-Top per una maggiore protezione dal sole.<\/span><\/li>\n<li data-sourcepos=\"12:1-13:0\"><span style=\"font-size: 14pt;\"><strong>Versatile:<\/strong> Oltre alla pesca, il CC7 \u00e8 perfetto per rilassarsi al sole grazie alle comode cuscinerie amovibili e per brevi crociere.<\/span><\/li>\n<\/ul>\n<p>[\/vc_column_text][vc_empty_space][\/vc_column][\/vc_row][vc_row gap=&#8221;5&#8243; equal_height=&#8221;yes&#8221;][vc_column width=&#8221;1\/3&#8243;][\/vc_column][vc_column width=&#8221;1\/3&#8243;][vc_custom_heading text=&#8221;GALLERIA&#8221; font_container=&#8221;tag:h2|font_size:20|text_align:center&#8221; use_theme_fonts=&#8221;yes&#8221;][vc_images_carousel images=&#8221;23293,9156,3344,3339,3336,3333,3330,3327,3324,3321&#8243; img_size=&#8221;400&#215;400&#8243;][\/vc_column][vc_column width=&#8221;1\/3&#8243;][\/vc_column][\/vc_row][vc_row css=&#8221;.vc_custom_1518433628118{border-top-width: 1px !important;border-right-width: 1px !important;border-bottom-width: 1px !important;border-left-width: 1px !important;padding-top: 5px !important;padding-right: 5px !important;padding-bottom: 5px !important;padding-left: 5px !important;background-position: center !important;background-repeat: no-repeat !important;background-size: cover !important;border-left-color: #e5e5e5 !important;border-left-style: solid !important;border-right-color: #e5e5e5 !important;border-right-style: solid !important;border-top-color: #e5e5e5 !important;border-top-style: solid !important;border-bottom-color: #e5e5e5 !important;border-bottom-style: solid !important;}&#8221;][vc_column css=&#8221;.vc_custom_1518433128542{background-color: rgba(255,255,255,0.73) !important;*background-color: rgb(255,255,255) !important;}&#8221;][vc_empty_space height=&#8221;15px&#8221;][vc_tta_tabs active_section=&#8221;1&#8243; no_fill_content_area=&#8221;true&#8221;][vc_tta_section i_icon_fontawesome=&#8221;stm-icon-application&#8221; add_icon=&#8221;true&#8221; title=&#8221;DATI TECNICI&#8221; tab_id=&#8221;dati-tecnici3df2-dc833af1-32da&#8221;][vc_empty_space][vc_column_text]<\/p>\n<table class=\"table table-condensed\">\n<tbody>\n<tr class=\"djc_attribute djc_ef_modello\">\n<td class=\"djc_label\"><span class=\"djc_attribute-label\">MODELLO<\/span><\/td>\n<td class=\"djc_value\">CC7<\/td>\n<\/tr>\n<tr class=\"djc_attribute djc_ef_lunghezza_fuori_tutto\">\n<td class=\"djc_label\"><span class=\"djc_attribute-label\">LUNGHEZZA FUORI TUTTO M.<\/span><\/td>\n<td class=\"djc_value\">6.50<\/td>\n<\/tr>\n<tr class=\"djc_attribute djc_ef_lunghezza_di_omologazione\">\n<td class=\"djc_label\"><span class=\"djc_attribute-label\">LUNGHEZZA DI OMOLOGAZIONE M.<\/span><\/td>\n<td class=\"djc_value\">6.29<\/td>\n<\/tr>\n<tr class=\"djc_attribute djc_ef_larghezza\">\n<td class=\"djc_label\"><span class=\"djc_attribute-label\">LARGHEZZA M.<\/span><\/td>\n<td class=\"djc_value\">2.36<\/td>\n<\/tr>\n<tr class=\"djc_attribute djc_ef_peso_barca_secco\">\n<td class=\"djc_label\"><span class=\"djc_attribute-label\">PESO A SECCO KG<\/span><\/td>\n<td class=\"djc_value\">1100<\/td>\n<\/tr>\n<tr class=\"djc_attribute djc_ef_peso\">\n<td class=\"djc_label\"><span class=\"djc_attribute-label\">PESO APPROSSIMATIVO CON MOTORE BASE KG.<\/span><\/td>\n<td class=\"djc_value\">1300<\/td>\n<\/tr>\n<tr class=\"djc_attribute djc_ef_serbatoio_carburante\">\n<td class=\"djc_label\"><span class=\"djc_attribute-label\">SERBATOIO CARBURANTE L.<\/span><\/td>\n<td class=\"djc_value\">167<\/td>\n<\/tr>\n<tr class=\"djc_attribute djc_ef_n_persone\">\n<td class=\"djc_label\"><span class=\"djc_attribute-label\">N\u00b0 PERSONE<\/span><\/td>\n<td class=\"djc_value\">10<\/td>\n<\/tr>\n<tr class=\"djc_attribute djc_ef_categoria_ce\">\n<td class=\"djc_label\"><span class=\"djc_attribute-label\">CATEGORIA CE<\/span><\/td>\n<td class=\"djc_value\">C<\/td>\n<\/tr>\n<tr class=\"djc_attribute djc_ef_prezzo\">\n<td class=\"djc_label\"><span class=\"djc_attribute-label\">PREZZO IN \u20ac<\/span><\/td>\n<td class=\"djc_value\"><\/td>\n<\/tr>\n<tr class=\"djc_attribute djc_ef_iva\">\n<td class=\"djc_label\"><span class=\"djc_attribute-label\">IVA<\/span><\/td>\n<td class=\"djc_value\">ESCLUSA<\/td>\n<\/tr>\n<\/tbody>\n<\/table>\n<p>[\/vc_column_text][\/vc_tta_section][\/vc_tta_tabs][vc_empty_space][vc_column_text]<\/p>\n<h1><span style=\"font-size: 18pt;\">ALTRI MODELLI CC<\/span><\/h1>\n<p>[\/vc_column_text][vc_row_inner][vc_column_inner width=&#8221;1\/2&#8243;][vc_hoverbox image=&#8221;23308&#8243; primary_title=&#8221;&#8221; hover_title=&#8221;&#8221; hover_background_color=&#8221;peacoc&#8221; hover_btn_title=&#8221;Scopri CC5&#8243; hover_add_button=&#8221;true&#8221; hover_btn_link=&#8221;url:https%3A%2F%2Fwww.lepantomarine.it%2Fbayliner-dealer-lepantomarine%2Fcc-series-bayliner%2Fcc5-bayliner-element-centreconsole%2F&#8221;][\/vc_hoverbox][\/vc_column_inner][vc_column_inner width=&#8221;1\/2&#8243;][vc_hoverbox image=&#8221;23301&#8243; primary_title=&#8221;&#8221; hover_title=&#8221;&#8221; hover_background_color=&#8221;peacoc&#8221; hover_btn_title=&#8221;Scopri CC6&#8243; hover_add_button=&#8221;true&#8221; hover_btn_link=&#8221;url:https%3A%2F%2Fwww.lepantomarine.it%2Fbayliner-dealer-lepantomarine%2Fcc-series-bayliner%2Fcc6-bayliner-element-centreconsole%2F&#8221;][\/vc_hoverbox][\/vc_column_inner][\/vc_row_inner][\/vc_column][\/vc_row][vc_row][vc_column][vc_empty_space][vc_column_text]<\/p>\n<h1><span style=\"font-size: 18pt;\">RICHIEDI INFORMAZIONI<\/span><\/h1>\n<p>[\/vc_column_text]\n<div class=\"wpcf7 no-js\" id=\"wpcf7-f4-o1\" lang=\"en-US\" dir=\"ltr\">\n<div class=\"screen-reader-response\"><p role=\"status\" aria-live=\"polite\" aria-atomic=\"true\"><\/p> <ul><\/ul><\/div>\n<form action=\"\/en\/wp-json\/wp\/v2\/pages\/3361#wpcf7-f4-o1\" method=\"post\" class=\"wpcf7-form init wpcf7-acceptance-as-validation\" aria-label=\"Contact form\" novalidate=\"novalidate\" data-status=\"init\">\n<div style=\"display: none;\">\n<input type=\"hidden\" name=\"_wpcf7\" value=\"4\" \/>\n<input type=\"hidden\" name=\"_wpcf7_version\" value=\"5.9.2\" \/>\n<input type=\"hidden\" name=\"_wpcf7_locale\" value=\"en_US\" \/>\n<input type=\"hidden\" name=\"_wpcf7_unit_tag\" value=\"wpcf7-f4-o1\" \/>\n<input type=\"hidden\" name=\"_wpcf7_container_post\" value=\"0\" \/>\n<input type=\"hidden\" name=\"_wpcf7_posted_data_hash\" value=\"\" \/>\n<input type=\"hidden\" name=\"_wpcf7_recaptcha_response\" value=\"\" \/>\n<\/div>\n<div class=\"row\">\n    <div class=\"col-md-6 col-sm-6\">\n       <div class=\"form-group\">\n         <div class=\"form-label\">Nome:<\/div>\n         <span class=\"wpcf7-form-control-wrap\" data-name=\"your-name\"><input size=\"40\" class=\"wpcf7-form-control wpcf7-text wpcf7-validates-as-required\" aria-required=\"true\" aria-invalid=\"false\" value=\"\" type=\"text\" name=\"your-name\" \/><\/span>\n       <\/div>\n       <div class=\"form-group\">\n         <div class=\"form-label\">Telefono:<\/div>\n         <span class=\"wpcf7-form-control-wrap\" data-name=\"your-tel\"><input size=\"40\" class=\"wpcf7-form-control wpcf7-tel wpcf7-validates-as-required wpcf7-text wpcf7-validates-as-tel\" aria-required=\"true\" aria-invalid=\"false\" value=\"\" type=\"tel\" name=\"your-tel\" \/><\/span>\n       <\/div>\n       <div class=\"form-group\">\n         <div class=\"form-label\">Provincia:<\/div>\n         <span class=\"wpcf7-form-control-wrap\" data-name=\"your-prov\"><input size=\"40\" class=\"wpcf7-form-control wpcf7-text wpcf7-validates-as-required\" aria-required=\"true\" aria-invalid=\"false\" value=\"\" type=\"text\" name=\"your-prov\" \/><\/span>\n       <\/div>\n       <div class=\"form-group\">\n         <div class=\"form-label\">Email:<\/div>\n         <span class=\"wpcf7-form-control-wrap\" data-name=\"your-email\"><input size=\"40\" class=\"wpcf7-form-control wpcf7-email wpcf7-validates-as-required wpcf7-text wpcf7-validates-as-email\" aria-required=\"true\" aria-invalid=\"false\" value=\"\" type=\"email\" name=\"your-email\" \/><\/span>\n       <\/div>\n    <\/div>\n    <div class=\"col-md-6 col-sm-6\">\n       <div class=\"form-group-textarea\">\n         <div class=\"form-label\">Messaggio<\/div>\n         <span class=\"wpcf7-form-control-wrap\" data-name=\"your-message\"><textarea cols=\"40\" rows=\"10\" class=\"wpcf7-form-control wpcf7-textarea\" aria-invalid=\"false\" name=\"your-message\">Sono interessato a questo modello, vorrei essere contattato da un vostro referente commerciale per conoscere la vostra migliore proposta.<\/textarea><\/span>\n       <\/div>\nHo letto e accetto le <a href=\"\/privacy\/\">condizioni sulla Privacy<\/a>\n<span class=\"wpcf7-form-control-wrap\" data-name=\"acceptance-317\"><span class=\"wpcf7-form-control wpcf7-acceptance\"><span class=\"wpcf7-list-item\"><input type=\"checkbox\" name=\"acceptance-317\" value=\"1\" aria-invalid=\"false\" \/><\/span><\/span><\/span>\n          <input class=\"wpcf7-form-control wpcf7-submit has-spinner\" type=\"submit\" value=\"Invia\" \/>\n\n    <\/div>\n<\/div><div class=\"wpcf7-response-output\" aria-hidden=\"true\"><\/div>\n<\/form>\n<\/div>\n[\/vc_column][\/vc_row]<\/p>\n<\/div>","protected":false},"excerpt":{"rendered":"<p>[vc_row css=&#8221;.vc_custom_1518432902572{background-position: center !important;background-repeat: no-repeat !important;background-size: cover !important;}&#8221;][vc_column css=&#8221;.vc_custom_1518432963263{background-color: rgba(255,255,255,0.73) !important;*background-color: rgb(255,255,255) !important;}&#8221;][vc_single_image image=&#8221;1686&#8243; img_size=&#8221;full&#8221; alignment=&#8221;center&#8221;][vc_custom_heading text=&#8221;ELEMENT CC7&#8243; font_container=&#8221;tag:h2|font_size:25|text_align:center|color:%230c3366&#8243; use_theme_fonts=&#8221;yes&#8221;][vc_column_text] Bayliner CC7: Eleganza e funzionalit\u00e0 in perfetta sintonia. Progettato per i pescatori pi\u00f9 esigenti, il Bayliner CC7 \u00e8 un concentrato di funzionalit\u00e0 e comfort. La carena ad M, un vero punto di forza, garantisce una&#8230;<\/p>\n","protected":false},"author":1,"featured_media":23293,"parent":2754,"menu_order":0,"comment_status":"closed","ping_status":"closed","template":"","meta":{"footnotes":""},"class_list":["post-3361","page","type-page","status-publish","has-post-thumbnail","hentry"],"yoast_head":"<!-- This site is optimized with the Yoast SEO plugin v22.3 - https:\/\/yoast.com\/wordpress\/plugins\/seo\/ -->\n<title>Bayliner Element CC7 - Vendita barca nuova sul Lago di Garda<\/title>\n<meta name=\"description\" content=\"Vendita Bayliner Element CC7 nuovo a Peschiera del Garda. Barca a console centrale Bayliner Element CC7. Lepanto Marine rivenditore.\" \/>\n<meta name=\"robots\" content=\"index, follow, max-snippet:-1, max-image-preview:large, max-video-preview:-1\" \/>\n<link rel=\"canonical\" href=\"https:\/\/www.lepantomarine.it\/en\/bayliner\/cc-series\/cc7-bayliner-element-centreconsole\/\" \/>\n<meta property=\"og:locale\" content=\"en_US\" \/>\n<meta property=\"og:type\" content=\"article\" \/>\n<meta property=\"og:title\" content=\"Bayliner Element CC7 - Vendita barca nuova sul Lago di Garda\" \/>\n<meta property=\"og:description\" content=\"Vendita Bayliner Element CC7 nuovo a Peschiera del Garda. Barca a console centrale Bayliner Element CC7. Lepanto Marine rivenditore.\" \/>\n<meta property=\"og:url\" content=\"https:\/\/www.lepantomarine.it\/en\/bayliner\/cc-series\/cc7-bayliner-element-centreconsole\/\" \/>\n<meta property=\"og:site_name\" content=\"Lepanto Marine\" \/>\n<meta property=\"article:modified_time\" content=\"2024-11-25T10:22:36+00:00\" \/>\n<meta property=\"og:image\" content=\"https:\/\/www.lepantomarine.it\/wp-content\/uploads\/2024\/11\/fa6929c291cd.jpg\" \/>\n\t<meta property=\"og:image:width\" content=\"400\" \/>\n\t<meta property=\"og:image:height\" content=\"250\" \/>\n\t<meta property=\"og:image:type\" content=\"image\/jpeg\" \/>\n<meta name=\"twitter:card\" content=\"summary_large_image\" \/>\n<meta name=\"twitter:label1\" content=\"Est. reading time\" \/>\n\t<meta name=\"twitter:data1\" content=\"3 minutes\" \/>\n<script type=\"application\/ld+json\" class=\"yoast-schema-graph\">{\"@context\":\"https:\/\/schema.org\",\"@graph\":[{\"@type\":\"WebPage\",\"@id\":\"https:\/\/www.lepantomarine.it\/en\/bayliner\/cc-series\/cc7-bayliner-element-centreconsole\/\",\"url\":\"https:\/\/www.lepantomarine.it\/en\/bayliner\/cc-series\/cc7-bayliner-element-centreconsole\/\",\"name\":\"Bayliner Element CC7 - Vendita barca nuova sul Lago di Garda\",\"isPartOf\":{\"@id\":\"https:\/\/www.lepantomarine.it\/en\/#website\"},\"primaryImageOfPage\":{\"@id\":\"https:\/\/www.lepantomarine.it\/en\/bayliner\/cc-series\/cc7-bayliner-element-centreconsole\/#primaryimage\"},\"image\":{\"@id\":\"https:\/\/www.lepantomarine.it\/en\/bayliner\/cc-series\/cc7-bayliner-element-centreconsole\/#primaryimage\"},\"thumbnailUrl\":\"https:\/\/www.lepantomarine.it\/wp-content\/uploads\/2024\/11\/fa6929c291cd.jpg\",\"datePublished\":\"2018-02-15T16:41:21+00:00\",\"dateModified\":\"2024-11-25T10:22:36+00:00\",\"description\":\"Vendita Bayliner Element CC7 nuovo a Peschiera del Garda. Barca a console centrale Bayliner Element CC7. Lepanto Marine rivenditore.\",\"breadcrumb\":{\"@id\":\"https:\/\/www.lepantomarine.it\/en\/bayliner\/cc-series\/cc7-bayliner-element-centreconsole\/#breadcrumb\"},\"inLanguage\":\"en-US\",\"potentialAction\":[{\"@type\":\"ReadAction\",\"target\":[\"https:\/\/www.lepantomarine.it\/en\/bayliner\/cc-series\/cc7-bayliner-element-centreconsole\/\"]}]},{\"@type\":\"ImageObject\",\"inLanguage\":\"en-US\",\"@id\":\"https:\/\/www.lepantomarine.it\/en\/bayliner\/cc-series\/cc7-bayliner-element-centreconsole\/#primaryimage\",\"url\":\"https:\/\/www.lepantomarine.it\/wp-content\/uploads\/2024\/11\/fa6929c291cd.jpg\",\"contentUrl\":\"https:\/\/www.lepantomarine.it\/wp-content\/uploads\/2024\/11\/fa6929c291cd.jpg\",\"width\":400,\"height\":250,\"caption\":\"cc7\"},{\"@type\":\"BreadcrumbList\",\"@id\":\"https:\/\/www.lepantomarine.it\/en\/bayliner\/cc-series\/cc7-bayliner-element-centreconsole\/#breadcrumb\",\"itemListElement\":[{\"@type\":\"ListItem\",\"position\":1,\"name\":\"Home\",\"item\":\"https:\/\/www.lepantomarine.it\/en\/\"},{\"@type\":\"ListItem\",\"position\":2,\"name\":\"Bayliner\",\"item\":\"https:\/\/www.lepantomarine.it\/en\/bayliner\/\"},{\"@type\":\"ListItem\",\"position\":3,\"name\":\"Bayliner CC Series\",\"item\":\"https:\/\/www.lepantomarine.it\/en\/bayliner\/cc-series\/\"},{\"@type\":\"ListItem\",\"position\":4,\"name\":\"Bayliner Element CC7\"}]},{\"@type\":\"WebSite\",\"@id\":\"https:\/\/www.lepantomarine.it\/en\/#website\",\"url\":\"https:\/\/www.lepantomarine.it\/en\/\",\"name\":\"Lepanto Marine\",\"description\":\"\",\"potentialAction\":[{\"@type\":\"SearchAction\",\"target\":{\"@type\":\"EntryPoint\",\"urlTemplate\":\"https:\/\/www.lepantomarine.it\/en\/?s={search_term_string}\"},\"query-input\":\"required name=search_term_string\"}],\"inLanguage\":\"en-US\"}]}<\/script>\n<!-- \/ Yoast SEO plugin. -->","yoast_head_json":{"title":"Bayliner Element CC7 - Vendita barca nuova sul Lago di Garda","description":"Vendita Bayliner Element CC7 nuovo a Peschiera del Garda. Barca a console centrale Bayliner Element CC7. Lepanto Marine rivenditore.","robots":{"index":"index","follow":"follow","max-snippet":"max-snippet:-1","max-image-preview":"max-image-preview:large","max-video-preview":"max-video-preview:-1"},"canonical":"https:\/\/www.lepantomarine.it\/en\/bayliner\/cc-series\/cc7-bayliner-element-centreconsole\/","og_locale":"en_US","og_type":"article","og_title":"Bayliner Element CC7 - Vendita barca nuova sul Lago di Garda","og_description":"Vendita Bayliner Element CC7 nuovo a Peschiera del Garda. Barca a console centrale Bayliner Element CC7. Lepanto Marine rivenditore.","og_url":"https:\/\/www.lepantomarine.it\/en\/bayliner\/cc-series\/cc7-bayliner-element-centreconsole\/","og_site_name":"Lepanto Marine","article_modified_time":"2024-11-25T10:22:36+00:00","og_image":[{"width":400,"height":250,"url":"https:\/\/www.lepantomarine.it\/wp-content\/uploads\/2024\/11\/fa6929c291cd.jpg","type":"image\/jpeg"}],"twitter_card":"summary_large_image","twitter_misc":{"Est. reading time":"3 minutes"},"schema":{"@context":"https:\/\/schema.org","@graph":[{"@type":"WebPage","@id":"https:\/\/www.lepantomarine.it\/en\/bayliner\/cc-series\/cc7-bayliner-element-centreconsole\/","url":"https:\/\/www.lepantomarine.it\/en\/bayliner\/cc-series\/cc7-bayliner-element-centreconsole\/","name":"Bayliner Element CC7 - Vendita barca nuova sul Lago di Garda","isPartOf":{"@id":"https:\/\/www.lepantomarine.it\/en\/#website"},"primaryImageOfPage":{"@id":"https:\/\/www.lepantomarine.it\/en\/bayliner\/cc-series\/cc7-bayliner-element-centreconsole\/#primaryimage"},"image":{"@id":"https:\/\/www.lepantomarine.it\/en\/bayliner\/cc-series\/cc7-bayliner-element-centreconsole\/#primaryimage"},"thumbnailUrl":"https:\/\/www.lepantomarine.it\/wp-content\/uploads\/2024\/11\/fa6929c291cd.jpg","datePublished":"2018-02-15T16:41:21+00:00","dateModified":"2024-11-25T10:22:36+00:00","description":"Vendita Bayliner Element CC7 nuovo a Peschiera del Garda. Barca a console centrale Bayliner Element CC7. Lepanto Marine rivenditore.","breadcrumb":{"@id":"https:\/\/www.lepantomarine.it\/en\/bayliner\/cc-series\/cc7-bayliner-element-centreconsole\/#breadcrumb"},"inLanguage":"en-US","potentialAction":[{"@type":"ReadAction","target":["https:\/\/www.lepantomarine.it\/en\/bayliner\/cc-series\/cc7-bayliner-element-centreconsole\/"]}]},{"@type":"ImageObject","inLanguage":"en-US","@id":"https:\/\/www.lepantomarine.it\/en\/bayliner\/cc-series\/cc7-bayliner-element-centreconsole\/#primaryimage","url":"https:\/\/www.lepantomarine.it\/wp-content\/uploads\/2024\/11\/fa6929c291cd.jpg","contentUrl":"https:\/\/www.lepantomarine.it\/wp-content\/uploads\/2024\/11\/fa6929c291cd.jpg","width":400,"height":250,"caption":"cc7"},{"@type":"BreadcrumbList","@id":"https:\/\/www.lepantomarine.it\/en\/bayliner\/cc-series\/cc7-bayliner-element-centreconsole\/#breadcrumb","itemListElement":[{"@type":"ListItem","position":1,"name":"Home","item":"https:\/\/www.lepantomarine.it\/en\/"},{"@type":"ListItem","position":2,"name":"Bayliner","item":"https:\/\/www.lepantomarine.it\/en\/bayliner\/"},{"@type":"ListItem","position":3,"name":"Bayliner CC Series","item":"https:\/\/www.lepantomarine.it\/en\/bayliner\/cc-series\/"},{"@type":"ListItem","position":4,"name":"Bayliner Element CC7"}]},{"@type":"WebSite","@id":"https:\/\/www.lepantomarine.it\/en\/#website","url":"https:\/\/www.lepantomarine.it\/en\/","name":"Lepanto Marine","description":"","potentialAction":[{"@type":"SearchAction","target":{"@type":"EntryPoint","urlTemplate":"https:\/\/www.lepantomarine.it\/en\/?s={search_term_string}"},"query-input":"required name=search_term_string"}],"inLanguage":"en-US"}]}},"_links":{"self":[{"href":"https:\/\/www.lepantomarine.it\/en\/wp-json\/wp\/v2\/pages\/3361","targetHints":{"allow":["GET"]}}],"collection":[{"href":"https:\/\/www.lepantomarine.it\/en\/wp-json\/wp\/v2\/pages"}],"about":[{"href":"https:\/\/www.lepantomarine.it\/en\/wp-json\/wp\/v2\/types\/page"}],"author":[{"embeddable":true,"href":"https:\/\/www.lepantomarine.it\/en\/wp-json\/wp\/v2\/users\/1"}],"replies":[{"embeddable":true,"href":"https:\/\/www.lepantomarine.it\/en\/wp-json\/wp\/v2\/comments?post=3361"}],"version-history":[{"count":17,"href":"https:\/\/www.lepantomarine.it\/en\/wp-json\/wp\/v2\/pages\/3361\/revisions"}],"predecessor-version":[{"id":23599,"href":"https:\/\/www.lepantomarine.it\/en\/wp-json\/wp\/v2\/pages\/3361\/revisions\/23599"}],"up":[{"embeddable":true,"href":"https:\/\/www.lepantomarine.it\/en\/wp-json\/wp\/v2\/pages\/2754"}],"wp:featuredmedia":[{"embeddable":true,"href":"https:\/\/www.lepantomarine.it\/en\/wp-json\/wp\/v2\/media\/23293"}],"wp:attachment":[{"href":"https:\/\/www.lepantomarine.it\/en\/wp-json\/wp\/v2\/media?parent=3361"}],"curies":[{"name":"wp","href":"https:\/\/api.w.org\/{rel}","templated":true}]}}