{"id":1413,"date":"2015-09-18T09:48:28","date_gmt":"2015-09-18T07:48:28","guid":{"rendered":"https:\/\/www.lepantomarine.it\/front-page\/"},"modified":"2024-03-21T11:51:23","modified_gmt":"2024-03-21T10:51:23","slug":"home","status":"publish","type":"page","link":"https:\/\/www.lepantomarine.it\/en\/","title":{"rendered":"Home"},"content":{"rendered":"<div class=\"wpb-content-wrapper\"><p>[vc_row full_width=&#8221;stretch_row&#8221; css=&#8221;.vc_custom_1711018266784{margin-top: -40px !important;margin-bottom: 0px !important;}&#8221; el_class=&#8221;stm-slider-nice-height&#8221;][vc_column][rev_slider_vc alias=&#8221;home-inglese&#8221;][\/vc_column][\/vc_row][vc_row css=&#8221;.vc_custom_1448544673381{margin-bottom: 57px !important;}&#8221;][vc_column][stm_car_listing_tabbed tab_affix=&#8221;&#8221; found_cars_prefix=&#8221;&#8221; search_icon=&#8221;stm-icon-search&#8221; filter_columns_number=&#8221;4&#8243; filter_selected=&#8221;categoria,tipologia,marca,anno&#8221; call_to_action_icon=&#8221;stm-icon-question&#8221; call_to_action_icon_right=&#8221;stm-icon-phone2&#8243; call_to_action_text_color=&#8221;#ffffff&#8221; enable_search=&#8221;true&#8221; enable_call_to_action=&#8221;true&#8221; taxonomy=&#8221;stock-en | categoria, mercury-en | marca, used | categoria,&#8221; per_page=&#8221;8&#8243; search_label=&#8221;ADVANCED SEARCH&#8221; call_to_action_label=&#8221;Questions? Call us now!&#8221; call_to_action_label_right=&#8221;+39 045640165&#8243;]<\/p>\n<h2><span style=\"color: #ffffff;\">WELCOME TO<\/span> <span class=\"stm-base-color\">LEPANTO MARINE<\/span><\/h2>\n<p>[\/stm_car_listing_tabbed][\/vc_column][\/vc_row][vc_row stm_fullwidth=&#8221;yes&#8221; blackout_opacity=&#8221;20&#8243; css=&#8221;.vc_custom_1518479095565{margin-bottom: 0px !important;padding-top: 137px !important;padding-bottom: 113px !important;background-image: url(https:\/\/www.lepantomarine.it\/wp-content\/uploads\/2018\/02\/lago-garda.jpg?id=1865) !important;}&#8221; el_class=&#8221;stm-icon-box-adaptive-style-one&#8221;][vc_column offset=&#8221;vc_col-lg-6&#8243; css=&#8221;.vc_custom_1448967644598{margin-bottom: 30px !important;}&#8221;][stm_icon_box style_layout=&#8221;boats&#8221; icon=&#8221;stm-service-icon-sales_hours&#8221; icon_size=&#8221;54&#8243; box_bg_color=&#8221;#fab637&#8243; box_text_color=&#8221;#232628&#8243; link=&#8221;url:https%3A%2F%2Fwww.rentbooking.it%2F|title:Rent%20Boat%20Lake%20Garda||&#8221; title=&#8221;Rent Boat with out Licence&#8221; line_height=&#8221;17&#8243; icon_color=&#8221;#232628&#8243;]<span style=\"color: #ffffff;\">Rent a boat to discover the beauty of Lake Garda. You can drive a boat up to 40 hp WITHOUT BOAT LICENSE.<\/span>[\/stm_icon_box][\/vc_column][vc_column offset=&#8221;vc_col-lg-6&#8243; css=&#8221;.vc_custom_1448967649806{margin-bottom: 30px !important;}&#8221;][stm_icon_box icon=&#8221;fa fa-file-text-o&#8221; title=&#8221;Rent Boat with Licence&#8221; box_bg_color=&#8221;#ff4848&#8243; line_height=&#8221;17&#8243; icon_color=&#8221;#232628&#8243; link=&#8221;url:https%3A%2F%2Fwww.rentbooking.it%2F|title:Rent%20Boat%20Lake%20Garda||&#8221;]<span style=\"color: #ffffff;\">Rent a boat to discover the beauty of Lake Garda. You can drive a boat with a boat license.<\/span>[\/stm_icon_box][\/vc_column][\/vc_row][vc_row full_width=&#8221;stretch_row&#8221; css=&#8221;.vc_custom_1452940382308{margin-bottom: 0px !important;padding-top: 51px !important;padding-bottom: 40px !important;background-image: url(https:\/\/www.lepantomarine.it\/wp-content\/uploads\/2015\/09\/special_bg.png?id=1349) !important;background-position: 0 0 !important;background-repeat: repeat !important;}&#8221;][vc_column][stm_special_offers show_all_link_specials=&#8221;true&#8221; colored_first_word=&#8221;true&#8221; title=&#8221;RECOMMENDED BY LEPANTO MARINE&#8221;][\/vc_column][\/vc_row][vc_row full_width=&#8221;stretch_row&#8221; css=&#8221;.vc_custom_1448968797570{margin-bottom: 0px !important;padding-top: 51px !important;padding-bottom: 62px !important;background-color: #f0f2f5 !important;}&#8221; el_class=&#8221;stm-adaptive-tablet-margins&#8221;][vc_column][vc_row_inner css=&#8221;.vc_custom_1448532576588{margin-bottom: 0px !important;}&#8221;][vc_column_inner][vc_custom_heading text=&#8221;FROM LEPANTO MARINE YOU WILL FIND YOU&#8221; font_container=&#8221;tag:h2|text_align:center&#8221; use_theme_fonts=&#8221;yes&#8221; css=&#8221;.vc_custom_1519380015804{margin-bottom: 23px !important;}&#8221;][\/vc_column_inner][\/vc_row_inner][vc_row_inner css=&#8221;.vc_custom_1448532584673{margin-bottom: 54px !important;}&#8221;][vc_column_inner][stm_color_separator color=&#8221;#cc6119&#8243;][\/vc_column_inner][\/vc_row_inner][vc_row_inner css=&#8221;.vc_custom_1448861118351{margin-bottom: 9px !important;}&#8221; el_class=&#8221;stm-icon-box-adaptive-style-three&#8221;][vc_column_inner width=&#8221;1\/4&#8243;][stm_icon_box title_holder=&#8221;h6&#8243; style_layout=&#8221;boats&#8221; icon=&#8221;stm-icon-label&#8221; title=&#8221;Fixed Financing&#8221; box_bg_color=&#8221;rgba(255,255,255,0.01)&#8221; css=&#8221;.vc_custom_1519379115589{margin-bottom: 46px !important;padding-top: 0px !important;padding-right: 0px !important;padding-bottom: 0px !important;padding-left: 29px !important;}&#8221; icon_size=&#8221;52&#8243; css_icon=&#8221;.vc_custom_1519379115589{margin-top: 4px !important;margin-right: 23px !important;}&#8221; line_height=&#8221;16&#8243;]<span style=\"color: #888888; line-height: 16px;\">Our stress-free finance department that can find financial solutions to save you money.<\/span>[\/stm_icon_box][\/vc_column_inner][vc_column_inner width=&#8221;1\/4&#8243;][stm_icon_box title_holder=&#8221;h6&#8243; style_layout=&#8221;boats&#8221; icon=&#8221;stm-icon-speedometr&#8221; title=&#8221;The best brands&#8221; box_bg_color=&#8221;rgba(255,255,255,0.01)&#8221; css=&#8221;.vc_custom_1519379186981{margin-bottom: 46px !important;padding-top: 0px !important;padding-right: 0px !important;padding-bottom: 0px !important;padding-left: 18px !important;}&#8221; css_icon=&#8221;.vc_custom_1519379186980{margin-top: 2px !important;margin-right: 22px !important;}&#8221; line_height=&#8221;16&#8243;]<span style=\"color: #888888; line-height: 16px;\">With a robust selection of popular boats on hand.<\/span>[\/stm_icon_box][\/vc_column_inner][vc_column_inner width=&#8221;1\/4&#8243;][stm_icon_box title_holder=&#8221;h6&#8243; icon=&#8221;stm-icon-chat&#8221; title=&#8221;Dedicated assistance&#8221; box_bg_color=&#8221;rgba(255,255,255,0.01)&#8221; css=&#8221;.vc_custom_1519379218160{margin-bottom: 46px !important;padding-top: 0px !important;padding-right: 0px !important;padding-bottom: 0px !important;padding-left: 9px !important;}&#8221; icon_size=&#8221;44&#8243; css_icon=&#8221;.vc_custom_1519379218159{margin-top: 3px !important;margin-right: 17px !important;}&#8221; line_height=&#8221;16&#8243;]<span style=\"color: #888888; line-height: 16px;\">10 new offers every day. 350 offers on site, trusted by a community of thousands of users.<\/span>[\/stm_icon_box][\/vc_column_inner][vc_column_inner width=&#8221;1\/4&#8243;][stm_icon_box title_holder=&#8221;h6&#8243; icon=&#8221;stm-icon-application&#8221; title=&#8221;Charter Boats&#8221; box_bg_color=&#8221;rgba(255,255,255,0.01)&#8221; css=&#8221;.vc_custom_1519379267485{margin-bottom: 46px !important;padding-top: 0px !important;padding-right: 0px !important;padding-bottom: 0px !important;padding-left: 6px !important;}&#8221; icon_size=&#8221;52&#8243; css_icon=&#8221;.vc_custom_1519379267485{margin-top: -1px !important;margin-right: 29px !important;}&#8221; line_height=&#8221;16&#8243;]<span style=\"color: #888888; line-height: 16px;\">Beautiful, new or nearly new boats that have been especially designed and prepared for rental, featuring powerful, reliable, silent, 4 stroke engines that offer reduced fuel consumption and are environmentally friendly. Make the most of your days on the lake!<\/span>[\/stm_icon_box][\/vc_column_inner][\/vc_row_inner][vc_row_inner][vc_column_inner][stm_icon_button align=&#8221;center&#8221; icon=&#8221;fa fa-home&#8221; link=&#8221;url:https%3A%2F%2Fwww.lepantomarine.it%2Fen%2Fabout-us%2F|title:COMPANY||&#8221;][\/vc_column_inner][\/vc_row_inner][\/vc_column][\/vc_row][vc_row stm_fullwidth=&#8221;yes&#8221; blackout_opacity=&#8221;40&#8243; css=&#8221;.vc_custom_1518479562248{margin-bottom: 0px !important;padding-top: 83px !important;padding-bottom: 79px !important;background-image: url(https:\/\/www.lepantomarine.it\/wp-content\/uploads\/2018\/02\/lago-garda-slide1.jpg?id=1880) !important;}&#8221;][vc_column el_class=&#8221;stm-icon-box-adaptive-style-one&#8221; offset=&#8221;vc_col-lg-6 vc_col-md-8&#8243;][stm_icon_box style_layout=&#8221;boats&#8221; bottom_triangle=&#8221;true&#8221; css=&#8221;.vc_custom_1519379391811{padding-top: 65px !important;padding-right: 80px !important;padding-bottom: 56px !important;padding-left: 63px !important;}&#8221; link=&#8221;url:https%3A%2F%2Fwww.rentbooking.it||target:%20_blank|&#8221;]<\/p>\n<p style=\"margin-bottom: 25px;\">Rent a boat to discover the beauty of Lake Garda. You can drive a boat up to a maximum of 40 hp WITHOUT A BOATING LICENCE.<br \/>\nBeautiful, new or nearly new boats that have been especially designed and prepared for rental, featuring powerful, reliable, silent, 4 stroke engines that offer reduced fuel consumption and are environmentally friendly. Make the most of your days on the lake!<br \/>\nExclusive news for 2018: all boats are equipped with Tablet\/GPS 10&#8242;, SmartCraft SC1000 and the new Active Trim Mercury; 6 new models of Bayliner, Rand and Sea Ray; All outboard motors are model 2017\/18.<br \/>\nAll our boats are supplied with a sunshade, a stereo system with AUX \/ USB port and 12V outlet. Bring your sunscreen and music with you.<br \/>\nOur staff will demonstrate how to operate the boat before you leave the port. All the boats are equipped with obligatory safety accessories, as well as fenders, ropes, anchor, etc.<br \/>\nBoats are available anytime with advance reservations (schedule and staffing permitting). We recommend to book at least 24-48 hours, in advance for weekend and high season rentals (July and August).<br \/>\nFor a day or even for only an hour in total relaxation, you can request the presence of an experienced skipper who will take you to visit the most beautiful and characteristic places of Lake Garda. \u00a0Also perfect for your special event or as a gift.<\/p>\n<p>[\/stm_icon_box][\/vc_column][vc_column width=&#8221;1\/2&#8243;][\/vc_column][\/vc_row][vc_row image_size=&#8221;200&#215;100&#8243; image=&#8221;1966,1972,1975,1978,1981,1984,1987,1990,1993,1996&#8243; number_to_show=&#8221;&#8221;][vc_column][stm_our_partners image_size=&#8221;200&#215;100&#8243; image=&#8221;1966,1972,1981,1984,1990,1993&#8243;][\/vc_column][\/vc_row][vc_row][vc_column width=&#8221;1\/4&#8243;][vc_column_text]<\/p>\n<div id=\"TA_selfserveprop176\" class=\"TA_selfserveprop\">\n<ul id=\"wyut4bkT\" class=\"TA_links p06dimvL\">\n<li id=\"ow6jUHlXMp\" class=\"eZimbtsY6\"><a href=\"https:\/\/www.tripadvisor.it\/Attraction_Review-g635642-d10210036-Reviews-Lepanto_Marine-Peschiera_del_Garda_Province_of_Verona_Veneto.html\" target=\"_blank\" rel=\"noopener\"><img decoding=\"async\" src=\"https:\/\/www.tripadvisor.it\/img\/cdsi\/img2\/branding\/v2\/Tripadvisor_lockup_horizontal_secondary_registered-11900-2.svg\" alt=\"TripAdvisor\" \/><\/a><\/li>\n<\/ul>\n<\/div>\n<p><script async src=\"https:\/\/www.jscache.com\/wejs?wtype=selfserveprop&amp;uniq=176&amp;locationId=10210036&amp;lang=it&amp;rating=true&amp;nreviews=5&amp;writereviewlink=true&amp;popIdx=true&amp;iswide=false&amp;border=true&amp;display_version=2\" data-loadtrk onload=\"this.loadtrk=true\"><\/script>[\/vc_column_text][\/vc_column][vc_column width=&#8221;3\/4&#8243;][vc_column_text]<div class=\"ti-widget ti-goog\" data-layout-id=\"4\" data-set-id=\"light-background\" data-pid=\"\" data-pager-autoplay-timeout=\"6\" data-review-target-width=\"300\" data-language=\"it\" > <div class=\"ti-widget-container ti-col-3\"> <div class=\"ti-reviews-container\"> <div class=\"ti-controls\"> <div class=\"ti-next\"><\/div> <div class=\"ti-prev\"><\/div> <\/div> <div class=\"ti-reviews-container-wrapper\">  <div data-empty=\"0\" class=\"ti-review-item source-Google\" > <div class=\"ti-inner\"> <div class=\"ti-review-header\"> <div class=\"ti-profile-img\"> <img decoding=\"async\" src=\"https:\/\/lh3.googleusercontent.com\/a\/ACg8ocLJeQmqByuqHhRJ4mr1dureFd4DSgX7pcKSbGKPtxd0=s120-c-rp-mo-ba3-br100\" alt=\"Guido Schlimbach\" \/> <\/div> <div class=\"ti-profile-details\"> <div class=\"ti-name\"> Guido Schlimbach <\/div> <div class=\"ti-date\">2023-06-28<\/div> <\/div> <\/div> <span class=\"ti-stars\"><span class=\"ti-star f\"><\/span><span class=\"ti-star f\"><\/span><span class=\"ti-star f\"><\/span><span class=\"ti-star f\"><\/span><span class=\"ti-star f\"><\/span><\/span> <div class=\"ti-review-text-container ti-review-content\"><!-- R-CONTENT -->Direkt das passende \u00d6l f\u00fcr meinen Mercruiser 898 Motor zur Hand, Danke daf\u00fcr!<!-- R-CONTENT --><\/div> <span class=\"ti-read-more\" data-container=\".ti-review-content\" data-collapse-text=\"Nascondere\" data-open-text=\"Leggi di pi\u00f9\" ><\/span> <\/div> <\/div>  <div data-empty=\"0\" class=\"ti-review-item source-Google\" > <div class=\"ti-inner\"> <div class=\"ti-review-header\"> <div class=\"ti-profile-img\"> <img decoding=\"async\" src=\"https:\/\/lh3.googleusercontent.com\/a\/ACg8ocKx_dM9DJ1vkotJ1cbHIeM_TL3QMgkxNZuTFCXbGSTtqw=s120-c-rp-mo-ba4-br100\" alt=\"Andrea Placani\" \/> <\/div> <div class=\"ti-profile-details\"> <div class=\"ti-name\"> Andrea Placani <\/div> <div class=\"ti-date\">2022-11-16<\/div> <\/div> <\/div> <span class=\"ti-stars\"><span class=\"ti-star f\"><\/span><span class=\"ti-star f\"><\/span><span class=\"ti-star f\"><\/span><span class=\"ti-star f\"><\/span><span class=\"ti-star f\"><\/span><\/span> <div class=\"ti-review-text-container ti-review-content\"><!-- R-CONTENT -->Molto gentili, disponibili e professionali. Non posso che parlarne benissimo!!!<!-- R-CONTENT --><\/div> <span class=\"ti-read-more\" data-container=\".ti-review-content\" data-collapse-text=\"Nascondere\" data-open-text=\"Leggi di pi\u00f9\" ><\/span> <\/div> <\/div>  <div data-empty=\"0\" class=\"ti-review-item source-Google\" > <div class=\"ti-inner\"> <div class=\"ti-review-header\"> <div class=\"ti-profile-img\"> <img decoding=\"async\" src=\"https:\/\/lh3.googleusercontent.com\/a\/ACg8ocKowWSB__JqmsSh2o4e3Zpw8A3jrYx8uWkPaMBUo4NM=s120-c-rp-mo-br100\" alt=\"Riccardo Rizzi\" \/> <\/div> <div class=\"ti-profile-details\"> <div class=\"ti-name\"> Riccardo Rizzi <\/div> <div class=\"ti-date\">2022-11-04<\/div> <\/div> <\/div> <span class=\"ti-stars\"><span class=\"ti-star f\"><\/span><span class=\"ti-star f\"><\/span><span class=\"ti-star f\"><\/span><span class=\"ti-star f\"><\/span><span class=\"ti-star f\"><\/span><\/span> <div class=\"ti-review-text-container ti-review-content\"><!-- R-CONTENT -->Lavori eseguiti perfettamente, disponibilit\u00e0 e professionalit\u00e0 prima di tutto, bravi!<!-- R-CONTENT --><\/div> <span class=\"ti-read-more\" data-container=\".ti-review-content\" data-collapse-text=\"Nascondere\" data-open-text=\"Leggi di pi\u00f9\" ><\/span> <\/div> <\/div>  <div data-empty=\"0\" class=\"ti-review-item source-Google\" > <div class=\"ti-inner\"> <div class=\"ti-review-header\"> <div class=\"ti-profile-img\"> <img decoding=\"async\" src=\"https:\/\/lh3.googleusercontent.com\/a-\/ALV-UjWZajhq8s7ptvxzDzIzIb5SXzgXMcTsvrvtNCSkR7_4lKM=s120-c-rp-mo-ba4-br100\" alt=\"Alessandro\" \/> <\/div> <div class=\"ti-profile-details\"> <div class=\"ti-name\"> Alessandro <\/div> <div class=\"ti-date\">2022-04-05<\/div> <\/div> <\/div> <span class=\"ti-stars\"><span class=\"ti-star f\"><\/span><span class=\"ti-star f\"><\/span><span class=\"ti-star f\"><\/span><span class=\"ti-star f\"><\/span><span class=\"ti-star f\"><\/span><\/span> <div class=\"ti-review-text-container ti-review-content\"><!-- R-CONTENT -->Negozio di materiali per la nautica ben fornito e efficienti nella consegna, un ordine telefonico fatto al venerd\u00ec \u00e8 stato evaso il luned\u00ec mattina seguente, ottimo! Personale competente che d\u00e0 consigli sulle applicazioni. Sicuramente merita considerazione per gli acquisti.<!-- R-CONTENT --><\/div> <span class=\"ti-read-more\" data-container=\".ti-review-content\" data-collapse-text=\"Nascondere\" data-open-text=\"Leggi di pi\u00f9\" ><\/span> <\/div> <\/div>  <\/div> <div class=\"ti-controls-line\"> <div class=\"dot\"><\/div> <\/div> <\/div> <div class=\"ti-footer\"> <div class=\"ti-rating-text\"> <span class=\"nowrap\">Valutazione complessiva <strong>Google<\/strong> <\/span><span class=\"nowrap\"><strong>4.7<\/strong> su 5, <\/span><span class=\"nowrap\">in base a <strong>39 recensioni<\/strong><\/span> <\/div> <\/div>  <\/div> <\/div>[\/vc_column_text][\/vc_column][\/vc_row]<\/p>\n<\/div>","protected":false},"excerpt":{"rendered":"<p>[vc_row full_width=&#8221;stretch_row&#8221; css=&#8221;.vc_custom_1711018266784{margin-top: -40px !important;margin-bottom: 0px !important;}&#8221; el_class=&#8221;stm-slider-nice-height&#8221;][vc_column][rev_slider_vc alias=&#8221;home-inglese&#8221;][\/vc_column][\/vc_row][vc_row css=&#8221;.vc_custom_1448544673381{margin-bottom: 57px !important;}&#8221;][vc_column][stm_car_listing_tabbed tab_affix=&#8221;&#8221; found_cars_prefix=&#8221;&#8221; search_icon=&#8221;stm-icon-search&#8221; filter_columns_number=&#8221;4&#8243; filter_selected=&#8221;categoria,tipologia,marca,anno&#8221; call_to_action_icon=&#8221;stm-icon-question&#8221; call_to_action_icon_right=&#8221;stm-icon-phone2&#8243; call_to_action_text_color=&#8221;#ffffff&#8221; enable_search=&#8221;true&#8221; enable_call_to_action=&#8221;true&#8221; taxonomy=&#8221;stock-en | categoria, mercury-en | marca, used | categoria,&#8221; per_page=&#8221;8&#8243; search_label=&#8221;ADVANCED SEARCH&#8221; call_to_action_label=&#8221;Questions? Call us now!&#8221; call_to_action_label_right=&#8221;+39 045640165&#8243;] WELCOME TO LEPANTO MARINE [\/stm_car_listing_tabbed][\/vc_column][\/vc_row][vc_row stm_fullwidth=&#8221;yes&#8221; blackout_opacity=&#8221;20&#8243; css=&#8221;.vc_custom_1518479095565{margin-bottom: 0px !important;padding-top: 137px !important;padding-bottom: 113px !important;background-image: url(https:\/\/www.lepantomarine.it\/wp-content\/uploads\/2018\/02\/lago-garda.jpg?id=1865)&#8230;<\/p>\n","protected":false},"author":1,"featured_media":0,"parent":0,"menu_order":0,"comment_status":"closed","ping_status":"closed","template":"","meta":{"footnotes":""},"class_list":["post-1413","page","type-page","status-publish","hentry"],"yoast_head":"<!-- This site is optimized with the Yoast SEO plugin v22.3 - https:\/\/yoast.com\/wordpress\/plugins\/seo\/ -->\n<title>Exclusive distributor for Italy, Austria and Slovenia: Bayliner - Mercury<\/title>\n<meta name=\"description\" content=\"Bayliner and Mercury. Rental and leasing: you can rent for an hour, a day, a weekend or even for the entire season. Choose from a wide range of boats and day cruisers, with or without a licence. Exclusive distributor for Italy, Austria and Slovenia: Bayliner, dealer Mercury Marine engines.\" \/>\n<meta name=\"robots\" content=\"index, follow, max-snippet:-1, max-image-preview:large, max-video-preview:-1\" \/>\n<link rel=\"canonical\" href=\"https:\/\/www.lepantomarine.it\/en\/\" \/>\n<meta property=\"og:locale\" content=\"en_US\" \/>\n<meta property=\"og:type\" content=\"article\" \/>\n<meta property=\"og:title\" content=\"Exclusive distributor for Italy, Austria and Slovenia: Bayliner - Mercury\" \/>\n<meta property=\"og:description\" content=\"Bayliner and Mercury. Rental and leasing: you can rent for an hour, a day, a weekend or even for the entire season. Choose from a wide range of boats and day cruisers, with or without a licence. Exclusive distributor for Italy, Austria and Slovenia: Bayliner, dealer Mercury Marine engines.\" \/>\n<meta property=\"og:url\" content=\"https:\/\/www.lepantomarine.it\/en\/\" \/>\n<meta property=\"og:site_name\" content=\"Lepanto Marine\" \/>\n<meta property=\"article:modified_time\" content=\"2024-03-21T10:51:23+00:00\" \/>\n<meta property=\"og:image\" content=\"https:\/\/www.tripadvisor.it\/img\/cdsi\/img2\/branding\/v2\/Tripadvisor_lockup_horizontal_secondary_registered-11900-2.svg\" \/>\n<meta name=\"twitter:card\" content=\"summary_large_image\" \/>\n<meta name=\"twitter:label1\" content=\"Est. reading time\" \/>\n\t<meta name=\"twitter:data1\" content=\"4 minutes\" \/>\n<script type=\"application\/ld+json\" class=\"yoast-schema-graph\">{\"@context\":\"https:\/\/schema.org\",\"@graph\":[{\"@type\":\"WebPage\",\"@id\":\"https:\/\/www.lepantomarine.it\/en\/\",\"url\":\"https:\/\/www.lepantomarine.it\/en\/\",\"name\":\"Exclusive distributor for Italy, Austria and Slovenia: Bayliner - Mercury\",\"isPartOf\":{\"@id\":\"https:\/\/www.lepantomarine.it\/en\/#website\"},\"primaryImageOfPage\":{\"@id\":\"https:\/\/www.lepantomarine.it\/en\/#primaryimage\"},\"image\":{\"@id\":\"https:\/\/www.lepantomarine.it\/en\/#primaryimage\"},\"thumbnailUrl\":\"https:\/\/www.tripadvisor.it\/img\/cdsi\/img2\/branding\/v2\/Tripadvisor_lockup_horizontal_secondary_registered-11900-2.svg\",\"datePublished\":\"2015-09-18T07:48:28+00:00\",\"dateModified\":\"2024-03-21T10:51:23+00:00\",\"description\":\"Bayliner and Mercury. Rental and leasing: you can rent for an hour, a day, a weekend or even for the entire season. Choose from a wide range of boats and day cruisers, with or without a licence. Exclusive distributor for Italy, Austria and Slovenia: Bayliner, dealer Mercury Marine engines.\",\"breadcrumb\":{\"@id\":\"https:\/\/www.lepantomarine.it\/en\/#breadcrumb\"},\"inLanguage\":\"en-US\",\"potentialAction\":[{\"@type\":\"ReadAction\",\"target\":[\"https:\/\/www.lepantomarine.it\/en\/\"]}]},{\"@type\":\"ImageObject\",\"inLanguage\":\"en-US\",\"@id\":\"https:\/\/www.lepantomarine.it\/en\/#primaryimage\",\"url\":\"https:\/\/www.tripadvisor.it\/img\/cdsi\/img2\/branding\/v2\/Tripadvisor_lockup_horizontal_secondary_registered-11900-2.svg\",\"contentUrl\":\"https:\/\/www.tripadvisor.it\/img\/cdsi\/img2\/branding\/v2\/Tripadvisor_lockup_horizontal_secondary_registered-11900-2.svg\"},{\"@type\":\"BreadcrumbList\",\"@id\":\"https:\/\/www.lepantomarine.it\/en\/#breadcrumb\",\"itemListElement\":[{\"@type\":\"ListItem\",\"position\":1,\"name\":\"Home\",\"item\":\"https:\/\/www.lepantomarine.it\/en\/\"},{\"@type\":\"ListItem\",\"position\":2,\"name\":\"Home\"}]},{\"@type\":\"WebSite\",\"@id\":\"https:\/\/www.lepantomarine.it\/en\/#website\",\"url\":\"https:\/\/www.lepantomarine.it\/en\/\",\"name\":\"Lepanto Marine\",\"description\":\"\",\"potentialAction\":[{\"@type\":\"SearchAction\",\"target\":{\"@type\":\"EntryPoint\",\"urlTemplate\":\"https:\/\/www.lepantomarine.it\/en\/?s={search_term_string}\"},\"query-input\":\"required name=search_term_string\"}],\"inLanguage\":\"en-US\"}]}<\/script>\n<!-- \/ Yoast SEO plugin. -->","yoast_head_json":{"title":"Exclusive distributor for Italy, Austria and Slovenia: Bayliner - Mercury","description":"Bayliner and Mercury. Rental and leasing: you can rent for an hour, a day, a weekend or even for the entire season. Choose from a wide range of boats and day cruisers, with or without a licence. Exclusive distributor for Italy, Austria and Slovenia: Bayliner, dealer Mercury Marine engines.","robots":{"index":"index","follow":"follow","max-snippet":"max-snippet:-1","max-image-preview":"max-image-preview:large","max-video-preview":"max-video-preview:-1"},"canonical":"https:\/\/www.lepantomarine.it\/en\/","og_locale":"en_US","og_type":"article","og_title":"Exclusive distributor for Italy, Austria and Slovenia: Bayliner - Mercury","og_description":"Bayliner and Mercury. Rental and leasing: you can rent for an hour, a day, a weekend or even for the entire season. Choose from a wide range of boats and day cruisers, with or without a licence. Exclusive distributor for Italy, Austria and Slovenia: Bayliner, dealer Mercury Marine engines.","og_url":"https:\/\/www.lepantomarine.it\/en\/","og_site_name":"Lepanto Marine","article_modified_time":"2024-03-21T10:51:23+00:00","og_image":[{"url":"https:\/\/www.tripadvisor.it\/img\/cdsi\/img2\/branding\/v2\/Tripadvisor_lockup_horizontal_secondary_registered-11900-2.svg"}],"twitter_card":"summary_large_image","twitter_misc":{"Est. reading time":"4 minutes"},"schema":{"@context":"https:\/\/schema.org","@graph":[{"@type":"WebPage","@id":"https:\/\/www.lepantomarine.it\/en\/","url":"https:\/\/www.lepantomarine.it\/en\/","name":"Exclusive distributor for Italy, Austria and Slovenia: Bayliner - Mercury","isPartOf":{"@id":"https:\/\/www.lepantomarine.it\/en\/#website"},"primaryImageOfPage":{"@id":"https:\/\/www.lepantomarine.it\/en\/#primaryimage"},"image":{"@id":"https:\/\/www.lepantomarine.it\/en\/#primaryimage"},"thumbnailUrl":"https:\/\/www.tripadvisor.it\/img\/cdsi\/img2\/branding\/v2\/Tripadvisor_lockup_horizontal_secondary_registered-11900-2.svg","datePublished":"2015-09-18T07:48:28+00:00","dateModified":"2024-03-21T10:51:23+00:00","description":"Bayliner and Mercury. Rental and leasing: you can rent for an hour, a day, a weekend or even for the entire season. Choose from a wide range of boats and day cruisers, with or without a licence. Exclusive distributor for Italy, Austria and Slovenia: Bayliner, dealer Mercury Marine engines.","breadcrumb":{"@id":"https:\/\/www.lepantomarine.it\/en\/#breadcrumb"},"inLanguage":"en-US","potentialAction":[{"@type":"ReadAction","target":["https:\/\/www.lepantomarine.it\/en\/"]}]},{"@type":"ImageObject","inLanguage":"en-US","@id":"https:\/\/www.lepantomarine.it\/en\/#primaryimage","url":"https:\/\/www.tripadvisor.it\/img\/cdsi\/img2\/branding\/v2\/Tripadvisor_lockup_horizontal_secondary_registered-11900-2.svg","contentUrl":"https:\/\/www.tripadvisor.it\/img\/cdsi\/img2\/branding\/v2\/Tripadvisor_lockup_horizontal_secondary_registered-11900-2.svg"},{"@type":"BreadcrumbList","@id":"https:\/\/www.lepantomarine.it\/en\/#breadcrumb","itemListElement":[{"@type":"ListItem","position":1,"name":"Home","item":"https:\/\/www.lepantomarine.it\/en\/"},{"@type":"ListItem","position":2,"name":"Home"}]},{"@type":"WebSite","@id":"https:\/\/www.lepantomarine.it\/en\/#website","url":"https:\/\/www.lepantomarine.it\/en\/","name":"Lepanto Marine","description":"","potentialAction":[{"@type":"SearchAction","target":{"@type":"EntryPoint","urlTemplate":"https:\/\/www.lepantomarine.it\/en\/?s={search_term_string}"},"query-input":"required name=search_term_string"}],"inLanguage":"en-US"}]}},"_links":{"self":[{"href":"https:\/\/www.lepantomarine.it\/en\/wp-json\/wp\/v2\/pages\/1413","targetHints":{"allow":["GET"]}}],"collection":[{"href":"https:\/\/www.lepantomarine.it\/en\/wp-json\/wp\/v2\/pages"}],"about":[{"href":"https:\/\/www.lepantomarine.it\/en\/wp-json\/wp\/v2\/types\/page"}],"author":[{"embeddable":true,"href":"https:\/\/www.lepantomarine.it\/en\/wp-json\/wp\/v2\/users\/1"}],"replies":[{"embeddable":true,"href":"https:\/\/www.lepantomarine.it\/en\/wp-json\/wp\/v2\/comments?post=1413"}],"version-history":[{"count":40,"href":"https:\/\/www.lepantomarine.it\/en\/wp-json\/wp\/v2\/pages\/1413\/revisions"}],"predecessor-version":[{"id":20576,"href":"https:\/\/www.lepantomarine.it\/en\/wp-json\/wp\/v2\/pages\/1413\/revisions\/20576"}],"wp:attachment":[{"href":"https:\/\/www.lepantomarine.it\/en\/wp-json\/wp\/v2\/media?parent=1413"}],"curies":[{"name":"wp","href":"https:\/\/api.w.org\/{rel}","templated":true}]}}