{"id":11542,"date":"2019-03-23T12:32:16","date_gmt":"2019-03-23T11:32:16","guid":{"rendered":"https:\/\/www.lepantomarine.it\/?post_type=product&#038;p=11542"},"modified":"2025-09-25T15:24:10","modified_gmt":"2025-09-25T13:24:10","slug":"trasduttore-p66-8pin-600w-da-poppa","status":"publish","type":"product","link":"https:\/\/www.lepantomarine.it\/de\/prodotto\/trasduttore-p66-8pin-600w-da-poppa\/","title":{"rendered":"Trasduttore P66 8pin 600W da poppa"},"content":{"rendered":"<p>GARMIN trasduttore P66 8 pin 600W installazione da poppa,\u00a0 produttore ARIMAR<\/p>\n<div class=\"app__tabs__content__wrap\">\n<div class=\"app__tabs__content__inner js__app__tabs__content\">\n<div>\n<p>Il nostro trasduttore in plastica \u00e8 l&#8217;unico sensore da poppa offshore a fornire profondit\u00e0, velocit\u00e0 e temperatura in un&#8217;unica soluzione.<\/p>\n<p>Il trasduttore di 8 pin e 600 W ha una profondit\u00e0 di circa 800-1.200 piedi (244-366 metri); una frequenza operativa di 50-200 kHz; un&#8217;ampiezza di raggio di 45-11 gradi; e viene montato su una poppa di 2-20 gradi.<\/p>\n<p>Inclusa la staffa di fissaggio<\/p>\n<\/div>\n<\/div>\n<\/div>\n","protected":false},"excerpt":{"rendered":"<p>GARMIN trasduttore P66 8 pin 600W installazione da poppa,\u00a0 produttore ARIMAR Il nostro trasduttore in plastica \u00e8 l&#8217;unico sensore da poppa offshore a fornire profondit\u00e0, velocit\u00e0 e temperatura in un&#8217;unica soluzione. Il trasduttore di 8 pin e 600 W ha una profondit\u00e0 di circa 800-1.200 piedi (244-366 metri); una frequenza operativa di 50-200 kHz; un&#8217;ampiezza&#8230;<\/p>\n","protected":false},"featured_media":11550,"template":"","meta":[],"product_cat":[2200,1100],"product_tag":[1577,1875,2105],"class_list":{"0":"post-11542","1":"product","2":"type-product","3":"status-publish","4":"has-post-thumbnail","6":"product_cat-plotter-ed-ecoscandagli","7":"product_cat-elettronica-ed-elettricita-di-bordo","8":"product_tag-garmin","9":"product_tag-nmea","10":"product_tag-trasduttore","12":"first","13":"instock","14":"taxable","15":"shipping-taxable","16":"purchasable","17":"product-type-simple"},"yoast_head":"<!-- This site is optimized with the Yoast SEO plugin v22.3 - https:\/\/yoast.com\/wordpress\/plugins\/seo\/ -->\n<title>Trasduttore P66 8pin 600W da poppa - Lepanto Marine<\/title>\n<meta name=\"robots\" content=\"index, follow, max-snippet:-1, max-image-preview:large, max-video-preview:-1\" \/>\n<link rel=\"canonical\" href=\"https:\/\/www.lepantomarine.it\/prodotto\/trasduttore-p66-8pin-600w-da-poppa\/\" \/>\n<meta property=\"og:locale\" content=\"de_DE\" \/>\n<meta property=\"og:type\" content=\"article\" \/>\n<meta property=\"og:title\" content=\"Trasduttore P66 8pin 600W da poppa - Lepanto Marine\" \/>\n<meta property=\"og:description\" content=\"GARMIN trasduttore P66 8 pin 600W installazione da poppa,\u00a0 produttore ARIMAR Il nostro trasduttore in plastica \u00e8 l&#8217;unico sensore da poppa offshore a fornire profondit\u00e0, velocit\u00e0 e temperatura in un&#8217;unica soluzione. Il trasduttore di 8 pin e 600 W ha una profondit\u00e0 di circa 800-1.200 piedi (244-366 metri); una frequenza operativa di 50-200 kHz; un&#8217;ampiezza...\" \/>\n<meta property=\"og:url\" content=\"https:\/\/www.lepantomarine.it\/prodotto\/trasduttore-p66-8pin-600w-da-poppa\/\" \/>\n<meta property=\"og:site_name\" content=\"Lepanto Marine\" \/>\n<meta property=\"article:modified_time\" content=\"2025-09-25T13:24:10+00:00\" \/>\n<meta property=\"og:image\" content=\"https:\/\/www.lepantomarine.it\/wp-content\/uploads\/2019\/03\/Garmin-Trasduttore-P66-Arimar-1-799x799.jpg\" \/>\n\t<meta property=\"og:image:width\" content=\"800\" \/>\n\t<meta property=\"og:image:height\" content=\"800\" \/>\n\t<meta property=\"og:image:type\" content=\"image\/jpeg\" \/>\n<meta name=\"twitter:card\" content=\"summary_large_image\" \/>\n<meta name=\"twitter:label1\" content=\"Gesch\u00e4tzte Lesezeit\" \/>\n\t<meta name=\"twitter:data1\" content=\"1 Minute\" \/>\n<script type=\"application\/ld+json\" class=\"yoast-schema-graph\">{\"@context\":\"https:\/\/schema.org\",\"@graph\":[{\"@type\":\"WebPage\",\"@id\":\"https:\/\/www.lepantomarine.it\/prodotto\/trasduttore-p66-8pin-600w-da-poppa\/\",\"url\":\"https:\/\/www.lepantomarine.it\/prodotto\/trasduttore-p66-8pin-600w-da-poppa\/\",\"name\":\"Trasduttore P66 8pin 600W da poppa - Lepanto Marine\",\"isPartOf\":{\"@id\":\"https:\/\/www.lepantomarine.it\/en\/#website\"},\"primaryImageOfPage\":{\"@id\":\"https:\/\/www.lepantomarine.it\/prodotto\/trasduttore-p66-8pin-600w-da-poppa\/#primaryimage\"},\"image\":{\"@id\":\"https:\/\/www.lepantomarine.it\/prodotto\/trasduttore-p66-8pin-600w-da-poppa\/#primaryimage\"},\"thumbnailUrl\":\"https:\/\/www.lepantomarine.it\/wp-content\/uploads\/2019\/03\/Garmin-Trasduttore-P66-Arimar-1-799x799.jpg\",\"datePublished\":\"2019-03-23T11:32:16+00:00\",\"dateModified\":\"2025-09-25T13:24:10+00:00\",\"breadcrumb\":{\"@id\":\"https:\/\/www.lepantomarine.it\/prodotto\/trasduttore-p66-8pin-600w-da-poppa\/#breadcrumb\"},\"inLanguage\":\"de-DE\",\"potentialAction\":[{\"@type\":\"ReadAction\",\"target\":[\"https:\/\/www.lepantomarine.it\/prodotto\/trasduttore-p66-8pin-600w-da-poppa\/\"]}]},{\"@type\":\"ImageObject\",\"inLanguage\":\"de-DE\",\"@id\":\"https:\/\/www.lepantomarine.it\/prodotto\/trasduttore-p66-8pin-600w-da-poppa\/#primaryimage\",\"url\":\"https:\/\/www.lepantomarine.it\/wp-content\/uploads\/2019\/03\/Garmin-Trasduttore-P66-Arimar-1-799x799.jpg\",\"contentUrl\":\"https:\/\/www.lepantomarine.it\/wp-content\/uploads\/2019\/03\/Garmin-Trasduttore-P66-Arimar-1-799x799.jpg\",\"width\":800,\"height\":800},{\"@type\":\"BreadcrumbList\",\"@id\":\"https:\/\/www.lepantomarine.it\/prodotto\/trasduttore-p66-8pin-600w-da-poppa\/#breadcrumb\",\"itemListElement\":[{\"@type\":\"ListItem\",\"position\":1,\"name\":\"Home\",\"item\":\"https:\/\/www.lepantomarine.it\/de\/\"},{\"@type\":\"ListItem\",\"position\":2,\"name\":\"Accessori e Ricambi\",\"item\":\"https:\/\/www.lepantomarine.it\/accessori-ricambi\/\"},{\"@type\":\"ListItem\",\"position\":3,\"name\":\"Trasduttore P66 8pin 600W da poppa\"}]},{\"@type\":\"WebSite\",\"@id\":\"https:\/\/www.lepantomarine.it\/en\/#website\",\"url\":\"https:\/\/www.lepantomarine.it\/en\/\",\"name\":\"Lepanto Marine\",\"description\":\"\",\"potentialAction\":[{\"@type\":\"SearchAction\",\"target\":{\"@type\":\"EntryPoint\",\"urlTemplate\":\"https:\/\/www.lepantomarine.it\/en\/?s={search_term_string}\"},\"query-input\":\"required name=search_term_string\"}],\"inLanguage\":\"de-DE\"}]}<\/script>\n<!-- \/ Yoast SEO plugin. -->","yoast_head_json":{"title":"Trasduttore P66 8pin 600W da poppa - Lepanto Marine","robots":{"index":"index","follow":"follow","max-snippet":"max-snippet:-1","max-image-preview":"max-image-preview:large","max-video-preview":"max-video-preview:-1"},"canonical":"https:\/\/www.lepantomarine.it\/prodotto\/trasduttore-p66-8pin-600w-da-poppa\/","og_locale":"de_DE","og_type":"article","og_title":"Trasduttore P66 8pin 600W da poppa - Lepanto Marine","og_description":"GARMIN trasduttore P66 8 pin 600W installazione da poppa,\u00a0 produttore ARIMAR Il nostro trasduttore in plastica \u00e8 l&#8217;unico sensore da poppa offshore a fornire profondit\u00e0, velocit\u00e0 e temperatura in un&#8217;unica soluzione. Il trasduttore di 8 pin e 600 W ha una profondit\u00e0 di circa 800-1.200 piedi (244-366 metri); una frequenza operativa di 50-200 kHz; un&#8217;ampiezza...","og_url":"https:\/\/www.lepantomarine.it\/prodotto\/trasduttore-p66-8pin-600w-da-poppa\/","og_site_name":"Lepanto Marine","article_modified_time":"2025-09-25T13:24:10+00:00","og_image":[{"width":800,"height":800,"url":"https:\/\/www.lepantomarine.it\/wp-content\/uploads\/2019\/03\/Garmin-Trasduttore-P66-Arimar-1-799x799.jpg","type":"image\/jpeg"}],"twitter_card":"summary_large_image","twitter_misc":{"Gesch\u00e4tzte Lesezeit":"1 Minute"},"schema":{"@context":"https:\/\/schema.org","@graph":[{"@type":"WebPage","@id":"https:\/\/www.lepantomarine.it\/prodotto\/trasduttore-p66-8pin-600w-da-poppa\/","url":"https:\/\/www.lepantomarine.it\/prodotto\/trasduttore-p66-8pin-600w-da-poppa\/","name":"Trasduttore P66 8pin 600W da poppa - Lepanto Marine","isPartOf":{"@id":"https:\/\/www.lepantomarine.it\/en\/#website"},"primaryImageOfPage":{"@id":"https:\/\/www.lepantomarine.it\/prodotto\/trasduttore-p66-8pin-600w-da-poppa\/#primaryimage"},"image":{"@id":"https:\/\/www.lepantomarine.it\/prodotto\/trasduttore-p66-8pin-600w-da-poppa\/#primaryimage"},"thumbnailUrl":"https:\/\/www.lepantomarine.it\/wp-content\/uploads\/2019\/03\/Garmin-Trasduttore-P66-Arimar-1-799x799.jpg","datePublished":"2019-03-23T11:32:16+00:00","dateModified":"2025-09-25T13:24:10+00:00","breadcrumb":{"@id":"https:\/\/www.lepantomarine.it\/prodotto\/trasduttore-p66-8pin-600w-da-poppa\/#breadcrumb"},"inLanguage":"de-DE","potentialAction":[{"@type":"ReadAction","target":["https:\/\/www.lepantomarine.it\/prodotto\/trasduttore-p66-8pin-600w-da-poppa\/"]}]},{"@type":"ImageObject","inLanguage":"de-DE","@id":"https:\/\/www.lepantomarine.it\/prodotto\/trasduttore-p66-8pin-600w-da-poppa\/#primaryimage","url":"https:\/\/www.lepantomarine.it\/wp-content\/uploads\/2019\/03\/Garmin-Trasduttore-P66-Arimar-1-799x799.jpg","contentUrl":"https:\/\/www.lepantomarine.it\/wp-content\/uploads\/2019\/03\/Garmin-Trasduttore-P66-Arimar-1-799x799.jpg","width":800,"height":800},{"@type":"BreadcrumbList","@id":"https:\/\/www.lepantomarine.it\/prodotto\/trasduttore-p66-8pin-600w-da-poppa\/#breadcrumb","itemListElement":[{"@type":"ListItem","position":1,"name":"Home","item":"https:\/\/www.lepantomarine.it\/de\/"},{"@type":"ListItem","position":2,"name":"Accessori e Ricambi","item":"https:\/\/www.lepantomarine.it\/accessori-ricambi\/"},{"@type":"ListItem","position":3,"name":"Trasduttore P66 8pin 600W da poppa"}]},{"@type":"WebSite","@id":"https:\/\/www.lepantomarine.it\/en\/#website","url":"https:\/\/www.lepantomarine.it\/en\/","name":"Lepanto Marine","description":"","potentialAction":[{"@type":"SearchAction","target":{"@type":"EntryPoint","urlTemplate":"https:\/\/www.lepantomarine.it\/en\/?s={search_term_string}"},"query-input":"required name=search_term_string"}],"inLanguage":"de-DE"}]}},"_links":{"self":[{"href":"https:\/\/www.lepantomarine.it\/de\/wp-json\/wp\/v2\/product\/11542","targetHints":{"allow":["GET"]}}],"collection":[{"href":"https:\/\/www.lepantomarine.it\/de\/wp-json\/wp\/v2\/product"}],"about":[{"href":"https:\/\/www.lepantomarine.it\/de\/wp-json\/wp\/v2\/types\/product"}],"wp:featuredmedia":[{"embeddable":true,"href":"https:\/\/www.lepantomarine.it\/de\/wp-json\/wp\/v2\/media\/11550"}],"wp:attachment":[{"href":"https:\/\/www.lepantomarine.it\/de\/wp-json\/wp\/v2\/media?parent=11542"}],"wp:term":[{"taxonomy":"product_cat","embeddable":true,"href":"https:\/\/www.lepantomarine.it\/de\/wp-json\/wp\/v2\/product_cat?post=11542"},{"taxonomy":"product_tag","embeddable":true,"href":"https:\/\/www.lepantomarine.it\/de\/wp-json\/wp\/v2\/product_tag?post=11542"}],"curies":[{"name":"wp","href":"https:\/\/api.w.org\/{rel}","templated":true}]}}