{"id":4783,"date":"2018-02-21T22:38:21","date_gmt":"2018-02-21T21:38:21","guid":{"rendered":"https:\/\/www.lepantomarine.it\/motori-mercury\/gamma-verado\/"},"modified":"2024-02-28T16:42:12","modified_gmt":"2024-02-28T15:42:12","slug":"mercury-verado-aussenbordmotoren","status":"publish","type":"page","link":"https:\/\/www.lepantomarine.it\/de\/mercury-motoren\/mercury-verado-aussenbordmotoren\/","title":{"rendered":"Mercury\u00ae Verado\u00ae Au\u00dfenbordmotoren"},"content":{"rendered":"<div class=\"wpb-content-wrapper\"><p>[vc_row full_width=&#8221;stretch_row_content_no_spaces&#8221;][vc_column][vc_single_image image=&#8221;4644&#8243; img_size=&#8221;full&#8221; alignment=&#8221;center&#8221;][\/vc_column][\/vc_row][vc_row css=&#8221;.vc_custom_1518432902572{background-position: center !important;background-repeat: no-repeat !important;background-size: cover !important;}&#8221;][vc_column][vc_single_image image=&#8221;4139&#8243; img_size=&#8221;full&#8221; alignment=&#8221;center&#8221;][vc_custom_heading text=&#8221;Mercury\u00ae Verado\u00ae Au\u00dfenbordmotoren&#8221; font_container=&#8221;tag:h1|text_align:center&#8221; use_theme_fonts=&#8221;yes&#8221;][vc_column_text]Verado\u00a0Au\u00dfenbordmotoren\u00a0setzen einen neuen Ma\u00dfstab in puncto Performance. Egal, wie Sie es definieren. Leise und vibrationsarm? Check. Niedrigerer Kraftstoffverbrauch? Check. Aufgeladene Viertakt-Leistung und -Drehmoment? Check. Alles. Und noch viel mehr.\u00a0Verado.<\/p>\n<div class=\"feature top\">\n<h3>Das\u00a0Verado\u00ae-Fahrerlebnis.<\/h3>\n<div class=\"formatted-copy\">\n<p>Es geht nichts \u00fcber den ruhigen, m\u00fchelosen Betrieb von Verados \u00a0SmartCraft\u00ae-Digital-Throttle-Shift (DTS) f\u00fcr sanftes Versetzen und verz\u00f6gerungsfreie Drosselung.\u00a0Die elektrohydraulische Servolenkung im Automobil-Stil erm\u00f6glicht eine pr\u00e4zise Handhabung. Die\u00a0Joystick-Steuerung\u00a0erm\u00f6glicht eine Man\u00f6vrierf\u00e4higkeit wie nie zuvor.\u00a0Verado vereint Power mit\u00a0Raffinesse.<\/p>\n<\/div>\n<\/div>\n<div class=\"feature top\">\n<h3>Hohe Lebensdauer. Geringer\u00a0Wartungsaufwand.<\/h3>\n<div class=\"formatted-copy\">\n<p>Aufgepeppt und besser gesch\u00fctzt. Langes Bolzendesign, wartungsfreier Ventilantrieb, doppelter Wasserzufluss f\u00fcr eine konstante K\u00fchlung und eine l\u00e4ngere Lebensdauer.\u00a0Diese Robustheit voller Power sowie diesen \u00fcberragenden Korrosionsschutz bietet Ihnen nur ein Mercury\u00ae-Motor. F\u00fcr den Umgang mit gr\u00f6\u00dferen Booten und gr\u00f6\u00dferen Gew\u00e4ssern\u00a0gemacht.<\/p>\n<\/div>\n<\/div>\n<div class=\"feature top\">\n<h3>Weniger Vibration, mehr\u00a0Kontrolle.<\/h3>\n<div class=\"formatted-copy\">\n<p>Die Advanced Midsection (AMS). Es handelt sich dabei um ein Mittelmotor-Ger\u00fcst mit vier Befestigungen mit progressivem Grad, die den Motorblock isolieren und die veredelte, nat\u00fcrlich ausbalancierte schritthaltende Power der sechs Zylinder des Verado z\u00e4hmt. H\u00e4lt Vibration vom Boot fern. Und vom\u00a0Steuerrad.<\/p>\n<\/div>\n<\/div>\n<div class=\"feature middle\">\n<h3>Leistung.\u00a0Aufgeladen.<\/h3>\n<div class=\"formatted-copy\">\n<p>Temperaturwechsel, Feuchtigkeit und H\u00f6he sind f\u00fcr den Verado\u2019 kein Problem. Ein kompressorgeladener Au\u00dfenbordmotor, der harte Bedingungen in pure Ganzjahres-Power verwandelt. H\u00f6heres Drehmoment und bessere Beschleunigung auf der gesamten Leistungsbreite. Erstklassige Beschleunigung. Alles mit weniger\u00a0Kraftstoff.<\/p>\n<\/div>\n<\/div>\n<div class=\"feature top\">\n<h3>Offshore-Getriebsgeh\u00e4use.<\/h3>\n<div class=\"formatted-copy\">\n<p>Das ultra-robuste 5,44-Zoll-Durchmesser-Offshore-Getriebegeh\u00e4use ist so konzipiert und gebaut, um Offshore-Meere zu bew\u00e4ltigen und zus\u00e4tzlichen Auftrieb f\u00fcr l\u00e4ngere, schwerere Mittelkonsolen und Fahrten zu bieten. Ausstattungsmerkmale sind gr\u00f6\u00dfere, st\u00e4rkere Getriebe und Hochleistungs-Lager und Komponenten, die f\u00fcnfmal st\u00e4rker sind als jene in einem\u00a0Standard-Getriebegeh\u00e4use.<\/p>\n<\/div>\n<\/div>\n<p>[\/vc_column_text][vc_empty_space][\/vc_column][\/vc_row][vc_row equal_height=&#8221;yes&#8221; css=&#8221;.vc_custom_1519249286855{border-top-width: 1px !important;border-right-width: 1px !important;border-bottom-width: 1px !important;border-left-width: 1px !important;padding-top: 5px !important;padding-right: 5px !important;padding-bottom: 5px !important;padding-left: 5px !important;background-position: center !important;background-repeat: no-repeat !important;background-size: cover !important;border-left-color: #e5e5e5 !important;border-left-style: solid !important;border-right-color: #e5e5e5 !important;border-right-style: solid !important;border-top-color: #e5e5e5 !important;border-top-style: solid !important;border-bottom-color: #e5e5e5 !important;border-bottom-style: solid !important;}&#8221;][vc_column css=&#8221;.vc_custom_1518433128542{background-color: rgba(255,255,255,0.73) !important;*background-color: rgb(255,255,255) !important;}&#8221;][stm_car_listing_tabbed tab_affix=&#8221;Au\u00dfenbordmotoren&#8221; tab_preffix=&#8221;&#8221; found_cars_prefix=&#8221;Au\u00dfenbordmotoren&#8221; taxonomy=&#8221;verado-de | modello-motore, &#8221; per_page=&#8221;-1&#8243;][\/stm_car_listing_tabbed][vc_single_image image=&#8221;4139&#8243; img_size=&#8221;full&#8221; alignment=&#8221;center&#8221;][\/vc_column][\/vc_row]<\/p>\n<\/div>","protected":false},"excerpt":{"rendered":"<p>[vc_row full_width=&#8221;stretch_row_content_no_spaces&#8221;][vc_column][vc_single_image image=&#8221;4644&#8243; img_size=&#8221;full&#8221; alignment=&#8221;center&#8221;][\/vc_column][\/vc_row][vc_row css=&#8221;.vc_custom_1518432902572{background-position: center !important;background-repeat: no-repeat !important;background-size: cover !important;}&#8221;][vc_column][vc_single_image image=&#8221;4139&#8243; img_size=&#8221;full&#8221; alignment=&#8221;center&#8221;][vc_custom_heading text=&#8221;Mercury\u00ae Verado\u00ae Au\u00dfenbordmotoren&#8221; font_container=&#8221;tag:h1|text_align:center&#8221; use_theme_fonts=&#8221;yes&#8221;][vc_column_text]Verado\u00a0Au\u00dfenbordmotoren\u00a0setzen einen neuen Ma\u00dfstab in puncto Performance. Egal, wie Sie es definieren. Leise und vibrationsarm? Check. Niedrigerer Kraftstoffverbrauch? Check. Aufgeladene Viertakt-Leistung und -Drehmoment? Check. Alles. Und noch viel mehr.\u00a0Verado. Das\u00a0Verado\u00ae-Fahrerlebnis. Es geht nichts \u00fcber den ruhigen,&#8230;<\/p>\n","protected":false},"author":1,"featured_media":0,"parent":4775,"menu_order":0,"comment_status":"closed","ping_status":"closed","template":"","meta":{"footnotes":""},"class_list":["post-4783","page","type-page","status-publish","hentry"],"yoast_head":"<!-- This site is optimized with the Yoast SEO plugin v22.3 - https:\/\/yoast.com\/wordpress\/plugins\/seo\/ -->\n<title>Mercury\u00ae Verado\u00ae Au\u00dfenbordmotoren - Lepanto Marine<\/title>\n<meta name=\"robots\" content=\"index, follow, max-snippet:-1, max-image-preview:large, max-video-preview:-1\" \/>\n<link rel=\"canonical\" href=\"https:\/\/www.lepantomarine.it\/de\/mercury-motoren\/mercury-verado-aussenbordmotoren\/\" \/>\n<meta property=\"og:locale\" content=\"de_DE\" \/>\n<meta property=\"og:type\" content=\"article\" \/>\n<meta property=\"og:title\" content=\"Mercury\u00ae Verado\u00ae Au\u00dfenbordmotoren - Lepanto Marine\" \/>\n<meta property=\"og:description\" content=\"[vc_row full_width=&#8221;stretch_row_content_no_spaces&#8221;][vc_column][vc_single_image image=&#8221;4644&#8243; img_size=&#8221;full&#8221; alignment=&#8221;center&#8221;][\/vc_column][\/vc_row][vc_row css=&#8221;.vc_custom_1518432902572{background-position: center !important;background-repeat: no-repeat !important;background-size: cover !important;}&#8221;][vc_column][vc_single_image image=&#8221;4139&#8243; img_size=&#8221;full&#8221; alignment=&#8221;center&#8221;][vc_custom_heading text=&#8221;Mercury\u00ae Verado\u00ae Au\u00dfenbordmotoren&#8221; font_container=&#8221;tag:h1|text_align:center&#8221; use_theme_fonts=&#8221;yes&#8221;][vc_column_text]Verado\u00a0Au\u00dfenbordmotoren\u00a0setzen einen neuen Ma\u00dfstab in puncto Performance. Egal, wie Sie es definieren. Leise und vibrationsarm? Check. Niedrigerer Kraftstoffverbrauch? Check. Aufgeladene Viertakt-Leistung und -Drehmoment? Check. Alles. Und noch viel mehr.\u00a0Verado. Das\u00a0Verado\u00ae-Fahrerlebnis. Es geht nichts \u00fcber den ruhigen,...\" \/>\n<meta property=\"og:url\" content=\"https:\/\/www.lepantomarine.it\/de\/mercury-motoren\/mercury-verado-aussenbordmotoren\/\" \/>\n<meta property=\"og:site_name\" content=\"Lepanto Marine\" \/>\n<meta property=\"article:modified_time\" content=\"2024-02-28T15:42:12+00:00\" \/>\n<meta name=\"twitter:card\" content=\"summary_large_image\" \/>\n<meta name=\"twitter:label1\" content=\"Gesch\u00e4tzte Lesezeit\" \/>\n\t<meta name=\"twitter:data1\" content=\"2 Minuten\" \/>\n<script type=\"application\/ld+json\" class=\"yoast-schema-graph\">{\"@context\":\"https:\/\/schema.org\",\"@graph\":[{\"@type\":\"WebPage\",\"@id\":\"https:\/\/www.lepantomarine.it\/de\/mercury-motoren\/mercury-verado-aussenbordmotoren\/\",\"url\":\"https:\/\/www.lepantomarine.it\/de\/mercury-motoren\/mercury-verado-aussenbordmotoren\/\",\"name\":\"Mercury\u00ae Verado\u00ae Au\u00dfenbordmotoren - Lepanto Marine\",\"isPartOf\":{\"@id\":\"https:\/\/www.lepantomarine.it\/en\/#website\"},\"datePublished\":\"2018-02-21T21:38:21+00:00\",\"dateModified\":\"2024-02-28T15:42:12+00:00\",\"breadcrumb\":{\"@id\":\"https:\/\/www.lepantomarine.it\/de\/mercury-motoren\/mercury-verado-aussenbordmotoren\/#breadcrumb\"},\"inLanguage\":\"de-DE\",\"potentialAction\":[{\"@type\":\"ReadAction\",\"target\":[\"https:\/\/www.lepantomarine.it\/de\/mercury-motoren\/mercury-verado-aussenbordmotoren\/\"]}]},{\"@type\":\"BreadcrumbList\",\"@id\":\"https:\/\/www.lepantomarine.it\/de\/mercury-motoren\/mercury-verado-aussenbordmotoren\/#breadcrumb\",\"itemListElement\":[{\"@type\":\"ListItem\",\"position\":1,\"name\":\"Home\",\"item\":\"https:\/\/www.lepantomarine.it\/de\/\"},{\"@type\":\"ListItem\",\"position\":2,\"name\":\"Mercury Motoren\",\"item\":\"https:\/\/www.lepantomarine.it\/de\/mercury-motoren\/\"},{\"@type\":\"ListItem\",\"position\":3,\"name\":\"Mercury\u00ae Verado\u00ae Au\u00dfenbordmotoren\"}]},{\"@type\":\"WebSite\",\"@id\":\"https:\/\/www.lepantomarine.it\/en\/#website\",\"url\":\"https:\/\/www.lepantomarine.it\/en\/\",\"name\":\"Lepanto Marine\",\"description\":\"\",\"potentialAction\":[{\"@type\":\"SearchAction\",\"target\":{\"@type\":\"EntryPoint\",\"urlTemplate\":\"https:\/\/www.lepantomarine.it\/en\/?s={search_term_string}\"},\"query-input\":\"required name=search_term_string\"}],\"inLanguage\":\"de-DE\"}]}<\/script>\n<!-- \/ Yoast SEO plugin. -->","yoast_head_json":{"title":"Mercury\u00ae Verado\u00ae Au\u00dfenbordmotoren - Lepanto Marine","robots":{"index":"index","follow":"follow","max-snippet":"max-snippet:-1","max-image-preview":"max-image-preview:large","max-video-preview":"max-video-preview:-1"},"canonical":"https:\/\/www.lepantomarine.it\/de\/mercury-motoren\/mercury-verado-aussenbordmotoren\/","og_locale":"de_DE","og_type":"article","og_title":"Mercury\u00ae Verado\u00ae Au\u00dfenbordmotoren - Lepanto Marine","og_description":"[vc_row full_width=&#8221;stretch_row_content_no_spaces&#8221;][vc_column][vc_single_image image=&#8221;4644&#8243; img_size=&#8221;full&#8221; alignment=&#8221;center&#8221;][\/vc_column][\/vc_row][vc_row css=&#8221;.vc_custom_1518432902572{background-position: center !important;background-repeat: no-repeat !important;background-size: cover !important;}&#8221;][vc_column][vc_single_image image=&#8221;4139&#8243; img_size=&#8221;full&#8221; alignment=&#8221;center&#8221;][vc_custom_heading text=&#8221;Mercury\u00ae Verado\u00ae Au\u00dfenbordmotoren&#8221; font_container=&#8221;tag:h1|text_align:center&#8221; use_theme_fonts=&#8221;yes&#8221;][vc_column_text]Verado\u00a0Au\u00dfenbordmotoren\u00a0setzen einen neuen Ma\u00dfstab in puncto Performance. Egal, wie Sie es definieren. Leise und vibrationsarm? Check. Niedrigerer Kraftstoffverbrauch? Check. Aufgeladene Viertakt-Leistung und -Drehmoment? Check. Alles. Und noch viel mehr.\u00a0Verado. Das\u00a0Verado\u00ae-Fahrerlebnis. Es geht nichts \u00fcber den ruhigen,...","og_url":"https:\/\/www.lepantomarine.it\/de\/mercury-motoren\/mercury-verado-aussenbordmotoren\/","og_site_name":"Lepanto Marine","article_modified_time":"2024-02-28T15:42:12+00:00","twitter_card":"summary_large_image","twitter_misc":{"Gesch\u00e4tzte Lesezeit":"2 Minuten"},"schema":{"@context":"https:\/\/schema.org","@graph":[{"@type":"WebPage","@id":"https:\/\/www.lepantomarine.it\/de\/mercury-motoren\/mercury-verado-aussenbordmotoren\/","url":"https:\/\/www.lepantomarine.it\/de\/mercury-motoren\/mercury-verado-aussenbordmotoren\/","name":"Mercury\u00ae Verado\u00ae Au\u00dfenbordmotoren - Lepanto Marine","isPartOf":{"@id":"https:\/\/www.lepantomarine.it\/en\/#website"},"datePublished":"2018-02-21T21:38:21+00:00","dateModified":"2024-02-28T15:42:12+00:00","breadcrumb":{"@id":"https:\/\/www.lepantomarine.it\/de\/mercury-motoren\/mercury-verado-aussenbordmotoren\/#breadcrumb"},"inLanguage":"de-DE","potentialAction":[{"@type":"ReadAction","target":["https:\/\/www.lepantomarine.it\/de\/mercury-motoren\/mercury-verado-aussenbordmotoren\/"]}]},{"@type":"BreadcrumbList","@id":"https:\/\/www.lepantomarine.it\/de\/mercury-motoren\/mercury-verado-aussenbordmotoren\/#breadcrumb","itemListElement":[{"@type":"ListItem","position":1,"name":"Home","item":"https:\/\/www.lepantomarine.it\/de\/"},{"@type":"ListItem","position":2,"name":"Mercury Motoren","item":"https:\/\/www.lepantomarine.it\/de\/mercury-motoren\/"},{"@type":"ListItem","position":3,"name":"Mercury\u00ae Verado\u00ae Au\u00dfenbordmotoren"}]},{"@type":"WebSite","@id":"https:\/\/www.lepantomarine.it\/en\/#website","url":"https:\/\/www.lepantomarine.it\/en\/","name":"Lepanto Marine","description":"","potentialAction":[{"@type":"SearchAction","target":{"@type":"EntryPoint","urlTemplate":"https:\/\/www.lepantomarine.it\/en\/?s={search_term_string}"},"query-input":"required name=search_term_string"}],"inLanguage":"de-DE"}]}},"_links":{"self":[{"href":"https:\/\/www.lepantomarine.it\/de\/wp-json\/wp\/v2\/pages\/4783","targetHints":{"allow":["GET"]}}],"collection":[{"href":"https:\/\/www.lepantomarine.it\/de\/wp-json\/wp\/v2\/pages"}],"about":[{"href":"https:\/\/www.lepantomarine.it\/de\/wp-json\/wp\/v2\/types\/page"}],"author":[{"embeddable":true,"href":"https:\/\/www.lepantomarine.it\/de\/wp-json\/wp\/v2\/users\/1"}],"replies":[{"embeddable":true,"href":"https:\/\/www.lepantomarine.it\/de\/wp-json\/wp\/v2\/comments?post=4783"}],"version-history":[{"count":4,"href":"https:\/\/www.lepantomarine.it\/de\/wp-json\/wp\/v2\/pages\/4783\/revisions"}],"predecessor-version":[{"id":20006,"href":"https:\/\/www.lepantomarine.it\/de\/wp-json\/wp\/v2\/pages\/4783\/revisions\/20006"}],"up":[{"embeddable":true,"href":"https:\/\/www.lepantomarine.it\/de\/wp-json\/wp\/v2\/pages\/4775"}],"wp:attachment":[{"href":"https:\/\/www.lepantomarine.it\/de\/wp-json\/wp\/v2\/media?parent=4783"}],"curies":[{"name":"wp","href":"https:\/\/api.w.org\/{rel}","templated":true}]}}