{"id":4781,"date":"2018-02-21T22:53:46","date_gmt":"2018-02-21T21:53:46","guid":{"rendered":"https:\/\/www.lepantomarine.it\/motori-mercury\/gamma-optimax\/"},"modified":"2024-02-28T16:54:56","modified_gmt":"2024-02-28T15:54:56","slug":"mercury-optimax-aussenbordmotoren","status":"publish","type":"page","link":"https:\/\/www.lepantomarine.it\/de\/mercury-motoren\/mercury-optimax-aussenbordmotoren\/","title":{"rendered":"Mercury\u00ae OptiMax\u00ae Au\u00dfenbordmotoren"},"content":{"rendered":"<div class=\"wpb-content-wrapper\"><p>[vc_row full_width=&#8221;stretch_row_content_no_spaces&#8221;][vc_column][vc_single_image image=&#8221;4650&#8243; img_size=&#8221;full&#8221; alignment=&#8221;center&#8221;][\/vc_column][\/vc_row][vc_row css=&#8221;.vc_custom_1518432902572{background-position: center !important;background-repeat: no-repeat !important;background-size: cover !important;}&#8221;][vc_column][vc_single_image image=&#8221;4139&#8243; img_size=&#8221;full&#8221; alignment=&#8221;center&#8221;][vc_custom_heading text=&#8221;Mercury\u00ae OptiMax\u00ae Au\u00dfenbordmotoren&#8221; font_container=&#8221;tag:h1|text_align:center&#8221; use_theme_fonts=&#8221;yes&#8221;][vc_column_text]OptiMax bietet die bew\u00e4hrte Leistung, Verl\u00e4sslichkeit und Kraftstoffeffizienz, die nur die Mercury-exklusive zweistufige Kraftstoffdirekteinspritzung (DFI) liefern kann. Au\u00dfergew\u00f6hnlicher Start und Beschleunigung, einwandfreie Handhabung bei jeder Geschwindigkeit. Trotz all dem ist es f\u00fcr Sie das beste Preis-Leistungs-Verh\u00e4ltnis auf dem\u00a0Wasser.<\/p>\n<p>F\u00fcr Menschen, die von ihren Au\u00dfenbordern Geschwindigkeit und Beschleunigung verlangen, ist der OptiMax Pro XS die einzige Wahl. Mercury-Entwickler verhalfen der Tradition von Mercury Racing dazu, diese Familie von Hochleistungs-Au\u00dfenbordern mit Direkteinspritzung zu entwickeln. Das Ergebnis ist eine Au\u00dfenborder-Familie, die die Konkurrenz in Bezug auf Leistung, Lebensdauer, Performance und Kraftstoffeffizienz in den Schatten\u00a0stellt.<\/p>\n<p>Manche nennen ihn einen Zweitakter. Manche nennen ihn Direkteinspritzer. Andere nennen ihn einfach den Au\u00dfenborder mit der besten Leistung auf dem Wasser. Von der raketenschnellen Beschleunigung bis zum oberen Ende setzt der OptiMax neue Ma\u00dfst\u00e4be in puncto Leistung, Beschleunigung und\u00a0Kraftstoffeffizienz.<\/p>\n<div class=\"feature top\">\n<h3>Eine direkte\u00a0Kraftstoff-Ersparnis<\/h3>\n<div class=\"formatted-copy\">\n<p>Bei den OptiMax-Motoren handelt es sich um einige der kraftstoffsparsamsten Motoren auf dem Wasser. Eine zweistufige direkte Einspritzung wandelt Kraftstoff schnell und effizient in Antrieb um. Mehr Distanz pro Tropfen. Mehr Geld f\u00fcr K\u00f6der. Mehr Zeit zum Angeln anstatt zum Tanken. Die direkte Einspritzung wei\u00df auch hier zu\u00a0beeindrucken.<\/p>\n<\/div>\n<\/div>\n<div class=\"feature top\">\n<h3>Saubere\u00a0Starts.<\/h3>\n<div class=\"formatted-copy\">\n<p>Pr\u00e4zise und gleichbleibende Kraftstoffeinspritzung f\u00fcr bessere Verbrennung. Mehr Power. Weniger Abgase. Sogar so wenig, dass die strengsten und anspruchsvollsten internationalen Abgasnormen eingehalten werden. Nichts bringt ein Boot schneller und effizienter aus dem Stand, ins Gleiten und \u00fcber den\u00a0See.<\/p>\n<\/div>\n<\/div>\n<div class=\"feature top\">\n<h3>Lassen Sie althergebrachte Meinungen gegen\u00fcber traditionellen Zweitakt-Motoren hinter sich. Weit hinter\u00a0sich.<\/h3>\n<div class=\"formatted-copy\">\n<p>Zweitakt-Power und Beschleunigung, sicherlich. Weniger bewegliche Teile, ja doch. Doch an einige wenige, neue Dinge werden Sie sich gew\u00f6hnen m\u00fcssen. Wie an geringeren Kraftstoffverbrauch, weniger Qualm und Wartung. Mehr Zeit auf dem Wasser verbringen. Wir denken, Sie werden sich damit\u00a0arrangieren.<\/p>\n<\/div>\n<\/div>\n<div class=\"feature top\">\n<h3>Es gibt schnell. Und dann gibt es\u00a0schnell.<\/h3>\n<div class=\"formatted-copy\">\n<p>Der OptiMax\u00ae Pro XS hat, was echte Profis und Wochenendausfl\u00fcgler wollen, brauchen und verlangen. Unglaubliche Reaktion. Von atemberaubender Beschleunigung bis zum Staunen bei weitge\u00f6ffnetem Gashahn. Spezielle Karbonfasermembranzungen und individuelle Kolbenb\u00f6den f\u00fcr gro\u00dfe Geschwindigkeiten und extreme Beschleunigung. Durch \u201eFolter\u201c-Tests gepr\u00fcfte Systeme und Komponenten. Und in nebeneinander durchgef\u00fchrten Tests war der Kraftstoffverbrauch bis zu 15 Prozent\u00a0geringer als bei anderen Au\u00dfenbordern. Wenn es Ihre Leidenschaft ist, Fische in den Kasten zu tun, dann packen Sie sich einen Pro XS auf den\u00a0Querbalken.<\/p>\n<\/div>\n<\/div>\n<p>[\/vc_column_text][vc_empty_space][\/vc_column][\/vc_row][vc_row equal_height=&#8221;yes&#8221; css=&#8221;.vc_custom_1519249286855{border-top-width: 1px !important;border-right-width: 1px !important;border-bottom-width: 1px !important;border-left-width: 1px !important;padding-top: 5px !important;padding-right: 5px !important;padding-bottom: 5px !important;padding-left: 5px !important;background-position: center !important;background-repeat: no-repeat !important;background-size: cover !important;border-left-color: #e5e5e5 !important;border-left-style: solid !important;border-right-color: #e5e5e5 !important;border-right-style: solid !important;border-top-color: #e5e5e5 !important;border-top-style: solid !important;border-bottom-color: #e5e5e5 !important;border-bottom-style: solid !important;}&#8221;][vc_column css=&#8221;.vc_custom_1518433128542{background-color: rgba(255,255,255,0.73) !important;*background-color: rgb(255,255,255) !important;}&#8221;][stm_car_listing_tabbed tab_affix=&#8221;Au\u00dfenbordmotoren&#8221; tab_preffix=&#8221;&#8221; found_cars_prefix=&#8221;Au\u00dfenbordmotoren&#8221; taxonomy=&#8221;optimax-de | modello-motore, &#8221; per_page=&#8221;-1&#8243;][\/stm_car_listing_tabbed][vc_single_image image=&#8221;4139&#8243; img_size=&#8221;full&#8221; alignment=&#8221;center&#8221;][\/vc_column][\/vc_row]<\/p>\n<\/div>","protected":false},"excerpt":{"rendered":"<p>[vc_row full_width=&#8221;stretch_row_content_no_spaces&#8221;][vc_column][vc_single_image image=&#8221;4650&#8243; img_size=&#8221;full&#8221; alignment=&#8221;center&#8221;][\/vc_column][\/vc_row][vc_row css=&#8221;.vc_custom_1518432902572{background-position: center !important;background-repeat: no-repeat !important;background-size: cover !important;}&#8221;][vc_column][vc_single_image image=&#8221;4139&#8243; img_size=&#8221;full&#8221; alignment=&#8221;center&#8221;][vc_custom_heading text=&#8221;Mercury\u00ae OptiMax\u00ae Au\u00dfenbordmotoren&#8221; font_container=&#8221;tag:h1|text_align:center&#8221; use_theme_fonts=&#8221;yes&#8221;][vc_column_text]OptiMax bietet die bew\u00e4hrte Leistung, Verl\u00e4sslichkeit und Kraftstoffeffizienz, die nur die Mercury-exklusive zweistufige Kraftstoffdirekteinspritzung (DFI) liefern kann. Au\u00dfergew\u00f6hnlicher Start und Beschleunigung, einwandfreie Handhabung bei jeder Geschwindigkeit. Trotz all dem ist es f\u00fcr Sie das beste Preis-Leistungs-Verh\u00e4ltnis&#8230;<\/p>\n","protected":false},"author":1,"featured_media":0,"parent":4775,"menu_order":0,"comment_status":"closed","ping_status":"closed","template":"","meta":{"footnotes":""},"class_list":["post-4781","page","type-page","status-publish","hentry"],"yoast_head":"<!-- This site is optimized with the Yoast SEO plugin v22.3 - https:\/\/yoast.com\/wordpress\/plugins\/seo\/ -->\n<title>Gamma Mercury PRO XS - con meno peso ma pi\u00f9 potenza alla tua BARCA<\/title>\n<meta name=\"description\" content=\"I Motori Mercury Pro XS sono realizzati per portarti ovunque portarvi dappertutto e con circa 9 chili in meno rispetto ai concorrenti pi\u00f9 agguerriti\" \/>\n<meta name=\"robots\" content=\"index, follow, max-snippet:-1, max-image-preview:large, max-video-preview:-1\" \/>\n<link rel=\"canonical\" href=\"https:\/\/www.lepantomarine.it\/motori-mercury\/gamma-proxs\/\" \/>\n<meta property=\"og:locale\" content=\"de_DE\" \/>\n<meta property=\"og:type\" content=\"article\" \/>\n<meta property=\"og:title\" content=\"Gamma Mercury PRO XS - con meno peso ma pi\u00f9 potenza alla tua BARCA\" \/>\n<meta property=\"og:description\" content=\"I Motori Mercury Pro XS sono realizzati per portarti ovunque portarvi dappertutto e con circa 9 chili in meno rispetto ai concorrenti pi\u00f9 agguerriti\" \/>\n<meta property=\"og:url\" content=\"https:\/\/www.lepantomarine.it\/motori-mercury\/gamma-proxs\/\" \/>\n<meta property=\"og:site_name\" content=\"Lepanto Marine\" \/>\n<meta property=\"article:modified_time\" content=\"2024-02-28T15:54:56+00:00\" \/>\n<meta name=\"twitter:card\" content=\"summary_large_image\" \/>\n<meta name=\"twitter:label1\" content=\"Gesch\u00e4tzte Lesezeit\" \/>\n\t<meta name=\"twitter:data1\" content=\"3 Minuten\" \/>\n<script type=\"application\/ld+json\" class=\"yoast-schema-graph\">{\"@context\":\"https:\/\/schema.org\",\"@graph\":[{\"@type\":\"WebPage\",\"@id\":\"https:\/\/www.lepantomarine.it\/motori-mercury\/gamma-proxs\/\",\"url\":\"https:\/\/www.lepantomarine.it\/motori-mercury\/gamma-proxs\/\",\"name\":\"Gamma Mercury PRO XS - con meno peso ma pi\u00f9 potenza alla tua BARCA\",\"isPartOf\":{\"@id\":\"https:\/\/www.lepantomarine.it\/en\/#website\"},\"datePublished\":\"2018-02-21T21:53:46+00:00\",\"dateModified\":\"2024-02-28T15:54:56+00:00\",\"description\":\"I Motori Mercury Pro XS sono realizzati per portarti ovunque portarvi dappertutto e con circa 9 chili in meno rispetto ai concorrenti pi\u00f9 agguerriti\",\"breadcrumb\":{\"@id\":\"https:\/\/www.lepantomarine.it\/motori-mercury\/gamma-proxs\/#breadcrumb\"},\"inLanguage\":\"de-DE\",\"potentialAction\":[{\"@type\":\"ReadAction\",\"target\":[\"https:\/\/www.lepantomarine.it\/motori-mercury\/gamma-proxs\/\"]}]},{\"@type\":\"BreadcrumbList\",\"@id\":\"https:\/\/www.lepantomarine.it\/motori-mercury\/gamma-proxs\/#breadcrumb\",\"itemListElement\":[{\"@type\":\"ListItem\",\"position\":1,\"name\":\"Home\",\"item\":\"https:\/\/www.lepantomarine.it\/de\/\"},{\"@type\":\"ListItem\",\"position\":2,\"name\":\"Mercury Motoren\",\"item\":\"https:\/\/www.lepantomarine.it\/de\/mercury-motoren\/\"},{\"@type\":\"ListItem\",\"position\":3,\"name\":\"Mercury\u00ae OptiMax\u00ae Au\u00dfenbordmotoren\"}]},{\"@type\":\"WebSite\",\"@id\":\"https:\/\/www.lepantomarine.it\/en\/#website\",\"url\":\"https:\/\/www.lepantomarine.it\/en\/\",\"name\":\"Lepanto Marine\",\"description\":\"\",\"potentialAction\":[{\"@type\":\"SearchAction\",\"target\":{\"@type\":\"EntryPoint\",\"urlTemplate\":\"https:\/\/www.lepantomarine.it\/en\/?s={search_term_string}\"},\"query-input\":\"required name=search_term_string\"}],\"inLanguage\":\"de-DE\"}]}<\/script>\n<!-- \/ Yoast SEO plugin. -->","yoast_head_json":{"title":"Gamma Mercury PRO XS - con meno peso ma pi\u00f9 potenza alla tua BARCA","description":"I Motori Mercury Pro XS sono realizzati per portarti ovunque portarvi dappertutto e con circa 9 chili in meno rispetto ai concorrenti pi\u00f9 agguerriti","robots":{"index":"index","follow":"follow","max-snippet":"max-snippet:-1","max-image-preview":"max-image-preview:large","max-video-preview":"max-video-preview:-1"},"canonical":"https:\/\/www.lepantomarine.it\/motori-mercury\/gamma-proxs\/","og_locale":"de_DE","og_type":"article","og_title":"Gamma Mercury PRO XS - con meno peso ma pi\u00f9 potenza alla tua BARCA","og_description":"I Motori Mercury Pro XS sono realizzati per portarti ovunque portarvi dappertutto e con circa 9 chili in meno rispetto ai concorrenti pi\u00f9 agguerriti","og_url":"https:\/\/www.lepantomarine.it\/motori-mercury\/gamma-proxs\/","og_site_name":"Lepanto Marine","article_modified_time":"2024-02-28T15:54:56+00:00","twitter_card":"summary_large_image","twitter_misc":{"Gesch\u00e4tzte Lesezeit":"3 Minuten"},"schema":{"@context":"https:\/\/schema.org","@graph":[{"@type":"WebPage","@id":"https:\/\/www.lepantomarine.it\/motori-mercury\/gamma-proxs\/","url":"https:\/\/www.lepantomarine.it\/motori-mercury\/gamma-proxs\/","name":"Gamma Mercury PRO XS - con meno peso ma pi\u00f9 potenza alla tua BARCA","isPartOf":{"@id":"https:\/\/www.lepantomarine.it\/en\/#website"},"datePublished":"2018-02-21T21:53:46+00:00","dateModified":"2024-02-28T15:54:56+00:00","description":"I Motori Mercury Pro XS sono realizzati per portarti ovunque portarvi dappertutto e con circa 9 chili in meno rispetto ai concorrenti pi\u00f9 agguerriti","breadcrumb":{"@id":"https:\/\/www.lepantomarine.it\/motori-mercury\/gamma-proxs\/#breadcrumb"},"inLanguage":"de-DE","potentialAction":[{"@type":"ReadAction","target":["https:\/\/www.lepantomarine.it\/motori-mercury\/gamma-proxs\/"]}]},{"@type":"BreadcrumbList","@id":"https:\/\/www.lepantomarine.it\/motori-mercury\/gamma-proxs\/#breadcrumb","itemListElement":[{"@type":"ListItem","position":1,"name":"Home","item":"https:\/\/www.lepantomarine.it\/de\/"},{"@type":"ListItem","position":2,"name":"Mercury Motoren","item":"https:\/\/www.lepantomarine.it\/de\/mercury-motoren\/"},{"@type":"ListItem","position":3,"name":"Mercury\u00ae OptiMax\u00ae Au\u00dfenbordmotoren"}]},{"@type":"WebSite","@id":"https:\/\/www.lepantomarine.it\/en\/#website","url":"https:\/\/www.lepantomarine.it\/en\/","name":"Lepanto Marine","description":"","potentialAction":[{"@type":"SearchAction","target":{"@type":"EntryPoint","urlTemplate":"https:\/\/www.lepantomarine.it\/en\/?s={search_term_string}"},"query-input":"required name=search_term_string"}],"inLanguage":"de-DE"}]}},"_links":{"self":[{"href":"https:\/\/www.lepantomarine.it\/de\/wp-json\/wp\/v2\/pages\/4781","targetHints":{"allow":["GET"]}}],"collection":[{"href":"https:\/\/www.lepantomarine.it\/de\/wp-json\/wp\/v2\/pages"}],"about":[{"href":"https:\/\/www.lepantomarine.it\/de\/wp-json\/wp\/v2\/types\/page"}],"author":[{"embeddable":true,"href":"https:\/\/www.lepantomarine.it\/de\/wp-json\/wp\/v2\/users\/1"}],"replies":[{"embeddable":true,"href":"https:\/\/www.lepantomarine.it\/de\/wp-json\/wp\/v2\/comments?post=4781"}],"version-history":[{"count":4,"href":"https:\/\/www.lepantomarine.it\/de\/wp-json\/wp\/v2\/pages\/4781\/revisions"}],"predecessor-version":[{"id":20010,"href":"https:\/\/www.lepantomarine.it\/de\/wp-json\/wp\/v2\/pages\/4781\/revisions\/20010"}],"up":[{"embeddable":true,"href":"https:\/\/www.lepantomarine.it\/de\/wp-json\/wp\/v2\/pages\/4775"}],"wp:attachment":[{"href":"https:\/\/www.lepantomarine.it\/de\/wp-json\/wp\/v2\/media?parent=4781"}],"curies":[{"name":"wp","href":"https:\/\/api.w.org\/{rel}","templated":true}]}}