{"id":3119,"date":"2018-02-14T22:00:36","date_gmt":"2018-02-14T21:00:36","guid":{"rendered":"https:\/\/www.lepantomarine.it\/bayliner\/bowrider\/vr6-bowrider\/"},"modified":"2019-09-11T17:36:12","modified_gmt":"2019-09-11T15:36:12","slug":"vr6-bowrider","status":"publish","type":"page","link":"https:\/\/www.lepantomarine.it\/de\/bayliner\/bowrider\/vr6-bowrider\/","title":{"rendered":"VR6 BOWRIDER"},"content":{"rendered":"<div class=\"wpb-content-wrapper\"><p>[vc_row css=&#8221;.vc_custom_1518432902572{background-position: center !important;background-repeat: no-repeat !important;background-size: cover !important;}&#8221;][vc_column css=&#8221;.vc_custom_1518432963263{background-color: rgba(255,255,255,0.73) !important;*background-color: rgb(255,255,255) !important;}&#8221;][vc_single_image image=&#8221;1687&#8243; img_size=&#8221;full&#8221; alignment=&#8221;center&#8221;][vc_custom_heading text=&#8221;VR6 BOWRIDER&#8221; font_container=&#8221;tag:h2|font_size:25|text_align:center|color:%230c3366&#8243; use_theme_fonts=&#8221;yes&#8221;][vc_single_image image=&#8221;2974&#8243; img_size=&#8221;full&#8221; alignment=&#8221;center&#8221; style=&#8221;vc_box_shadow&#8221;][vc_column_text]<\/p>\n<p style=\"font-weight: 400;\"><span style=\"font-size: 14pt;\">Il <strong>VR6<\/strong> si basa sull\u2019eredit\u00e0 della carena a V dei bowrider della Bayliner con l\u2019aggiunta di un miglioramento nell\u2019estetica e nella funzionalit\u00e0 rispetto alle tradizionali imbarcazioni con prua aperta.<\/span><\/p>\n<p style=\"font-weight: 400;\"><span style=\"font-size: 14pt;\">A prua lo scafo \u00e8 stato disegnato per sfruttare tutti i 240 cm disponibili. Il risultato \u00e8 una prua pi\u00f9 ampia\u00a0\u00a0che aumenta la comodit\u00e0 e lo spazio disponibile, il BeamForward\u2122.<\/span><\/p>\n<p style=\"font-weight: 400;\"><span style=\"font-size: 14pt;\">Il pozzetto, autosvuotante, vanta un nuovo design realizzato per aumentare la seduta di poppa e non sacrificare lo spazio nel pozzetto, l\u2019aggiunta della piattaforma di poppa alla fine della carena aumenta lo spazio disponibile. Questo \u00e8 il nuovo concetto di AftAdvatage studiato da Bayliner\u2122.<\/span><\/p>\n<p style=\"font-weight: 400;\"><span style=\"font-size: 14pt;\">Le sedute del pozzetto sono composte con un divano ad L sulla sinistra come il VR5, ma con l\u2019aggiunta di una seduta a destra dietro la poltrona guida che, con i 2 due cuscini optional, si potr\u00e0 trasformare in uno spazioso divano ad U.<\/span><\/p>\n<p style=\"font-weight: 400;\"><span style=\"font-size: 14pt;\">Il divano, a sinistra del pozzetto, ha uno schienale regolabile in 3 posizioni per dare maggior flessibilit\u00e0 ed il prendisole di poppa \u00e8 dotato di un gavone coibentato ed uno schienale pieghevole che agevola l\u2019accesso alla piattaforma bagno. Sotto le cuscinerie ci sono ampi gavoni di stivaggio<\/span><\/p>\n<p style=\"font-weight: 400;\"><span style=\"font-size: 14pt;\">Nel VR6 troviamo un locale che puo\u2019 essere adibito come optional a locale bagno, il primo nella sua categoria ad offrirlo.<\/span><\/p>\n<p>[\/vc_column_text][vc_empty_space][\/vc_column][\/vc_row][vc_row gap=&#8221;5&#8243; equal_height=&#8221;yes&#8221;][vc_column][vc_custom_heading text=&#8221;GALLERIA&#8221; font_container=&#8221;tag:h2|font_size:20|text_align:center&#8221; use_theme_fonts=&#8221;yes&#8221;][vc_empty_space height=&#8221;15px&#8221;][vc_masonry_media_grid grid_id=&#8221;vc_gid:1568216001893-e1fadb67-7e77-9&#8243; include=&#8221;3034,3037,3040,3043,3046,3049,3052&#8243;][vc_empty_space height=&#8221;15px&#8221;][\/vc_column][\/vc_row][vc_row css=&#8221;.vc_custom_1518433628118{border-top-width: 1px !important;border-right-width: 1px !important;border-bottom-width: 1px !important;border-left-width: 1px !important;padding-top: 5px !important;padding-right: 5px !important;padding-bottom: 5px !important;padding-left: 5px !important;background-position: center !important;background-repeat: no-repeat !important;background-size: cover !important;border-left-color: #e5e5e5 !important;border-left-style: solid !important;border-right-color: #e5e5e5 !important;border-right-style: solid !important;border-top-color: #e5e5e5 !important;border-top-style: solid !important;border-bottom-color: #e5e5e5 !important;border-bottom-style: solid !important;}&#8221;][vc_column css=&#8221;.vc_custom_1518433128542{background-color: rgba(255,255,255,0.73) !important;*background-color: rgb(255,255,255) !important;}&#8221;][vc_empty_space height=&#8221;15px&#8221;][vc_tta_tabs active_section=&#8221;1&#8243; no_fill_content_area=&#8221;true&#8221;][vc_tta_section i_icon_fontawesome=&#8221;stm-icon-application&#8221; add_icon=&#8221;true&#8221; title=&#8221;DATI TECNICI&#8221; tab_id=&#8221;dati-tecnicicc4e-de73b217-9a3e&#8221;][vc_column_text]<\/p>\n<table class=\"table table-condensed\">\n<tbody>\n<tr class=\"djc_attribute djc_ef_modello\">\n<td class=\"djc_label\"><span class=\"djc_attribute-label\">MODELLO<\/span><\/td>\n<td class=\"djc_value\">VR6<\/td>\n<\/tr>\n<tr class=\"djc_attribute djc_ef_lunghezza_fuori_tutto\">\n<td class=\"djc_label\"><span class=\"djc_attribute-label\">LUNGHEZZA FUORI TUTTO M.<\/span><\/td>\n<td class=\"djc_value\">6.80<\/td>\n<\/tr>\n<tr class=\"djc_attribute djc_ef_lunghezza_di_omologazione\">\n<td class=\"djc_label\"><span class=\"djc_attribute-label\">LUNGHEZZA DI OMOLOGAZIONE M.<\/span><\/td>\n<td class=\"djc_value\">6,24<\/td>\n<\/tr>\n<tr class=\"djc_attribute djc_ef_larghezza\">\n<td class=\"djc_label\"><span class=\"djc_attribute-label\">LARGHEZZA M.<\/span><\/td>\n<td class=\"djc_value\">2,45<\/td>\n<\/tr>\n<tr class=\"djc_attribute djc_ef_serbatoio_carburante\">\n<td class=\"djc_label\"><span class=\"djc_attribute-label\">SERBATOIO CARBURANTE L.<\/span><\/td>\n<td class=\"djc_value\">124<\/td>\n<\/tr>\n<tr class=\"djc_attribute djc_ef_n_persone\">\n<td class=\"djc_label\"><span class=\"djc_attribute-label\">N\u00b0 PERSONE<\/span><\/td>\n<td class=\"djc_value\">8<\/td>\n<\/tr>\n<tr class=\"djc_attribute djc_ef_categoria_ce\">\n<td class=\"djc_label\"><span class=\"djc_attribute-label\">CATEGORIA CE<\/span><\/td>\n<td class=\"djc_value\">C<\/td>\n<\/tr>\n<tr class=\"djc_attribute djc_ef_natante\">\n<td class=\"djc_label\"><span class=\"djc_attribute-label\">NATANTE<\/span><\/td>\n<td class=\"djc_value\">SI<\/td>\n<\/tr>\n<tr class=\"djc_attribute djc_ef_prezzo\">\n<td class=\"djc_label\"><span class=\"djc_attribute-label\">PREZZO IN \u20ac &#8211; VERSIONE EFB<br \/>\n<\/span><\/td>\n<td class=\"djc_value\">39.051,00<\/td>\n<\/tr>\n<tr class=\"djc_attribute djc_ef_iva\">\n<td class=\"djc_label\"><span class=\"djc_attribute-label\">IVA<\/span><\/td>\n<td class=\"djc_value\">ESCLUSA<\/td>\n<\/tr>\n<tr class=\"djc_attribute djc_ef_informazioni_di_vendita\">\n<td class=\"djc_label\"><span class=\"djc_attribute-label\">INFORMAZIONI DI VENDITA<\/span><\/td>\n<td class=\"djc_value\">NUOVO<\/td>\n<\/tr>\n<tr class=\"djc_attribute djc_ef_motorizzazione\">\n<td class=\"djc_label\"><span class=\"djc_attribute-label\">MOTORIZZAZIONE<\/span><\/td>\n<td class=\"djc_value\">SI<\/td>\n<\/tr>\n<tr class=\"djc_attribute djc_ef_motore\">\n<td class=\"djc_label\"><span class=\"djc_attribute-label\">MARCA MOTORE<\/span><\/td>\n<td class=\"djc_value\">MERCRUISER<\/td>\n<\/tr>\n<tr class=\"djc_attribute djc_ef_modello_motore\">\n<td class=\"djc_label\"><span class=\"djc_attribute-label\">MODELLO MOTORE<\/span><\/td>\n<td class=\"djc_value\">4.5L MPI ECT ALPHA 1<\/td>\n<\/tr>\n<tr class=\"djc_attribute djc_ef_potenza_motore_cv\">\n<td class=\"djc_label\"><span class=\"djc_attribute-label\">POTENZA MOTORE HP<\/span><\/td>\n<td class=\"djc_value\">200<\/td>\n<\/tr>\n<tr class=\"djc_attribute djc_ef_alimentazione\">\n<td class=\"djc_label\"><span class=\"djc_attribute-label\">ALIMENTAZIONE<\/span><\/td>\n<td class=\"djc_value\">BENZINA<\/td>\n<\/tr>\n<tr class=\"djc_attribute djc_ef_alimentazione\">\n<td class=\"djc_label\"><span class=\"djc_attribute-label\">PREZZO IN \u20ac \u2013 VERSIONE FB FUORIBORDO SENZA MOTORE<\/span><\/td>\n<td class=\"djc_value\">24.127,00<\/td>\n<\/tr>\n<tr class=\"djc_attribute djc_ef_alimentazione\">\n<td class=\"djc_label\"><span class=\"djc_attribute-label\">IVA<\/span><\/td>\n<td class=\"djc_value\">ESCLUSA<\/td>\n<\/tr>\n<tr class=\"djc_attribute djc_ef_alimentazione\">\n<td class=\"djc_label\"><span class=\"djc_attribute-label\">POTENZA MAX INSTALLABILE FB \u2013 HP<\/span><\/td>\n<td class=\"djc_value\">225<\/td>\n<\/tr>\n<\/tbody>\n<\/table>\n<p>[\/vc_column_text][\/vc_tta_section][vc_tta_section i_icon_fontawesome=&#8221;fa fa-envelope-open-o&#8221; add_icon=&#8221;true&#8221; title=&#8221;RICHIEDI INFORMAZIONI&#8221; tab_id=&#8221;richiedi-informazionicc4e-de73b217-9a3e&#8221;]\n<div class=\"wpcf7 no-js\" id=\"wpcf7-f4-o1\" lang=\"en-US\" dir=\"ltr\">\n<div class=\"screen-reader-response\"><p role=\"status\" aria-live=\"polite\" aria-atomic=\"true\"><\/p> <ul><\/ul><\/div>\n<form action=\"\/de\/wp-json\/wp\/v2\/pages\/3119#wpcf7-f4-o1\" method=\"post\" class=\"wpcf7-form init wpcf7-acceptance-as-validation\" aria-label=\"Contact form\" novalidate=\"novalidate\" data-status=\"init\">\n<div style=\"display: none;\">\n<input type=\"hidden\" name=\"_wpcf7\" value=\"4\" \/>\n<input type=\"hidden\" name=\"_wpcf7_version\" value=\"5.9.2\" \/>\n<input type=\"hidden\" name=\"_wpcf7_locale\" value=\"en_US\" \/>\n<input type=\"hidden\" name=\"_wpcf7_unit_tag\" value=\"wpcf7-f4-o1\" \/>\n<input type=\"hidden\" name=\"_wpcf7_container_post\" value=\"0\" \/>\n<input type=\"hidden\" name=\"_wpcf7_posted_data_hash\" value=\"\" \/>\n<input type=\"hidden\" name=\"_wpcf7_recaptcha_response\" value=\"\" \/>\n<\/div>\n<div class=\"row\">\n    <div class=\"col-md-6 col-sm-6\">\n       <div class=\"form-group\">\n         <div class=\"form-label\">Nome:<\/div>\n         <span class=\"wpcf7-form-control-wrap\" data-name=\"your-name\"><input size=\"40\" class=\"wpcf7-form-control wpcf7-text wpcf7-validates-as-required\" aria-required=\"true\" aria-invalid=\"false\" value=\"\" type=\"text\" name=\"your-name\" \/><\/span>\n       <\/div>\n       <div class=\"form-group\">\n         <div class=\"form-label\">Telefono:<\/div>\n         <span class=\"wpcf7-form-control-wrap\" data-name=\"your-tel\"><input size=\"40\" class=\"wpcf7-form-control wpcf7-tel wpcf7-validates-as-required wpcf7-text wpcf7-validates-as-tel\" aria-required=\"true\" aria-invalid=\"false\" value=\"\" type=\"tel\" name=\"your-tel\" \/><\/span>\n       <\/div>\n       <div class=\"form-group\">\n         <div class=\"form-label\">Provincia:<\/div>\n         <span class=\"wpcf7-form-control-wrap\" data-name=\"your-prov\"><input size=\"40\" class=\"wpcf7-form-control wpcf7-text wpcf7-validates-as-required\" aria-required=\"true\" aria-invalid=\"false\" value=\"\" type=\"text\" name=\"your-prov\" \/><\/span>\n       <\/div>\n       <div class=\"form-group\">\n         <div class=\"form-label\">Email:<\/div>\n         <span class=\"wpcf7-form-control-wrap\" data-name=\"your-email\"><input size=\"40\" class=\"wpcf7-form-control wpcf7-email wpcf7-validates-as-required wpcf7-text wpcf7-validates-as-email\" aria-required=\"true\" aria-invalid=\"false\" value=\"\" type=\"email\" name=\"your-email\" \/><\/span>\n       <\/div>\n    <\/div>\n    <div class=\"col-md-6 col-sm-6\">\n       <div class=\"form-group-textarea\">\n         <div class=\"form-label\">Messaggio<\/div>\n         <span class=\"wpcf7-form-control-wrap\" data-name=\"your-message\"><textarea cols=\"40\" rows=\"10\" class=\"wpcf7-form-control wpcf7-textarea\" aria-invalid=\"false\" name=\"your-message\">Sono interessato a questo modello, vorrei essere contattato da un vostro referente commerciale per conoscere la vostra migliore proposta.<\/textarea><\/span>\n       <\/div>\nHo letto e accetto le <a href=\"\/privacy\/\">condizioni sulla Privacy<\/a>\n<span class=\"wpcf7-form-control-wrap\" data-name=\"acceptance-317\"><span class=\"wpcf7-form-control wpcf7-acceptance\"><span class=\"wpcf7-list-item\"><input type=\"checkbox\" name=\"acceptance-317\" value=\"1\" aria-invalid=\"false\" \/><\/span><\/span><\/span>\n          <input class=\"wpcf7-form-control wpcf7-submit has-spinner\" type=\"submit\" value=\"Invia\" \/>\n\n    <\/div>\n<\/div><div class=\"wpcf7-response-output\" aria-hidden=\"true\"><\/div>\n<\/form>\n<\/div>\n[\/vc_tta_section][vc_tta_section title=&#8221;DOWNLOAD&#8221; tab_id=&#8221;1526822718444-4d0be928-bc3e&#8221;][vc_column_text]Catalogo generale Bayliner e Listino gamma Element e CC<\/p>\n<div class='w3eden'><!-- WPDM Link Template: Call to Action 3 -->\n\n<div class=\"well c2a3\">\n    <div class=\"media\">\n        <div class=\"mr-3\" align=\"left\">\n            <img decoding=\"async\" class=\"wpdm_icon\" alt=\"Icon\" src=\"https:\/\/www.lepantomarine.it\/wp-content\/plugins\/download-manager\/assets\/file-type-icons\/pdf.svg\" \/>\n        <\/div>\n        <div class=\"media-body\">\n            <h3 class=\"media-heading\" style=\"padding-top: 0px;border:0px;margin: 0 0 5px 0;font-size:12pt;\">\n                <a style=\"font-weight: 700\" href=\"https:\/\/www.lepantomarine.it\/de\/download\/catalogo-generale-gamma-bayliner\/\">Catalogo generale gamma Bayliner 2022<\/a>\n                <span style=\"font-size:8pt;font-weight:300\" class=\"text-muted ml-4\">\n                    <i class=\"fas fa-hdd mr-1\"><\/i> 6.60 MB\n                    <i class=\"ml-3 far fa-arrow-alt-circle-down mr-1\"><\/i> 250 downloads\n                <\/span>\n            <\/h3>\n            Element Series\nM15 - M17 - E7\nVR Series\nVR5 - VR6\nCuddy e Cruiser Serie\nVR5 Cuddy...\n        <\/div>\n        <div class=\"ml-3\" align=\"right\">\n            <a class='wpdm-download-link download-on-click btn btn-primary ' rel='nofollow' href='#' data-downloadurl=\"https:\/\/www.lepantomarine.it\/de\/download\/catalogo-generale-gamma-bayliner\/?wpdmdl=4288&refresh=69e30cbbec1a91776487611\">Download<\/a>\n        <\/div>\n    <\/div>\n\n<\/div>\n<style>\n    .well.c2a3 .btn {\n        padding: 11px 30px;\n        font-size: 11pt;\n    }\n\n    .well.c2a3 .media-body {\n        font-size: 11pt;\n    }\n\n    .well.c2a3 .wpdm_icon {\n        height: 42px;\n        width: auto;\n    }<\/style>\n<\/div>\n<div class='w3eden'><!-- WPDM Link Template: Call to Action 3 -->\n\n<div class=\"well c2a3\">\n    <div class=\"media\">\n        <div class=\"mr-3\" align=\"left\">\n            <img decoding=\"async\" class=\"wpdm_icon\" alt=\"Icon\" src=\"https:\/\/www.lepantomarine.it\/wp-content\/plugins\/download-manager\/assets\/file-type-icons\/pdf.svg\" \/>\n        <\/div>\n        <div class=\"media-body\">\n            <h3 class=\"media-heading\" style=\"padding-top: 0px;border:0px;margin: 0 0 5px 0;font-size:12pt;\">\n                <a style=\"font-weight: 700\" href=\"https:\/\/www.lepantomarine.it\/de\/download\/listino-bayliner-2019-01-runabouts-vr-series\/\">Listino Bayliner 2020.01 Runabouts - VR Series<\/a>\n                <span style=\"font-size:8pt;font-weight:300\" class=\"text-muted ml-4\">\n                    <i class=\"fas fa-hdd mr-1\"><\/i> 118.85 KB\n                    <i class=\"ml-3 far fa-arrow-alt-circle-down mr-1\"><\/i> 186 downloads\n                <\/span>\n            <\/h3>\n            LISTINO BAYLINER DELLA GAMMA BOWRIDER - VR SERIES\nBAYLINER VR4\nBAYLINER VR5\nBAYLINER...\n        <\/div>\n        <div class=\"ml-3\" align=\"right\">\n            <a class='wpdm-download-link download-on-click btn btn-primary ' rel='nofollow' href='#' data-downloadurl=\"https:\/\/www.lepantomarine.it\/de\/download\/listino-bayliner-2019-01-runabouts-vr-series\/?wpdmdl=4292&refresh=69e30cbbf19051776487611\">Download<\/a>\n        <\/div>\n    <\/div>\n\n<\/div>\n<style>\n    .well.c2a3 .btn {\n        padding: 11px 30px;\n        font-size: 11pt;\n    }\n\n    .well.c2a3 .media-body {\n        font-size: 11pt;\n    }\n\n    .well.c2a3 .wpdm_icon {\n        height: 42px;\n        width: auto;\n    }<\/style>\n<\/div>[\/vc_column_text][\/vc_tta_section][\/vc_tta_tabs][\/vc_column][\/vc_row][vc_row][vc_column][vc_empty_space][vc_single_image image=&#8221;1687&#8243; img_size=&#8221;full&#8221; alignment=&#8221;center&#8221;][vc_empty_space][vc_wp_custommenu nav_menu=&#8221;609&#8243;][vc_empty_space][\/vc_column][\/vc_row]<\/p>\n<\/div>","protected":false},"excerpt":{"rendered":"<p>[vc_row css=&#8221;.vc_custom_1518432902572{background-position: center !important;background-repeat: no-repeat !important;background-size: cover !important;}&#8221;][vc_column css=&#8221;.vc_custom_1518432963263{background-color: rgba(255,255,255,0.73) !important;*background-color: rgb(255,255,255) !important;}&#8221;][vc_single_image image=&#8221;1687&#8243; img_size=&#8221;full&#8221; alignment=&#8221;center&#8221;][vc_custom_heading text=&#8221;VR6 BOWRIDER&#8221; font_container=&#8221;tag:h2|font_size:25|text_align:center|color:%230c3366&#8243; use_theme_fonts=&#8221;yes&#8221;][vc_single_image image=&#8221;2974&#8243; img_size=&#8221;full&#8221; alignment=&#8221;center&#8221; style=&#8221;vc_box_shadow&#8221;][vc_column_text] Il VR6 si basa sull\u2019eredit\u00e0 della carena a V dei bowrider della Bayliner con l\u2019aggiunta di un miglioramento nell\u2019estetica e nella funzionalit\u00e0 rispetto alle tradizionali imbarcazioni con prua aperta. A prua&#8230;<\/p>\n","protected":false},"author":1,"featured_media":23264,"parent":2753,"menu_order":0,"comment_status":"closed","ping_status":"closed","template":"","meta":{"footnotes":""},"class_list":["post-3119","page","type-page","status-publish","has-post-thumbnail","hentry"],"yoast_head":"<!-- This site is optimized with the Yoast SEO plugin v22.3 - https:\/\/yoast.com\/wordpress\/plugins\/seo\/ -->\n<title>VR6 BOWRIDER - Lepanto Marine<\/title>\n<meta name=\"robots\" content=\"index, follow, max-snippet:-1, max-image-preview:large, max-video-preview:-1\" \/>\n<link rel=\"canonical\" href=\"https:\/\/www.lepantomarine.it\/de\/bayliner\/bowrider\/vr6-bowrider\/\" \/>\n<meta property=\"og:locale\" content=\"de_DE\" \/>\n<meta property=\"og:type\" content=\"article\" \/>\n<meta property=\"og:title\" content=\"VR6 BOWRIDER - Lepanto Marine\" \/>\n<meta property=\"og:description\" content=\"[vc_row css=&#8221;.vc_custom_1518432902572{background-position: center !important;background-repeat: no-repeat !important;background-size: cover !important;}&#8221;][vc_column css=&#8221;.vc_custom_1518432963263{background-color: rgba(255,255,255,0.73) !important;*background-color: rgb(255,255,255) !important;}&#8221;][vc_single_image image=&#8221;1687&#8243; img_size=&#8221;full&#8221; alignment=&#8221;center&#8221;][vc_custom_heading text=&#8221;VR6 BOWRIDER&#8221; font_container=&#8221;tag:h2|font_size:25|text_align:center|color:%230c3366&#8243; use_theme_fonts=&#8221;yes&#8221;][vc_single_image image=&#8221;2974&#8243; img_size=&#8221;full&#8221; alignment=&#8221;center&#8221; style=&#8221;vc_box_shadow&#8221;][vc_column_text] Il VR6 si basa sull\u2019eredit\u00e0 della carena a V dei bowrider della Bayliner con l\u2019aggiunta di un miglioramento nell\u2019estetica e nella funzionalit\u00e0 rispetto alle tradizionali imbarcazioni con prua aperta. A prua...\" \/>\n<meta property=\"og:url\" content=\"https:\/\/www.lepantomarine.it\/de\/bayliner\/bowrider\/vr6-bowrider\/\" \/>\n<meta property=\"og:site_name\" content=\"Lepanto Marine\" \/>\n<meta property=\"article:modified_time\" content=\"2019-09-11T15:36:12+00:00\" \/>\n<meta name=\"twitter:card\" content=\"summary_large_image\" \/>\n<meta name=\"twitter:label1\" content=\"Gesch\u00e4tzte Lesezeit\" \/>\n\t<meta name=\"twitter:data1\" content=\"3 Minuten\" \/>\n<script type=\"application\/ld+json\" class=\"yoast-schema-graph\">{\"@context\":\"https:\/\/schema.org\",\"@graph\":[{\"@type\":\"WebPage\",\"@id\":\"https:\/\/www.lepantomarine.it\/de\/bayliner\/bowrider\/vr6-bowrider\/\",\"url\":\"https:\/\/www.lepantomarine.it\/de\/bayliner\/bowrider\/vr6-bowrider\/\",\"name\":\"VR6 BOWRIDER - Lepanto Marine\",\"isPartOf\":{\"@id\":\"https:\/\/www.lepantomarine.it\/en\/#website\"},\"primaryImageOfPage\":{\"@id\":\"https:\/\/www.lepantomarine.it\/de\/bayliner\/bowrider\/vr6-bowrider\/#primaryimage\"},\"image\":{\"@id\":\"https:\/\/www.lepantomarine.it\/de\/bayliner\/bowrider\/vr6-bowrider\/#primaryimage\"},\"thumbnailUrl\":\"https:\/\/www.lepantomarine.it\/wp-content\/uploads\/2024\/11\/9030332_20230905155601872_1_XLARGE.jpg\",\"datePublished\":\"2018-02-14T21:00:36+00:00\",\"dateModified\":\"2019-09-11T15:36:12+00:00\",\"breadcrumb\":{\"@id\":\"https:\/\/www.lepantomarine.it\/de\/bayliner\/bowrider\/vr6-bowrider\/#breadcrumb\"},\"inLanguage\":\"de-DE\",\"potentialAction\":[{\"@type\":\"ReadAction\",\"target\":[\"https:\/\/www.lepantomarine.it\/de\/bayliner\/bowrider\/vr6-bowrider\/\"]}]},{\"@type\":\"ImageObject\",\"inLanguage\":\"de-DE\",\"@id\":\"https:\/\/www.lepantomarine.it\/de\/bayliner\/bowrider\/vr6-bowrider\/#primaryimage\",\"url\":\"https:\/\/www.lepantomarine.it\/wp-content\/uploads\/2024\/11\/9030332_20230905155601872_1_XLARGE.jpg\",\"contentUrl\":\"https:\/\/www.lepantomarine.it\/wp-content\/uploads\/2024\/11\/9030332_20230905155601872_1_XLARGE.jpg\",\"width\":1920,\"height\":1280,\"caption\":\"VR6\"},{\"@type\":\"BreadcrumbList\",\"@id\":\"https:\/\/www.lepantomarine.it\/de\/bayliner\/bowrider\/vr6-bowrider\/#breadcrumb\",\"itemListElement\":[{\"@type\":\"ListItem\",\"position\":1,\"name\":\"Home\",\"item\":\"https:\/\/www.lepantomarine.it\/de\/\"},{\"@type\":\"ListItem\",\"position\":2,\"name\":\"Bayliner\",\"item\":\"https:\/\/www.lepantomarine.it\/de\/bayliner\/\"},{\"@type\":\"ListItem\",\"position\":3,\"name\":\"Bayliner Bowrider\",\"item\":\"https:\/\/www.lepantomarine.it\/de\/bayliner\/bowrider\/\"},{\"@type\":\"ListItem\",\"position\":4,\"name\":\"VR6 BOWRIDER\"}]},{\"@type\":\"WebSite\",\"@id\":\"https:\/\/www.lepantomarine.it\/en\/#website\",\"url\":\"https:\/\/www.lepantomarine.it\/en\/\",\"name\":\"Lepanto Marine\",\"description\":\"\",\"potentialAction\":[{\"@type\":\"SearchAction\",\"target\":{\"@type\":\"EntryPoint\",\"urlTemplate\":\"https:\/\/www.lepantomarine.it\/en\/?s={search_term_string}\"},\"query-input\":\"required name=search_term_string\"}],\"inLanguage\":\"de-DE\"}]}<\/script>\n<!-- \/ Yoast SEO plugin. -->","yoast_head_json":{"title":"VR6 BOWRIDER - Lepanto Marine","robots":{"index":"index","follow":"follow","max-snippet":"max-snippet:-1","max-image-preview":"max-image-preview:large","max-video-preview":"max-video-preview:-1"},"canonical":"https:\/\/www.lepantomarine.it\/de\/bayliner\/bowrider\/vr6-bowrider\/","og_locale":"de_DE","og_type":"article","og_title":"VR6 BOWRIDER - Lepanto Marine","og_description":"[vc_row css=&#8221;.vc_custom_1518432902572{background-position: center !important;background-repeat: no-repeat !important;background-size: cover !important;}&#8221;][vc_column css=&#8221;.vc_custom_1518432963263{background-color: rgba(255,255,255,0.73) !important;*background-color: rgb(255,255,255) !important;}&#8221;][vc_single_image image=&#8221;1687&#8243; img_size=&#8221;full&#8221; alignment=&#8221;center&#8221;][vc_custom_heading text=&#8221;VR6 BOWRIDER&#8221; font_container=&#8221;tag:h2|font_size:25|text_align:center|color:%230c3366&#8243; use_theme_fonts=&#8221;yes&#8221;][vc_single_image image=&#8221;2974&#8243; img_size=&#8221;full&#8221; alignment=&#8221;center&#8221; style=&#8221;vc_box_shadow&#8221;][vc_column_text] Il VR6 si basa sull\u2019eredit\u00e0 della carena a V dei bowrider della Bayliner con l\u2019aggiunta di un miglioramento nell\u2019estetica e nella funzionalit\u00e0 rispetto alle tradizionali imbarcazioni con prua aperta. A prua...","og_url":"https:\/\/www.lepantomarine.it\/de\/bayliner\/bowrider\/vr6-bowrider\/","og_site_name":"Lepanto Marine","article_modified_time":"2019-09-11T15:36:12+00:00","twitter_card":"summary_large_image","twitter_misc":{"Gesch\u00e4tzte Lesezeit":"3 Minuten"},"schema":{"@context":"https:\/\/schema.org","@graph":[{"@type":"WebPage","@id":"https:\/\/www.lepantomarine.it\/de\/bayliner\/bowrider\/vr6-bowrider\/","url":"https:\/\/www.lepantomarine.it\/de\/bayliner\/bowrider\/vr6-bowrider\/","name":"VR6 BOWRIDER - Lepanto Marine","isPartOf":{"@id":"https:\/\/www.lepantomarine.it\/en\/#website"},"primaryImageOfPage":{"@id":"https:\/\/www.lepantomarine.it\/de\/bayliner\/bowrider\/vr6-bowrider\/#primaryimage"},"image":{"@id":"https:\/\/www.lepantomarine.it\/de\/bayliner\/bowrider\/vr6-bowrider\/#primaryimage"},"thumbnailUrl":"https:\/\/www.lepantomarine.it\/wp-content\/uploads\/2024\/11\/9030332_20230905155601872_1_XLARGE.jpg","datePublished":"2018-02-14T21:00:36+00:00","dateModified":"2019-09-11T15:36:12+00:00","breadcrumb":{"@id":"https:\/\/www.lepantomarine.it\/de\/bayliner\/bowrider\/vr6-bowrider\/#breadcrumb"},"inLanguage":"de-DE","potentialAction":[{"@type":"ReadAction","target":["https:\/\/www.lepantomarine.it\/de\/bayliner\/bowrider\/vr6-bowrider\/"]}]},{"@type":"ImageObject","inLanguage":"de-DE","@id":"https:\/\/www.lepantomarine.it\/de\/bayliner\/bowrider\/vr6-bowrider\/#primaryimage","url":"https:\/\/www.lepantomarine.it\/wp-content\/uploads\/2024\/11\/9030332_20230905155601872_1_XLARGE.jpg","contentUrl":"https:\/\/www.lepantomarine.it\/wp-content\/uploads\/2024\/11\/9030332_20230905155601872_1_XLARGE.jpg","width":1920,"height":1280,"caption":"VR6"},{"@type":"BreadcrumbList","@id":"https:\/\/www.lepantomarine.it\/de\/bayliner\/bowrider\/vr6-bowrider\/#breadcrumb","itemListElement":[{"@type":"ListItem","position":1,"name":"Home","item":"https:\/\/www.lepantomarine.it\/de\/"},{"@type":"ListItem","position":2,"name":"Bayliner","item":"https:\/\/www.lepantomarine.it\/de\/bayliner\/"},{"@type":"ListItem","position":3,"name":"Bayliner Bowrider","item":"https:\/\/www.lepantomarine.it\/de\/bayliner\/bowrider\/"},{"@type":"ListItem","position":4,"name":"VR6 BOWRIDER"}]},{"@type":"WebSite","@id":"https:\/\/www.lepantomarine.it\/en\/#website","url":"https:\/\/www.lepantomarine.it\/en\/","name":"Lepanto Marine","description":"","potentialAction":[{"@type":"SearchAction","target":{"@type":"EntryPoint","urlTemplate":"https:\/\/www.lepantomarine.it\/en\/?s={search_term_string}"},"query-input":"required name=search_term_string"}],"inLanguage":"de-DE"}]}},"_links":{"self":[{"href":"https:\/\/www.lepantomarine.it\/de\/wp-json\/wp\/v2\/pages\/3119","targetHints":{"allow":["GET"]}}],"collection":[{"href":"https:\/\/www.lepantomarine.it\/de\/wp-json\/wp\/v2\/pages"}],"about":[{"href":"https:\/\/www.lepantomarine.it\/de\/wp-json\/wp\/v2\/types\/page"}],"author":[{"embeddable":true,"href":"https:\/\/www.lepantomarine.it\/de\/wp-json\/wp\/v2\/users\/1"}],"replies":[{"embeddable":true,"href":"https:\/\/www.lepantomarine.it\/de\/wp-json\/wp\/v2\/comments?post=3119"}],"version-history":[{"count":11,"href":"https:\/\/www.lepantomarine.it\/de\/wp-json\/wp\/v2\/pages\/3119\/revisions"}],"predecessor-version":[{"id":11987,"href":"https:\/\/www.lepantomarine.it\/de\/wp-json\/wp\/v2\/pages\/3119\/revisions\/11987"}],"up":[{"embeddable":true,"href":"https:\/\/www.lepantomarine.it\/de\/wp-json\/wp\/v2\/pages\/2753"}],"wp:featuredmedia":[{"embeddable":true,"href":"https:\/\/www.lepantomarine.it\/de\/wp-json\/wp\/v2\/media\/23264"}],"wp:attachment":[{"href":"https:\/\/www.lepantomarine.it\/de\/wp-json\/wp\/v2\/media?parent=3119"}],"curies":[{"name":"wp","href":"https:\/\/api.w.org\/{rel}","templated":true}]}}