{"id":1414,"date":"2015-09-18T09:48:28","date_gmt":"2015-09-18T07:48:28","guid":{"rendered":"https:\/\/www.lepantomarine.it\/front-page\/"},"modified":"2024-03-21T11:49:28","modified_gmt":"2024-03-21T10:49:28","slug":"home","status":"publish","type":"page","link":"https:\/\/www.lepantomarine.it\/de\/","title":{"rendered":"Home"},"content":{"rendered":"<div class=\"wpb-content-wrapper\"><p>[vc_row full_width=&#8221;stretch_row&#8221; css=&#8221;.vc_custom_1711018159205{margin-top: -40px !important;margin-bottom: 0px !important;}&#8221; el_class=&#8221;stm-slider-nice-height&#8221;][vc_column][rev_slider_vc alias=&#8221;home-inglese&#8221;][\/vc_column][\/vc_row][vc_row css=&#8221;.vc_custom_1448544673381{margin-bottom: 57px !important;}&#8221;][vc_column][stm_car_listing_tabbed tab_affix=&#8221;&#8221; found_cars_prefix=&#8221;&#8221; search_icon=&#8221;stm-icon-search&#8221; filter_columns_number=&#8221;4&#8243; filter_selected=&#8221;categoria,tipologia,marca,anno&#8221; call_to_action_icon=&#8221;stm-icon-question&#8221; call_to_action_icon_right=&#8221;stm-icon-phone2&#8243; call_to_action_text_color=&#8221;#ffffff&#8221; enable_search=&#8221;true&#8221; enable_call_to_action=&#8221;true&#8221; taxonomy=&#8221;stock-de | categoria, usato-de | categoria, motor-de | tipologia,&#8221; per_page=&#8221;8&#8243; search_label=&#8221;ADVANCED SEARCH&#8221; call_to_action_label=&#8221;Questions? Call us now!&#8221; call_to_action_label_right=&#8221;+39 045640165&#8243;]<\/p>\n<h2><span style=\"color: #ffffff;\">WELCOME TO<\/span> <span class=\"stm-base-color\">LEPANTO MARINE<\/span><\/h2>\n<p>[\/stm_car_listing_tabbed][\/vc_column][\/vc_row][vc_row stm_fullwidth=&#8221;yes&#8221; blackout_opacity=&#8221;20&#8243; css=&#8221;.vc_custom_1518479095565{margin-bottom: 0px !important;padding-top: 137px !important;padding-bottom: 113px !important;background-image: url(https:\/\/www.lepantomarine.it\/wp-content\/uploads\/2018\/02\/lago-garda.jpg?id=1865) !important;}&#8221; el_class=&#8221;stm-icon-box-adaptive-style-one&#8221;][vc_column offset=&#8221;vc_col-lg-6&#8243; css=&#8221;.vc_custom_1448967644598{margin-bottom: 30px !important;}&#8221;][stm_icon_box style_layout=&#8221;boats&#8221; icon=&#8221;stm-service-icon-sales_hours&#8221; icon_size=&#8221;54&#8243; box_bg_color=&#8221;#fab637&#8243; box_text_color=&#8221;#232628&#8243; link=&#8221;url:https%3A%2F%2Fwww.rentbooking.it%2Fde|title:Bootsvermietung||&#8221; title=&#8221;Bootsverleih ohne nautische lizenz&#8221; line_height=&#8221;17&#8243; icon_color=&#8221;#232628&#8243;]<span style=\"color: #ffffff;\">Mieten Sie ein Boot, um die Sch\u00f6nheit des Gardasees zu entdecken. Sie k\u00f6nnen ein Boot bis zu 40 PS OHNE BOOTSLIZENZ fahren.<\/span>[\/stm_icon_box][\/vc_column][vc_column offset=&#8221;vc_col-lg-6&#8243; css=&#8221;.vc_custom_1448967649806{margin-bottom: 30px !important;}&#8221;][stm_icon_box icon=&#8221;stm-icon-load2&#8243; title=&#8221;Bootsvermietung mit Nautische Lizenz&#8221; box_bg_color=&#8221;#ff4848&#8243; line_height=&#8221;17&#8243; icon_color=&#8221;#232628&#8243; link=&#8221;url:https%3A%2F%2Fwww.rentbooking.it%2Fde|title:Bootsvermietung||&#8221;]<span style=\"color: #ffffff;\">Mieten Sie ein Boot, um die Sch\u00f6nheit des Gardasees zu entdecken. Sie k\u00f6nnen ein Boot mit einer Bootslizenz fahren.<\/span>[\/stm_icon_box][\/vc_column][\/vc_row][vc_row full_width=&#8221;stretch_row&#8221; css=&#8221;.vc_custom_1448968797570{margin-bottom: 0px !important;padding-top: 51px !important;padding-bottom: 62px !important;background-color: #f0f2f5 !important;}&#8221; el_class=&#8221;stm-adaptive-tablet-margins&#8221;][vc_column][vc_row_inner css=&#8221;.vc_custom_1448532576588{margin-bottom: 0px !important;}&#8221;][vc_column_inner][\/vc_column_inner][\/vc_row_inner][vc_row_inner css=&#8221;.vc_custom_1448532584673{margin-bottom: 54px !important;}&#8221;][vc_column_inner][stm_color_separator color=&#8221;#cc6119&#8243;][stm_icon_box style_layout=&#8221;boats&#8221; bottom_triangle=&#8221;true&#8221; css=&#8221;.vc_custom_1521006492415{padding-top: 65px !important;padding-right: 80px !important;padding-bottom: 56px !important;padding-left: 63px !important;}&#8221;]<\/p>\n<h2 style=\"margin-bottom: 25px;\">RENTBOOKING.IT<\/h2>\n<p>Lepanto Marine SRL ist aus der Erfahrung von drei Generationen der Familie Vassena und Lepanto geboren.<br \/>\nDie Erfahrungen in der Entwicklung und Herstellung im Bereich Handel und Dienstleistungen sind zur\u00fcckzuverfolgen bis 1946, wenn Pietro Vassena eine der ersten Au\u00dfenbordmotoren entwurf und baute.<br \/>\nHeutzutage ist Lepanto Marine eine ernste und wichtige Realit\u00e4t in der Welt des Motorbootfahren. &#8220;Enjoy our boating passion&#8221;, ist unser Motto und unsere Hauptst\u00e4rke. Der Kunde muss in der Lage sein unsere Erfahrung, die aus unserer Leidenschaft f\u00fcr Boote kommt, zu &#8220;genie\u00dfen&#8221;.<br \/>\nWir sind Importeure von Bayliner und Rand und H\u00e4ndler von gro\u00dfen Marken wie Mercury und Satellite. Wir besch\u00e4ftigen uns auch mit vielen anderen neuen und gebrauchten Produkten. Es gibt eine Vielzahl von Zubeh\u00f6r und Original-Ersatzteile. We Sell What We Rent &amp; We Rent What We Sell.<br \/>\nVermietung und Leasing: Sie k\u00f6nnen f\u00fcr eine Stunde mieten, f\u00fcr einen Tag, ein Wochenende oder sogar f\u00fcr die gesamte Saison. Wir bieten Boote und Daycruiser an mit einer Auswahl von einer breiten Palette von Modellen mit oder ohne Boot-Lizenz.<br \/>\nLagerung: mit \u00fcber 15.000 Quadratmeter Lagerraum, Kr\u00e4nen, Ausr\u00fcstung f\u00fcr die Wasser- und Dock Dienstleistungen, k\u00f6nnen wir Ihnen alle Dienstleistungen f\u00fcr Ihr Boot anbieten. Wir haben gedeckte und ungedeckte Lagerung, Wasserstellen, Fracht, Bootsplanen, Boot Wiegen, Antifouling und Transport. Lagerung im Winter bei uns ab 10 Euro pro Meter pro Monat. Rufen Sie uns an und wir k\u00fcmmern uns um Ihr Boot.<br \/>\nBearbeitung: die mechanischen und k\u00f6rperlichen Arbeiten werden von Mitarbeitern mit Qualifikationen, die von verschiedenen Herstellern zertifiziert sind, durchgef\u00fchrt.<br \/>\nWir bieten auch alle anderen damit verbundenen Dienstleistungen an: Beratung, Umr\u00fcstung, Versicherung, Finanzierung, Leasing, Teppich und Gewebe Arbeit und Artefakte in Glasfaser.<br \/>\nLepanto Marine ist bekannt f\u00fcr die Qualit\u00e4t seines Dienstes und seiner Sorgfalt f\u00fcr Booten, alle mit einem hohen Qualit\u00e4tsstandard, der mit der ISO 9001: 2000 Zertifizierung von RINA, im Jahr 2006 erhalten, zertifiziert ist.[\/stm_icon_box][\/vc_column_inner][\/vc_row_inner][\/vc_column][\/vc_row][vc_row full_width=&#8221;stretch_row_content_no_spaces&#8221; css=&#8221;.vc_custom_1521006954267{padding-top: 83px !important;padding-bottom: 79px !important;background-image: url(https:\/\/www.lepantomarine.it\/wp-content\/uploads\/2018\/02\/lago-garda-slide1.jpg?id=1882) !important;}&#8221;][vc_column][stm_our_partners image_size=&#8221;200&#215;100&#8243; image=&#8221;1966,1972,1975,1978,1981,1984,1987,1990,1993,1996&#8243;][\/vc_column][\/vc_row][vc_row][vc_column width=&#8221;1\/4&#8243;][vc_column_text]<\/p>\n<div id=\"TA_selfserveprop176\" class=\"TA_selfserveprop\">\n<ul id=\"wyut4bkT\" class=\"TA_links p06dimvL\">\n<li id=\"ow6jUHlXMp\" class=\"eZimbtsY6\"><a href=\"https:\/\/www.tripadvisor.it\/Attraction_Review-g635642-d10210036-Reviews-Lepanto_Marine-Peschiera_del_Garda_Province_of_Verona_Veneto.html\" target=\"_blank\" rel=\"noopener\"><img decoding=\"async\" src=\"https:\/\/www.tripadvisor.it\/img\/cdsi\/img2\/branding\/v2\/Tripadvisor_lockup_horizontal_secondary_registered-11900-2.svg\" alt=\"TripAdvisor\" \/><\/a><\/li>\n<\/ul>\n<\/div>\n<p><script async src=\"https:\/\/www.jscache.com\/wejs?wtype=selfserveprop&amp;uniq=176&amp;locationId=10210036&amp;lang=it&amp;rating=true&amp;nreviews=5&amp;writereviewlink=true&amp;popIdx=true&amp;iswide=false&amp;border=true&amp;display_version=2\" data-loadtrk onload=\"this.loadtrk=true\"><\/script>[\/vc_column_text][\/vc_column][vc_column width=&#8221;3\/4&#8243;][vc_column_text]<div class=\"ti-widget ti-goog\" data-layout-id=\"4\" data-set-id=\"light-background\" data-pid=\"\" data-pager-autoplay-timeout=\"6\" data-review-target-width=\"300\" data-language=\"it\" > <div class=\"ti-widget-container ti-col-3\"> <div class=\"ti-reviews-container\"> <div class=\"ti-controls\"> <div class=\"ti-next\"><\/div> <div class=\"ti-prev\"><\/div> <\/div> <div class=\"ti-reviews-container-wrapper\">  <div data-empty=\"0\" class=\"ti-review-item source-Google\" > <div class=\"ti-inner\"> <div class=\"ti-review-header\"> <div class=\"ti-profile-img\"> <img decoding=\"async\" src=\"https:\/\/lh3.googleusercontent.com\/a\/ACg8ocLJeQmqByuqHhRJ4mr1dureFd4DSgX7pcKSbGKPtxd0=s120-c-rp-mo-ba3-br100\" alt=\"Guido Schlimbach\" \/> <\/div> <div class=\"ti-profile-details\"> <div class=\"ti-name\"> Guido Schlimbach <\/div> <div class=\"ti-date\">2023-06-28<\/div> <\/div> <\/div> <span class=\"ti-stars\"><span class=\"ti-star f\"><\/span><span class=\"ti-star f\"><\/span><span class=\"ti-star f\"><\/span><span class=\"ti-star f\"><\/span><span class=\"ti-star f\"><\/span><\/span> <div class=\"ti-review-text-container ti-review-content\"><!-- R-CONTENT -->Direkt das passende \u00d6l f\u00fcr meinen Mercruiser 898 Motor zur Hand, Danke daf\u00fcr!<!-- R-CONTENT --><\/div> <span class=\"ti-read-more\" data-container=\".ti-review-content\" data-collapse-text=\"Nascondere\" data-open-text=\"Leggi di pi\u00f9\" ><\/span> <\/div> <\/div>  <div data-empty=\"0\" class=\"ti-review-item source-Google\" > <div class=\"ti-inner\"> <div class=\"ti-review-header\"> <div class=\"ti-profile-img\"> <img decoding=\"async\" src=\"https:\/\/lh3.googleusercontent.com\/a\/ACg8ocKx_dM9DJ1vkotJ1cbHIeM_TL3QMgkxNZuTFCXbGSTtqw=s120-c-rp-mo-ba4-br100\" alt=\"Andrea Placani\" \/> <\/div> <div class=\"ti-profile-details\"> <div class=\"ti-name\"> Andrea Placani <\/div> <div class=\"ti-date\">2022-11-16<\/div> <\/div> <\/div> <span class=\"ti-stars\"><span class=\"ti-star f\"><\/span><span class=\"ti-star f\"><\/span><span class=\"ti-star f\"><\/span><span class=\"ti-star f\"><\/span><span class=\"ti-star f\"><\/span><\/span> <div class=\"ti-review-text-container ti-review-content\"><!-- R-CONTENT -->Molto gentili, disponibili e professionali. Non posso che parlarne benissimo!!!<!-- R-CONTENT --><\/div> <span class=\"ti-read-more\" data-container=\".ti-review-content\" data-collapse-text=\"Nascondere\" data-open-text=\"Leggi di pi\u00f9\" ><\/span> <\/div> <\/div>  <div data-empty=\"0\" class=\"ti-review-item source-Google\" > <div class=\"ti-inner\"> <div class=\"ti-review-header\"> <div class=\"ti-profile-img\"> <img decoding=\"async\" src=\"https:\/\/lh3.googleusercontent.com\/a\/ACg8ocKowWSB__JqmsSh2o4e3Zpw8A3jrYx8uWkPaMBUo4NM=s120-c-rp-mo-br100\" alt=\"Riccardo Rizzi\" \/> <\/div> <div class=\"ti-profile-details\"> <div class=\"ti-name\"> Riccardo Rizzi <\/div> <div class=\"ti-date\">2022-11-04<\/div> <\/div> <\/div> <span class=\"ti-stars\"><span class=\"ti-star f\"><\/span><span class=\"ti-star f\"><\/span><span class=\"ti-star f\"><\/span><span class=\"ti-star f\"><\/span><span class=\"ti-star f\"><\/span><\/span> <div class=\"ti-review-text-container ti-review-content\"><!-- R-CONTENT -->Lavori eseguiti perfettamente, disponibilit\u00e0 e professionalit\u00e0 prima di tutto, bravi!<!-- R-CONTENT --><\/div> <span class=\"ti-read-more\" data-container=\".ti-review-content\" data-collapse-text=\"Nascondere\" data-open-text=\"Leggi di pi\u00f9\" ><\/span> <\/div> <\/div>  <div data-empty=\"0\" class=\"ti-review-item source-Google\" > <div class=\"ti-inner\"> <div class=\"ti-review-header\"> <div class=\"ti-profile-img\"> <img decoding=\"async\" src=\"https:\/\/lh3.googleusercontent.com\/a-\/ALV-UjWZajhq8s7ptvxzDzIzIb5SXzgXMcTsvrvtNCSkR7_4lKM=s120-c-rp-mo-ba4-br100\" alt=\"Alessandro\" \/> <\/div> <div class=\"ti-profile-details\"> <div class=\"ti-name\"> Alessandro <\/div> <div class=\"ti-date\">2022-04-05<\/div> <\/div> <\/div> <span class=\"ti-stars\"><span class=\"ti-star f\"><\/span><span class=\"ti-star f\"><\/span><span class=\"ti-star f\"><\/span><span class=\"ti-star f\"><\/span><span class=\"ti-star f\"><\/span><\/span> <div class=\"ti-review-text-container ti-review-content\"><!-- R-CONTENT -->Negozio di materiali per la nautica ben fornito e efficienti nella consegna, un ordine telefonico fatto al venerd\u00ec \u00e8 stato evaso il luned\u00ec mattina seguente, ottimo! Personale competente che d\u00e0 consigli sulle applicazioni. Sicuramente merita considerazione per gli acquisti.<!-- R-CONTENT --><\/div> <span class=\"ti-read-more\" data-container=\".ti-review-content\" data-collapse-text=\"Nascondere\" data-open-text=\"Leggi di pi\u00f9\" ><\/span> <\/div> <\/div>  <\/div> <div class=\"ti-controls-line\"> <div class=\"dot\"><\/div> <\/div> <\/div> <div class=\"ti-footer\"> <div class=\"ti-rating-text\"> <span class=\"nowrap\">Valutazione complessiva <strong>Google<\/strong> <\/span><span class=\"nowrap\"><strong>4.7<\/strong> su 5, <\/span><span class=\"nowrap\">in base a <strong>39 recensioni<\/strong><\/span> <\/div> <\/div>  <\/div> <\/div>[\/vc_column_text][\/vc_column][\/vc_row]<\/p>\n<\/div>","protected":false},"excerpt":{"rendered":"<p>[vc_row full_width=&#8221;stretch_row&#8221; css=&#8221;.vc_custom_1711018159205{margin-top: -40px !important;margin-bottom: 0px !important;}&#8221; el_class=&#8221;stm-slider-nice-height&#8221;][vc_column][rev_slider_vc alias=&#8221;home-inglese&#8221;][\/vc_column][\/vc_row][vc_row css=&#8221;.vc_custom_1448544673381{margin-bottom: 57px !important;}&#8221;][vc_column][stm_car_listing_tabbed tab_affix=&#8221;&#8221; found_cars_prefix=&#8221;&#8221; search_icon=&#8221;stm-icon-search&#8221; filter_columns_number=&#8221;4&#8243; filter_selected=&#8221;categoria,tipologia,marca,anno&#8221; call_to_action_icon=&#8221;stm-icon-question&#8221; call_to_action_icon_right=&#8221;stm-icon-phone2&#8243; call_to_action_text_color=&#8221;#ffffff&#8221; enable_search=&#8221;true&#8221; enable_call_to_action=&#8221;true&#8221; taxonomy=&#8221;stock-de | categoria, usato-de | categoria, motor-de | tipologia,&#8221; per_page=&#8221;8&#8243; search_label=&#8221;ADVANCED SEARCH&#8221; call_to_action_label=&#8221;Questions? Call us now!&#8221; call_to_action_label_right=&#8221;+39 045640165&#8243;] WELCOME TO LEPANTO MARINE [\/stm_car_listing_tabbed][\/vc_column][\/vc_row][vc_row stm_fullwidth=&#8221;yes&#8221; blackout_opacity=&#8221;20&#8243; css=&#8221;.vc_custom_1518479095565{margin-bottom: 0px !important;padding-top: 137px !important;padding-bottom: 113px !important;background-image: url(https:\/\/www.lepantomarine.it\/wp-content\/uploads\/2018\/02\/lago-garda.jpg?id=1865)&#8230;<\/p>\n","protected":false},"author":1,"featured_media":0,"parent":0,"menu_order":0,"comment_status":"closed","ping_status":"closed","template":"","meta":{"footnotes":""},"class_list":["post-1414","page","type-page","status-publish","hentry"],"yoast_head":"<!-- This site is optimized with the Yoast SEO plugin v22.3 - https:\/\/yoast.com\/wordpress\/plugins\/seo\/ -->\n<title>Importeur und H\u00e4ndler und Bayliner Boote - Mercury Motoren<\/title>\n<meta name=\"description\" content=\"Heutzutage ist Lepanto Marine eine ernste und wichtige Realit\u00e4t in der Welt des Motorbootfahren. &quot;Enjoy our boating passion&quot;, ist unser Motto und unsere Hauptst\u00e4rke. Der Kunde muss in der Lage sein unsere Erfahrung, die aus unserer Leidenschaft f\u00fcr Boote kommt, zu &quot;genie\u00dfen&quot;.\" \/>\n<meta name=\"robots\" content=\"index, follow, max-snippet:-1, max-image-preview:large, max-video-preview:-1\" \/>\n<link rel=\"canonical\" href=\"https:\/\/www.lepantomarine.it\/de\/\" \/>\n<meta property=\"og:locale\" content=\"de_DE\" \/>\n<meta property=\"og:type\" content=\"article\" \/>\n<meta property=\"og:title\" content=\"Importeur und H\u00e4ndler und Bayliner Boote - Mercury Motoren\" \/>\n<meta property=\"og:description\" content=\"Heutzutage ist Lepanto Marine eine ernste und wichtige Realit\u00e4t in der Welt des Motorbootfahren. &quot;Enjoy our boating passion&quot;, ist unser Motto und unsere Hauptst\u00e4rke. Der Kunde muss in der Lage sein unsere Erfahrung, die aus unserer Leidenschaft f\u00fcr Boote kommt, zu &quot;genie\u00dfen&quot;.\" \/>\n<meta property=\"og:url\" content=\"https:\/\/www.lepantomarine.it\/de\/\" \/>\n<meta property=\"og:site_name\" content=\"Lepanto Marine\" \/>\n<meta property=\"article:modified_time\" content=\"2024-03-21T10:49:28+00:00\" \/>\n<meta property=\"og:image\" content=\"https:\/\/www.tripadvisor.it\/img\/cdsi\/img2\/branding\/v2\/Tripadvisor_lockup_horizontal_secondary_registered-11900-2.svg\" \/>\n<meta name=\"twitter:card\" content=\"summary_large_image\" \/>\n<meta name=\"twitter:label1\" content=\"Gesch\u00e4tzte Lesezeit\" \/>\n\t<meta name=\"twitter:data1\" content=\"4 Minuten\" \/>\n<script type=\"application\/ld+json\" class=\"yoast-schema-graph\">{\"@context\":\"https:\/\/schema.org\",\"@graph\":[{\"@type\":\"WebPage\",\"@id\":\"https:\/\/www.lepantomarine.it\/de\/\",\"url\":\"https:\/\/www.lepantomarine.it\/de\/\",\"name\":\"Importeur und H\u00e4ndler und Bayliner Boote - Mercury Motoren\",\"isPartOf\":{\"@id\":\"https:\/\/www.lepantomarine.it\/en\/#website\"},\"primaryImageOfPage\":{\"@id\":\"https:\/\/www.lepantomarine.it\/de\/#primaryimage\"},\"image\":{\"@id\":\"https:\/\/www.lepantomarine.it\/de\/#primaryimage\"},\"thumbnailUrl\":\"https:\/\/www.tripadvisor.it\/img\/cdsi\/img2\/branding\/v2\/Tripadvisor_lockup_horizontal_secondary_registered-11900-2.svg\",\"datePublished\":\"2015-09-18T07:48:28+00:00\",\"dateModified\":\"2024-03-21T10:49:28+00:00\",\"description\":\"Heutzutage ist Lepanto Marine eine ernste und wichtige Realit\u00e4t in der Welt des Motorbootfahren. \\\"Enjoy our boating passion\\\", ist unser Motto und unsere Hauptst\u00e4rke. Der Kunde muss in der Lage sein unsere Erfahrung, die aus unserer Leidenschaft f\u00fcr Boote kommt, zu \\\"genie\u00dfen\\\".\",\"breadcrumb\":{\"@id\":\"https:\/\/www.lepantomarine.it\/de\/#breadcrumb\"},\"inLanguage\":\"de-DE\",\"potentialAction\":[{\"@type\":\"ReadAction\",\"target\":[\"https:\/\/www.lepantomarine.it\/de\/\"]}]},{\"@type\":\"ImageObject\",\"inLanguage\":\"de-DE\",\"@id\":\"https:\/\/www.lepantomarine.it\/de\/#primaryimage\",\"url\":\"https:\/\/www.tripadvisor.it\/img\/cdsi\/img2\/branding\/v2\/Tripadvisor_lockup_horizontal_secondary_registered-11900-2.svg\",\"contentUrl\":\"https:\/\/www.tripadvisor.it\/img\/cdsi\/img2\/branding\/v2\/Tripadvisor_lockup_horizontal_secondary_registered-11900-2.svg\"},{\"@type\":\"BreadcrumbList\",\"@id\":\"https:\/\/www.lepantomarine.it\/de\/#breadcrumb\",\"itemListElement\":[{\"@type\":\"ListItem\",\"position\":1,\"name\":\"Home\",\"item\":\"https:\/\/www.lepantomarine.it\/de\/\"},{\"@type\":\"ListItem\",\"position\":2,\"name\":\"Home\"}]},{\"@type\":\"WebSite\",\"@id\":\"https:\/\/www.lepantomarine.it\/en\/#website\",\"url\":\"https:\/\/www.lepantomarine.it\/en\/\",\"name\":\"Lepanto Marine\",\"description\":\"\",\"potentialAction\":[{\"@type\":\"SearchAction\",\"target\":{\"@type\":\"EntryPoint\",\"urlTemplate\":\"https:\/\/www.lepantomarine.it\/en\/?s={search_term_string}\"},\"query-input\":\"required name=search_term_string\"}],\"inLanguage\":\"de-DE\"}]}<\/script>\n<!-- \/ Yoast SEO plugin. -->","yoast_head_json":{"title":"Importeur und H\u00e4ndler und Bayliner Boote - Mercury Motoren","description":"Heutzutage ist Lepanto Marine eine ernste und wichtige Realit\u00e4t in der Welt des Motorbootfahren. \"Enjoy our boating passion\", ist unser Motto und unsere Hauptst\u00e4rke. Der Kunde muss in der Lage sein unsere Erfahrung, die aus unserer Leidenschaft f\u00fcr Boote kommt, zu \"genie\u00dfen\".","robots":{"index":"index","follow":"follow","max-snippet":"max-snippet:-1","max-image-preview":"max-image-preview:large","max-video-preview":"max-video-preview:-1"},"canonical":"https:\/\/www.lepantomarine.it\/de\/","og_locale":"de_DE","og_type":"article","og_title":"Importeur und H\u00e4ndler und Bayliner Boote - Mercury Motoren","og_description":"Heutzutage ist Lepanto Marine eine ernste und wichtige Realit\u00e4t in der Welt des Motorbootfahren. \"Enjoy our boating passion\", ist unser Motto und unsere Hauptst\u00e4rke. Der Kunde muss in der Lage sein unsere Erfahrung, die aus unserer Leidenschaft f\u00fcr Boote kommt, zu \"genie\u00dfen\".","og_url":"https:\/\/www.lepantomarine.it\/de\/","og_site_name":"Lepanto Marine","article_modified_time":"2024-03-21T10:49:28+00:00","og_image":[{"url":"https:\/\/www.tripadvisor.it\/img\/cdsi\/img2\/branding\/v2\/Tripadvisor_lockup_horizontal_secondary_registered-11900-2.svg"}],"twitter_card":"summary_large_image","twitter_misc":{"Gesch\u00e4tzte Lesezeit":"4 Minuten"},"schema":{"@context":"https:\/\/schema.org","@graph":[{"@type":"WebPage","@id":"https:\/\/www.lepantomarine.it\/de\/","url":"https:\/\/www.lepantomarine.it\/de\/","name":"Importeur und H\u00e4ndler und Bayliner Boote - Mercury Motoren","isPartOf":{"@id":"https:\/\/www.lepantomarine.it\/en\/#website"},"primaryImageOfPage":{"@id":"https:\/\/www.lepantomarine.it\/de\/#primaryimage"},"image":{"@id":"https:\/\/www.lepantomarine.it\/de\/#primaryimage"},"thumbnailUrl":"https:\/\/www.tripadvisor.it\/img\/cdsi\/img2\/branding\/v2\/Tripadvisor_lockup_horizontal_secondary_registered-11900-2.svg","datePublished":"2015-09-18T07:48:28+00:00","dateModified":"2024-03-21T10:49:28+00:00","description":"Heutzutage ist Lepanto Marine eine ernste und wichtige Realit\u00e4t in der Welt des Motorbootfahren. \"Enjoy our boating passion\", ist unser Motto und unsere Hauptst\u00e4rke. Der Kunde muss in der Lage sein unsere Erfahrung, die aus unserer Leidenschaft f\u00fcr Boote kommt, zu \"genie\u00dfen\".","breadcrumb":{"@id":"https:\/\/www.lepantomarine.it\/de\/#breadcrumb"},"inLanguage":"de-DE","potentialAction":[{"@type":"ReadAction","target":["https:\/\/www.lepantomarine.it\/de\/"]}]},{"@type":"ImageObject","inLanguage":"de-DE","@id":"https:\/\/www.lepantomarine.it\/de\/#primaryimage","url":"https:\/\/www.tripadvisor.it\/img\/cdsi\/img2\/branding\/v2\/Tripadvisor_lockup_horizontal_secondary_registered-11900-2.svg","contentUrl":"https:\/\/www.tripadvisor.it\/img\/cdsi\/img2\/branding\/v2\/Tripadvisor_lockup_horizontal_secondary_registered-11900-2.svg"},{"@type":"BreadcrumbList","@id":"https:\/\/www.lepantomarine.it\/de\/#breadcrumb","itemListElement":[{"@type":"ListItem","position":1,"name":"Home","item":"https:\/\/www.lepantomarine.it\/de\/"},{"@type":"ListItem","position":2,"name":"Home"}]},{"@type":"WebSite","@id":"https:\/\/www.lepantomarine.it\/en\/#website","url":"https:\/\/www.lepantomarine.it\/en\/","name":"Lepanto Marine","description":"","potentialAction":[{"@type":"SearchAction","target":{"@type":"EntryPoint","urlTemplate":"https:\/\/www.lepantomarine.it\/en\/?s={search_term_string}"},"query-input":"required name=search_term_string"}],"inLanguage":"de-DE"}]}},"_links":{"self":[{"href":"https:\/\/www.lepantomarine.it\/de\/wp-json\/wp\/v2\/pages\/1414","targetHints":{"allow":["GET"]}}],"collection":[{"href":"https:\/\/www.lepantomarine.it\/de\/wp-json\/wp\/v2\/pages"}],"about":[{"href":"https:\/\/www.lepantomarine.it\/de\/wp-json\/wp\/v2\/types\/page"}],"author":[{"embeddable":true,"href":"https:\/\/www.lepantomarine.it\/de\/wp-json\/wp\/v2\/users\/1"}],"replies":[{"embeddable":true,"href":"https:\/\/www.lepantomarine.it\/de\/wp-json\/wp\/v2\/comments?post=1414"}],"version-history":[{"count":37,"href":"https:\/\/www.lepantomarine.it\/de\/wp-json\/wp\/v2\/pages\/1414\/revisions"}],"predecessor-version":[{"id":20574,"href":"https:\/\/www.lepantomarine.it\/de\/wp-json\/wp\/v2\/pages\/1414\/revisions\/20574"}],"wp:attachment":[{"href":"https:\/\/www.lepantomarine.it\/de\/wp-json\/wp\/v2\/media?parent=1414"}],"curies":[{"name":"wp","href":"https:\/\/api.w.org\/{rel}","templated":true}]}}